{"id":3421,"date":"2025-05-21T16:45:24","date_gmt":"2025-05-21T14:45:24","guid":{"rendered":"https:\/\/arbrebalear.es\/home\/"},"modified":"2025-07-10T13:00:12","modified_gmt":"2025-07-10T11:00:12","slug":"home","status":"publish","type":"page","link":"https:\/\/arbrebalear.es\/es\/","title":{"rendered":"Home"},"content":{"rendered":"\t\t<div data-elementor-type=\"wp-page\" data-elementor-id=\"3421\" class=\"elementor elementor-3421 elementor-190\" data-elementor-post-type=\"page\">\n\t\t\t\t<div class=\"elementor-element elementor-element-63e1e7b e-con-full e-flex e-con e-parent\" data-id=\"63e1e7b\" data-element_type=\"container\">\n\t\t\t\t<div class=\"elementor-element elementor-element-1e8f863 elementor--h-position-center elementor--v-position-middle elementor-arrows-position-inside elementor-pagination-position-inside elementor-widget elementor-widget-slides\" data-id=\"1e8f863\" data-element_type=\"widget\" data-settings=\"{&quot;navigation&quot;:&quot;both&quot;,&quot;autoplay&quot;:&quot;yes&quot;,&quot;pause_on_hover&quot;:&quot;yes&quot;,&quot;pause_on_interaction&quot;:&quot;yes&quot;,&quot;autoplay_speed&quot;:5000,&quot;infinite&quot;:&quot;yes&quot;,&quot;transition&quot;:&quot;slide&quot;,&quot;transition_speed&quot;:500}\" data-widget_type=\"slides.default\">\n\t\t\t\t<div class=\"elementor-widget-container\">\n\t\t\t\t\t\t\t\t\t<div class=\"elementor-swiper\">\n\t\t\t\t\t<div class=\"elementor-slides-wrapper elementor-main-swiper swiper\" role=\"region\" aria-roledescription=\"carousel\" aria-label=\"slider-home\" dir=\"ltr\" data-animation=\"fadeInUp\">\n\t\t\t\t<div class=\"swiper-wrapper elementor-slides\">\n\t\t\t\t\t\t\t\t\t\t<div class=\"elementor-repeater-item-887267e swiper-slide\" role=\"group\" aria-roledescription=\"slide\"><div class=\"swiper-slide-bg\" role=\"img\"><\/div><div class=\"elementor-background-overlay\"><\/div><div class=\"swiper-slide-inner\" ><div class=\"swiper-slide-contents\"><div class=\"elementor-slide-heading\">Asociaci\u00f3n Balear del \u00c1rbol<\/div><\/div><\/div><\/div>\t\t\t\t<\/div>\n\t\t\t\t\t\t\t<\/div>\n\t\t\t\t<\/div>\n\t\t\t\t\t\t\t\t<\/div>\n\t\t\t\t<\/div>\n\t\t\t\t<\/div>\n\t\t<div class=\"elementor-element elementor-element-575fa46 e-flex e-con-boxed e-con e-parent\" data-id=\"575fa46\" data-element_type=\"container\">\n\t\t\t\t\t<div class=\"e-con-inner\">\n\t\t\t\t<div class=\"elementor-element elementor-element-d0f8a85 elementor-widget-divider--view-line elementor-widget elementor-widget-divider\" data-id=\"d0f8a85\" data-element_type=\"widget\" data-widget_type=\"divider.default\">\n\t\t\t\t<div class=\"elementor-widget-container\">\n\t\t\t\t\t\t\t<div class=\"elementor-divider\">\n\t\t\t<span class=\"elementor-divider-separator\">\n\t\t\t\t\t\t<\/span>\n\t\t<\/div>\n\t\t\t\t\t\t<\/div>\n\t\t\t\t<\/div>\n\t\t<div class=\"elementor-element elementor-element-5aed3c7 e-con-full e-grid e-con e-child\" data-id=\"5aed3c7\" data-element_type=\"container\">\n\t\t\t\t<div class=\"elementor-element elementor-element-59bef93 elementor-widget elementor-widget-text-editor\" data-id=\"59bef93\" data-element_type=\"widget\" data-widget_type=\"text-editor.default\">\n\t\t\t\t<div class=\"elementor-widget-container\">\n\t\t\t\t\t\t\t\t\t<h2>\u00bfQu\u00e9 es la Asociaci\u00f3n Balear del \u00c1rbol y por qu\u00e9 existimos?<\/h2><p>La Asociaci\u00f3n Balear del \u00c1rbol (ABA) es una entidad sin \u00e1nimo de lucro fundada en 2009 por profesionales y voluntarios comprometidos con<b> la protecci\u00f3n del patrimonio arb\u00f3reo de las Islas Baleares<\/b>. Nacemos de la necesidad urgente de frenar la p\u00e9rdida y degradaci\u00f3n de nuestros \u00e1rboles, tanto en <b>entornos urbanos como rurales.<\/b><\/p>\t\t\t\t\t\t\t\t<\/div>\n\t\t\t\t<\/div>\n\t\t\t\t<div class=\"elementor-element elementor-element-ec9ec1d elementor-widget elementor-widget-image\" data-id=\"ec9ec1d\" data-element_type=\"widget\" data-widget_type=\"image.default\">\n\t\t\t\t<div class=\"elementor-widget-container\">\n\t\t\t\t\t\t\t\t\t\t\t\t\t\t\t<img fetchpriority=\"high\" decoding=\"async\" width=\"600\" height=\"400\" src=\"https:\/\/arbrebalear.es\/wp-content\/uploads\/2025\/06\/aba.jpg\" class=\"attachment-large size-large wp-image-477\" alt=\"\" srcset=\"https:\/\/arbrebalear.es\/wp-content\/uploads\/2025\/06\/aba.jpg 600w, https:\/\/arbrebalear.es\/wp-content\/uploads\/2025\/06\/aba-300x200.jpg 300w\" sizes=\"(max-width: 600px) 100vw, 600px\" \/>\t\t\t\t\t\t\t\t\t\t\t\t\t\t\t<\/div>\n\t\t\t\t<\/div>\n\t\t\t\t<\/div>\n\t\t\t\t<div class=\"elementor-element elementor-element-a6511ad elementor-widget-divider--view-line elementor-widget elementor-widget-divider\" data-id=\"a6511ad\" data-element_type=\"widget\" data-widget_type=\"divider.default\">\n\t\t\t\t<div class=\"elementor-widget-container\">\n\t\t\t\t\t\t\t<div class=\"elementor-divider\">\n\t\t\t<span class=\"elementor-divider-separator\">\n\t\t\t\t\t\t<\/span>\n\t\t<\/div>\n\t\t\t\t\t\t<\/div>\n\t\t\t\t<\/div>\n\t\t\t\t\t<\/div>\n\t\t\t\t<\/div>\n\t\t<div class=\"elementor-element elementor-element-d884486 e-con-full e-flex e-con e-parent\" data-id=\"d884486\" data-element_type=\"container\" data-settings=\"{&quot;background_background&quot;:&quot;classic&quot;}\">\n\t\t<div class=\"elementor-element elementor-element-4675ba2 e-flex e-con-boxed e-con e-child\" data-id=\"4675ba2\" data-element_type=\"container\">\n\t\t\t\t\t<div class=\"e-con-inner\">\n\t\t<div class=\"elementor-element elementor-element-11ae622 e-grid e-con-full e-con e-child\" data-id=\"11ae622\" data-element_type=\"container\">\n\t\t\t\t<div class=\"elementor-element elementor-element-37a426a elementor-widget elementor-widget-image\" data-id=\"37a426a\" data-element_type=\"widget\" data-widget_type=\"image.default\">\n\t\t\t\t<div class=\"elementor-widget-container\">\n\t\t\t\t\t\t\t\t\t\t\t\t\t\t\t<img decoding=\"async\" width=\"600\" height=\"400\" src=\"https:\/\/arbrebalear.es\/wp-content\/uploads\/2025\/06\/arboricultura.jpg\" class=\"attachment-large size-large wp-image-480\" alt=\"\" srcset=\"https:\/\/arbrebalear.es\/wp-content\/uploads\/2025\/06\/arboricultura.jpg 600w, https:\/\/arbrebalear.es\/wp-content\/uploads\/2025\/06\/arboricultura-300x200.jpg 300w\" sizes=\"(max-width: 600px) 100vw, 600px\" \/>\t\t\t\t\t\t\t\t\t\t\t\t\t\t\t<\/div>\n\t\t\t\t<\/div>\n\t\t\t\t<div class=\"elementor-element elementor-element-48f9d6c elementor-widget elementor-widget-text-editor\" data-id=\"48f9d6c\" data-element_type=\"widget\" data-widget_type=\"text-editor.default\">\n\t\t\t\t<div class=\"elementor-widget-container\">\n\t\t\t\t\t\t\t\t\t<h2>\u00bfQu\u00e9 queremos conseguir?<\/h2><p>Nuestra misi\u00f3n es doble: por un lado, <strong>profesionalizar el sector de la arboricultura<\/strong> mediante formaci\u00f3n t\u00e9cnica, asesoramiento y creaci\u00f3n de redes de expertos; por otro,<strong> acercar el \u00e1rbol a la ciudadan\u00eda<\/strong>, fomentando el respeto, el conocimiento y la participaci\u00f3n activa en su conservaci\u00f3n. Promovemos buenas pr\u00e1cticas, seguridad laboral y una visi\u00f3n biof\u00edlica de las ciudades, donde la naturaleza y el bienestar humano van de la mano. Promovemos buenas pr\u00e1cticas, seguridad laboral y una visi\u00f3n biof\u00edlica de las ciudades, en las que la naturaleza y el bienestar humano van de la mano.<\/p>\t\t\t\t\t\t\t\t<\/div>\n\t\t\t\t<\/div>\n\t\t\t\t<\/div>\n\t\t\t\t\t<\/div>\n\t\t\t\t<\/div>\n\t\t\t\t<\/div>\n\t\t<div class=\"elementor-element elementor-element-7fcda4e e-flex e-con-boxed e-con e-parent\" data-id=\"7fcda4e\" data-element_type=\"container\">\n\t\t\t\t\t<div class=\"e-con-inner\">\n\t\t\t\t<div class=\"elementor-element elementor-element-fb3e797 elementor-widget elementor-widget-spacer\" data-id=\"fb3e797\" data-element_type=\"widget\" data-widget_type=\"spacer.default\">\n\t\t\t\t<div class=\"elementor-widget-container\">\n\t\t\t\t\t\t\t<div class=\"elementor-spacer\">\n\t\t\t<div class=\"elementor-spacer-inner\"><\/div>\n\t\t<\/div>\n\t\t\t\t\t\t<\/div>\n\t\t\t\t<\/div>\n\t\t\t\t\t<\/div>\n\t\t\t\t<\/div>\n\t\t<div class=\"elementor-element elementor-element-7246462 e-flex e-con-boxed e-con e-parent\" data-id=\"7246462\" data-element_type=\"container\">\n\t\t\t\t\t<div class=\"e-con-inner\">\n\t\t<div class=\"elementor-element elementor-element-83b95b0 e-con-full e-flex e-con e-child\" data-id=\"83b95b0\" data-element_type=\"container\">\n\t\t\t\t<div class=\"elementor-element elementor-element-80dccce elementor-cta--skin-cover elementor-cta--valign-middle elementor-animated-content elementor-bg-transform elementor-bg-transform-zoom-in elementor-widget elementor-widget-call-to-action\" data-id=\"80dccce\" data-element_type=\"widget\" data-widget_type=\"call-to-action.default\">\n\t\t\t\t<div class=\"elementor-widget-container\">\n\t\t\t\t\t\t\t<div class=\"elementor-cta\">\n\t\t\t\t\t<div class=\"elementor-cta__bg-wrapper\">\n\t\t\t\t<div class=\"elementor-cta__bg elementor-bg\" style=\"background-image: url(https:\/\/arbrebalear.es\/wp-content\/uploads\/2025\/06\/fondo-donaciones-1024x410.jpg);\" role=\"img\" aria-label=\"fondo-donaciones\"><\/div>\n\t\t\t\t<div class=\"elementor-cta__bg-overlay\"><\/div>\n\t\t\t<\/div>\n\t\t\t\t\t\t\t<div class=\"elementor-cta__content\">\n\t\t\t\t\n\t\t\t\t\t\t\t\t\t<h2 class=\"elementor-cta__title elementor-cta__content-item elementor-content-item elementor-animated-item--grow\">\n\t\t\t\t\t\tSi quieres ayudarnos a proteger los \u00e1rboles de nuestras islas, hazte socio\/a\t\t\t\t\t<\/h2>\n\t\t\t\t\n\t\t\t\t\n\t\t\t\t\t\t\t\t\t<div class=\"elementor-cta__button-wrapper elementor-cta__content-item elementor-content-item elementor-animated-item--grow\">\n\t\t\t\t\t<a class=\"elementor-cta__button elementor-button elementor-size-\" href=\"https:\/\/arbrebalear.es\/es\/hazte-socio\/\">\n\t\t\t\t\t\tHazte socio\/a\t\t\t\t\t<\/a>\n\t\t\t\t\t<\/div>\n\t\t\t\t\t\t\t<\/div>\n\t\t\t\t\t\t<\/div>\n\t\t\t\t\t\t<\/div>\n\t\t\t\t<\/div>\n\t\t\t\t<\/div>\n\t\t\t\t\t<\/div>\n\t\t\t\t<\/div>\n\t\t<div class=\"elementor-element elementor-element-ca32fd9 e-flex e-con-boxed e-con e-parent\" data-id=\"ca32fd9\" data-element_type=\"container\">\n\t\t\t\t\t<div class=\"e-con-inner\">\n\t\t\t\t<div class=\"elementor-element elementor-element-60df042 elementor-widget elementor-widget-spacer\" data-id=\"60df042\" data-element_type=\"widget\" data-widget_type=\"spacer.default\">\n\t\t\t\t<div class=\"elementor-widget-container\">\n\t\t\t\t\t\t\t<div class=\"elementor-spacer\">\n\t\t\t<div class=\"elementor-spacer-inner\"><\/div>\n\t\t<\/div>\n\t\t\t\t\t\t<\/div>\n\t\t\t\t<\/div>\n\t\t\t\t<div class=\"elementor-element elementor-element-a2f1ee8 elementor-widget elementor-widget-heading\" data-id=\"a2f1ee8\" data-element_type=\"widget\" data-widget_type=\"heading.default\">\n\t\t\t\t<div class=\"elementor-widget-container\">\n\t\t\t\t\t<h2 class=\"elementor-heading-title elementor-size-default\">\u00daltimas novedades del proyecto<\/h2>\t\t\t\t<\/div>\n\t\t\t\t<\/div>\n\t\t\t\t\t<\/div>\n\t\t\t\t<\/div>\n\t\t<div class=\"elementor-element elementor-element-9636464 e-flex e-con-boxed e-con e-parent\" data-id=\"9636464\" data-element_type=\"container\">\n\t\t\t\t\t<div class=\"e-con-inner\">\n\t\t\t\t<div class=\"elementor-element elementor-element-9a0c026 elementor-align-center elementor-widget elementor-widget-button\" data-id=\"9a0c026\" data-element_type=\"widget\" data-widget_type=\"button.default\">\n\t\t\t\t<div class=\"elementor-widget-container\">\n\t\t\t\t\t\t\t\t\t<div class=\"elementor-button-wrapper\">\n\t\t\t\t\t<a class=\"elementor-button elementor-button-link elementor-size-sm\" href=\"https:\/\/arbrebalear.es\/es\/blog\/\">\n\t\t\t\t\t\t<span class=\"elementor-button-content-wrapper\">\n\t\t\t\t\t\t\t\t\t<span class=\"elementor-button-text\">Ver m\u00e1s<\/span>\n\t\t\t\t\t<\/span>\n\t\t\t\t\t<\/a>\n\t\t\t\t<\/div>\n\t\t\t\t\t\t\t\t<\/div>\n\t\t\t\t<\/div>\n\t\t\t\t\t<\/div>\n\t\t\t\t<\/div>\n\t\t<div class=\"elementor-element elementor-element-34587f0 e-flex e-con-boxed e-con e-parent\" data-id=\"34587f0\" data-element_type=\"container\">\n\t\t\t\t\t<div class=\"e-con-inner\">\n\t\t\t\t\t<\/div>\n\t\t\t\t<\/div>\n\t\t\t\t<\/div>\n\t\t","protected":false},"excerpt":{"rendered":"<p>Asociaci\u00f3n Balear del \u00c1rbol \u00bfQu\u00e9 es la Asociaci\u00f3n Balear del \u00c1rbol y por qu\u00e9 existimos? La Asociaci\u00f3n Balear del \u00c1rbol (ABA) es una entidad sin \u00e1nimo de lucro fundada en 2009 por profesionales y voluntarios comprometidos con la protecci\u00f3n del patrimonio arb\u00f3reo de las Islas Baleares. Nacemos de la necesidad urgente de frenar la p\u00e9rdida [&hellip;]<\/p>\n","protected":false},"author":1,"featured_media":0,"parent":0,"menu_order":0,"comment_status":"closed","ping_status":"closed","template":"","meta":{"footnotes":""},"class_list":["post-3421","page","type-page","status-publish","hentry"],"yoast_head":"<!-- This site is optimized with the Yoast SEO plugin v27.0 - https:\/\/yoast.com\/product\/yoast-seo-wordpress\/ -->\n<title>Home - Associaci\u00f3 Balear de l\u2019Arbre (ABA)<\/title>\n<meta name=\"robots\" content=\"index, follow, max-snippet:-1, max-image-preview:large, max-video-preview:-1\" \/>\n<link rel=\"canonical\" href=\"https:\/\/arbrebalear.es\/es\/\" \/>\n<meta property=\"og:locale\" content=\"es_ES\" \/>\n<meta property=\"og:type\" content=\"article\" \/>\n<meta property=\"og:title\" content=\"Home - Associaci\u00f3 Balear de l\u2019Arbre (ABA)\" \/>\n<meta property=\"og:description\" content=\"Asociaci\u00f3n Balear del \u00c1rbol \u00bfQu\u00e9 es la Asociaci\u00f3n Balear del \u00c1rbol y por qu\u00e9 existimos? La Asociaci\u00f3n Balear del \u00c1rbol (ABA) es una entidad sin \u00e1nimo de lucro fundada en 2009 por profesionales y voluntarios comprometidos con la protecci\u00f3n del patrimonio arb\u00f3reo de las Islas Baleares. Nacemos de la necesidad urgente de frenar la p\u00e9rdida [&hellip;]\" \/>\n<meta property=\"og:url\" content=\"https:\/\/arbrebalear.es\/es\/\" \/>\n<meta property=\"og:site_name\" content=\"Associaci\u00f3 Balear de l\u2019Arbre (ABA)\" \/>\n<meta property=\"article:modified_time\" content=\"2025-07-10T11:00:12+00:00\" \/>\n<meta property=\"og:image\" content=\"https:\/\/arbrebalear.es\/wp-content\/uploads\/2025\/06\/aba.jpg\" \/>\n\t<meta property=\"og:image:width\" content=\"600\" \/>\n\t<meta property=\"og:image:height\" content=\"400\" \/>\n\t<meta property=\"og:image:type\" content=\"image\/jpeg\" \/>\n<meta name=\"twitter:card\" content=\"summary_large_image\" \/>\n<meta name=\"twitter:label1\" content=\"Tiempo de lectura\" \/>\n\t<meta name=\"twitter:data1\" content=\"4 minutos\" \/>\n<script type=\"application\/ld+json\" class=\"yoast-schema-graph\">{\"@context\":\"https:\/\/schema.org\",\"@graph\":[{\"@type\":\"WebPage\",\"@id\":\"https:\/\/arbrebalear.es\/es\/\",\"url\":\"https:\/\/arbrebalear.es\/es\/\",\"name\":\"Home - Associaci\u00f3 Balear de l\u2019Arbre (ABA)\",\"isPartOf\":{\"@id\":\"https:\/\/arbrebalear.es\/es\/#website\"},\"primaryImageOfPage\":{\"@id\":\"https:\/\/arbrebalear.es\/es\/#primaryimage\"},\"image\":{\"@id\":\"https:\/\/arbrebalear.es\/es\/#primaryimage\"},\"thumbnailUrl\":\"https:\/\/arbrebalear.es\/wp-content\/uploads\/2025\/06\/aba.jpg\",\"datePublished\":\"2025-05-21T14:45:24+00:00\",\"dateModified\":\"2025-07-10T11:00:12+00:00\",\"breadcrumb\":{\"@id\":\"https:\/\/arbrebalear.es\/es\/#breadcrumb\"},\"inLanguage\":\"es\",\"potentialAction\":[{\"@type\":\"ReadAction\",\"target\":[\"https:\/\/arbrebalear.es\/es\/\"]}]},{\"@type\":\"ImageObject\",\"inLanguage\":\"es\",\"@id\":\"https:\/\/arbrebalear.es\/es\/#primaryimage\",\"url\":\"https:\/\/arbrebalear.es\/wp-content\/uploads\/2025\/06\/aba.jpg\",\"contentUrl\":\"https:\/\/arbrebalear.es\/wp-content\/uploads\/2025\/06\/aba.jpg\"},{\"@type\":\"BreadcrumbList\",\"@id\":\"https:\/\/arbrebalear.es\/es\/#breadcrumb\",\"itemListElement\":[{\"@type\":\"ListItem\",\"position\":1,\"name\":\"Portada\",\"item\":\"https:\/\/arbrebalear.es\/es\/\"},{\"@type\":\"ListItem\",\"position\":2,\"name\":\"Home\"}]},{\"@type\":\"WebSite\",\"@id\":\"https:\/\/arbrebalear.es\/es\/#website\",\"url\":\"https:\/\/arbrebalear.es\/es\/\",\"name\":\"ABA\",\"description\":\"L\u2019Associaci\u00f3 Balear de l\u2019Arbre (ABA) \u00e9s una entitat sense \u00e0nim de lucre creada l\u2019any 2009 per un grup de professionals de l\u2019arboricultura units per una mateixa preocupaci\u00f3: la p\u00e8rdua i degradaci\u00f3 del patrimoni arbori de les Illes Balears.\",\"publisher\":{\"@id\":\"https:\/\/arbrebalear.es\/es\/#organization\"},\"potentialAction\":[{\"@type\":\"SearchAction\",\"target\":{\"@type\":\"EntryPoint\",\"urlTemplate\":\"https:\/\/arbrebalear.es\/es\/?s={search_term_string}\"},\"query-input\":{\"@type\":\"PropertyValueSpecification\",\"valueRequired\":true,\"valueName\":\"search_term_string\"}}],\"inLanguage\":\"es\"},{\"@type\":\"Organization\",\"@id\":\"https:\/\/arbrebalear.es\/es\/#organization\",\"name\":\"ABA\",\"url\":\"https:\/\/arbrebalear.es\/es\/\",\"logo\":{\"@type\":\"ImageObject\",\"inLanguage\":\"es\",\"@id\":\"https:\/\/arbrebalear.es\/es\/#\/schema\/logo\/image\/\",\"url\":\"https:\/\/arbrebalear.es\/wp-content\/uploads\/2025\/05\/cropped-aba-logo.webp\",\"contentUrl\":\"https:\/\/arbrebalear.es\/wp-content\/uploads\/2025\/05\/cropped-aba-logo.webp\",\"width\":215,\"height\":162,\"caption\":\"ABA\"},\"image\":{\"@id\":\"https:\/\/arbrebalear.es\/es\/#\/schema\/logo\/image\/\"}}]}<\/script>\n<!-- \/ Yoast SEO plugin. -->","yoast_head_json":{"title":"Home - Associaci\u00f3 Balear de l\u2019Arbre (ABA)","robots":{"index":"index","follow":"follow","max-snippet":"max-snippet:-1","max-image-preview":"max-image-preview:large","max-video-preview":"max-video-preview:-1"},"canonical":"https:\/\/arbrebalear.es\/es\/","og_locale":"es_ES","og_type":"article","og_title":"Home - Associaci\u00f3 Balear de l\u2019Arbre (ABA)","og_description":"Asociaci\u00f3n Balear del \u00c1rbol \u00bfQu\u00e9 es la Asociaci\u00f3n Balear del \u00c1rbol y por qu\u00e9 existimos? La Asociaci\u00f3n Balear del \u00c1rbol (ABA) es una entidad sin \u00e1nimo de lucro fundada en 2009 por profesionales y voluntarios comprometidos con la protecci\u00f3n del patrimonio arb\u00f3reo de las Islas Baleares. Nacemos de la necesidad urgente de frenar la p\u00e9rdida [&hellip;]","og_url":"https:\/\/arbrebalear.es\/es\/","og_site_name":"Associaci\u00f3 Balear de l\u2019Arbre (ABA)","article_modified_time":"2025-07-10T11:00:12+00:00","og_image":[{"width":600,"height":400,"url":"https:\/\/arbrebalear.es\/wp-content\/uploads\/2025\/06\/aba.jpg","type":"image\/jpeg"}],"twitter_card":"summary_large_image","twitter_misc":{"Tiempo de lectura":"4 minutos"},"schema":{"@context":"https:\/\/schema.org","@graph":[{"@type":"WebPage","@id":"https:\/\/arbrebalear.es\/es\/","url":"https:\/\/arbrebalear.es\/es\/","name":"Home - Associaci\u00f3 Balear de l\u2019Arbre (ABA)","isPartOf":{"@id":"https:\/\/arbrebalear.es\/es\/#website"},"primaryImageOfPage":{"@id":"https:\/\/arbrebalear.es\/es\/#primaryimage"},"image":{"@id":"https:\/\/arbrebalear.es\/es\/#primaryimage"},"thumbnailUrl":"https:\/\/arbrebalear.es\/wp-content\/uploads\/2025\/06\/aba.jpg","datePublished":"2025-05-21T14:45:24+00:00","dateModified":"2025-07-10T11:00:12+00:00","breadcrumb":{"@id":"https:\/\/arbrebalear.es\/es\/#breadcrumb"},"inLanguage":"es","potentialAction":[{"@type":"ReadAction","target":["https:\/\/arbrebalear.es\/es\/"]}]},{"@type":"ImageObject","inLanguage":"es","@id":"https:\/\/arbrebalear.es\/es\/#primaryimage","url":"https:\/\/arbrebalear.es\/wp-content\/uploads\/2025\/06\/aba.jpg","contentUrl":"https:\/\/arbrebalear.es\/wp-content\/uploads\/2025\/06\/aba.jpg"},{"@type":"BreadcrumbList","@id":"https:\/\/arbrebalear.es\/es\/#breadcrumb","itemListElement":[{"@type":"ListItem","position":1,"name":"Portada","item":"https:\/\/arbrebalear.es\/es\/"},{"@type":"ListItem","position":2,"name":"Home"}]},{"@type":"WebSite","@id":"https:\/\/arbrebalear.es\/es\/#website","url":"https:\/\/arbrebalear.es\/es\/","name":"ABA","description":"L\u2019Associaci\u00f3 Balear de l\u2019Arbre (ABA) \u00e9s una entitat sense \u00e0nim de lucre creada l\u2019any 2009 per un grup de professionals de l\u2019arboricultura units per una mateixa preocupaci\u00f3: la p\u00e8rdua i degradaci\u00f3 del patrimoni arbori de les Illes Balears.","publisher":{"@id":"https:\/\/arbrebalear.es\/es\/#organization"},"potentialAction":[{"@type":"SearchAction","target":{"@type":"EntryPoint","urlTemplate":"https:\/\/arbrebalear.es\/es\/?s={search_term_string}"},"query-input":{"@type":"PropertyValueSpecification","valueRequired":true,"valueName":"search_term_string"}}],"inLanguage":"es"},{"@type":"Organization","@id":"https:\/\/arbrebalear.es\/es\/#organization","name":"ABA","url":"https:\/\/arbrebalear.es\/es\/","logo":{"@type":"ImageObject","inLanguage":"es","@id":"https:\/\/arbrebalear.es\/es\/#\/schema\/logo\/image\/","url":"https:\/\/arbrebalear.es\/wp-content\/uploads\/2025\/05\/cropped-aba-logo.webp","contentUrl":"https:\/\/arbrebalear.es\/wp-content\/uploads\/2025\/05\/cropped-aba-logo.webp","width":215,"height":162,"caption":"ABA"},"image":{"@id":"https:\/\/arbrebalear.es\/es\/#\/schema\/logo\/image\/"}}]}},"_links":{"self":[{"href":"https:\/\/arbrebalear.es\/es\/wp-json\/wp\/v2\/pages\/3421","targetHints":{"allow":["GET"]}}],"collection":[{"href":"https:\/\/arbrebalear.es\/es\/wp-json\/wp\/v2\/pages"}],"about":[{"href":"https:\/\/arbrebalear.es\/es\/wp-json\/wp\/v2\/types\/page"}],"author":[{"embeddable":true,"href":"https:\/\/arbrebalear.es\/es\/wp-json\/wp\/v2\/users\/1"}],"replies":[{"embeddable":true,"href":"https:\/\/arbrebalear.es\/es\/wp-json\/wp\/v2\/comments?post=3421"}],"version-history":[{"count":5,"href":"https:\/\/arbrebalear.es\/es\/wp-json\/wp\/v2\/pages\/3421\/revisions"}],"predecessor-version":[{"id":3528,"href":"https:\/\/arbrebalear.es\/es\/wp-json\/wp\/v2\/pages\/3421\/revisions\/3528"}],"wp:attachment":[{"href":"https:\/\/arbrebalear.es\/es\/wp-json\/wp\/v2\/media?parent=3421"}],"curies":[{"name":"wp","href":"https:\/\/api.w.org\/{rel}","templated":true}]}}