{"id":3430,"date":"2025-06-06T08:19:43","date_gmt":"2025-06-06T06:19:43","guid":{"rendered":"https:\/\/arbrebalear.es\/fes-te-soci\/"},"modified":"2025-07-10T14:03:48","modified_gmt":"2025-07-10T12:03:48","slug":"hazte-socio","status":"publish","type":"page","link":"https:\/\/arbrebalear.es\/es\/hazte-socio\/","title":{"rendered":"Hazte socio"},"content":{"rendered":"<p>Hazte socio\/a o colabora con ABA\t\t\t\t<\/p>\n<h2>\u00bfPor qu\u00e9 hacerte socio\/a de la Asociaci\u00f3n Balear del \u00c1rbol?<\/h2>\n<p> Porque los \u00e1rboles no tienen voz, pero t\u00fa s\u00ed. Hacerse socio o colaborar con ABA es una forma activa y consciente de proteger nuestros \u00e1rboles y cultivar una sociedad m\u00e1s conectada con la naturaleza. \t\t<\/p>\n<h3>Con tu apoyo podr\u00e1s:<\/h3>\n<ul>\n<li>Contribuir al desarrollo de una conciencia ambiental m\u00e1s profunda<\/li>\n<li>Disfrutar de descuentos en actividades como formaciones t\u00e9cnicas, ba\u00f1os de bosque, paseos interpretativos o visitas a jardines\u2026<\/li>\n<li>Mantenerte al d\u00eda de todas nuestras acciones de conservaci\u00f3n y divulgaci\u00f3n<\/li>\n<li>Aprender sobre buenas pr\u00e1cticas de cuidado del arbolado ornamental<\/li>\n<li>Formar parte de una comunidad comprometida con los \u00e1rboles y la biodiversidad<\/li>\n<\/ul>\n<p>\t\t\t\t\t\t\t\t\t\t\t\t\t\t\t<img fetchpriority=\"high\" decoding=\"async\" width=\"600\" height=\"400\" src=\"https:\/\/arbrebalear.es\/wp-content\/uploads\/2025\/06\/educacion-ambiental.jpg\" alt=\"\" srcset=\"https:\/\/arbrebalear.es\/wp-content\/uploads\/2025\/06\/educacion-ambiental.jpg 600w, https:\/\/arbrebalear.es\/wp-content\/uploads\/2025\/06\/educacion-ambiental-300x200.jpg 300w\" sizes=\"(max-width: 600px) 100vw, 600px\" \/>\t\t\t\t\t\t\t\t\t\t\t\t\t\t\t<\/p>\n<h2>Modalidades de socios\/as y colaboradores:<\/h2>\n<h4>Simpatizante<\/h4>\n<p>Cada granito cuenta.<\/p>\n<h5>Aportaci\u00f3n libre a partir de 20\u20ac.<\/h5>\n<p>\t\t\t\t\t<a href=\"https:\/\/arbrebalear.es\/cursos\/simpatitzant\/\"><br \/>\n\t\t\t\t\t\t\t\t\tHaz clic aqu\u00ed<br \/>\n\t\t\t\t\t<\/a><\/p>\n<h4> Socio colaborador<\/h4>\n<p>Estar\u00e1s informado\/a de todas nuestras actividades y campa\u00f1as.<\/p>\n<h5>20 \u20ac\/a\u00f1o<\/h5>\n<p>\t\t\t\t\t<a href=\"https:\/\/arbrebalear.es\/es\/formulario-de-socio\/\"><br \/>\n\t\t\t\t\t\t\t\t\tHaz clic aqu\u00ed<br \/>\n\t\t\t\t\t<\/a><\/p>\n<h4>Socio numerario<\/h4>\n<p>Adem\u00e1s, obtendr\u00e1s descuentos en cursos y actividades sociales.<\/p>\n<h5>40 \u20ac\/a\u00f1o<\/h5>\n<p>\t\t\t\t\t<a href=\"https:\/\/arbrebalear.es\/es\/formulario-de-socio\/\"><br \/>\n\t\t\t\t\t\t\t\t\tHaz clic aqu\u00ed<br \/>\n\t\t\t\t\t<\/a><\/p>\n<h4>Colaborador de proyectos<\/h4>\n<p>Para quienes quieren impulsar iniciativas concretas.<\/p>\n<h5>a partir de 150 \u20ac<\/h5>\n<p>\t\t\t\t\t<a href=\"#\"><br \/>\n\t\t\t\t\t\t\t\t\tHaz clic aqu\u00ed<br \/>\n\t\t\t\t\t<\/a><\/p>\n<h4>Empresas<\/h4>\n<p>Si tu empresa busca proyectos que encajen con sus objetivos de RSC\/ESG, cont\u00e1ctanos. Podemos crear sinergias transformadoras.<\/p>\n<p>\t\t\t\t\t<a href=\"https:\/\/arbrebalear.es\/es\/contacto\/\"><br \/>\n\t\t\t\t\t\t\t\t\tHaz clic aqu\u00ed<br \/>\n\t\t\t\t\t<\/a><\/p>\n<h2>Apoya con tu voz, tu acci\u00f3n y tu compromiso. Los \u00e1rboles te lo agradecer\u00e1n.<\/h2>\n","protected":false},"excerpt":{"rendered":"<p>Hazte socio\/a o colabora con ABA \u00bfPor qu\u00e9 hacerte socio\/a de la Asociaci\u00f3n Balear del \u00c1rbol? Porque los \u00e1rboles no tienen voz, pero t\u00fa s\u00ed. Hacerse socio o colaborar con ABA es una forma activa y consciente de proteger nuestros \u00e1rboles y cultivar una sociedad m\u00e1s conectada con la naturaleza. Con tu apoyo podr\u00e1s: Contribuir [&hellip;]<\/p>\n","protected":false},"author":1,"featured_media":0,"parent":0,"menu_order":0,"comment_status":"closed","ping_status":"closed","template":"","meta":{"footnotes":""},"class_list":["post-3430","page","type-page","status-publish","hentry"],"yoast_head":"<!-- This site is optimized with the Yoast SEO plugin v27.0 - https:\/\/yoast.com\/product\/yoast-seo-wordpress\/ -->\n<title>Hazte socio - Associaci\u00f3 Balear de l\u2019Arbre (ABA)<\/title>\n<meta name=\"robots\" content=\"index, follow, max-snippet:-1, max-image-preview:large, max-video-preview:-1\" \/>\n<link rel=\"canonical\" href=\"https:\/\/arbrebalear.es\/es\/hazte-socio\/\" \/>\n<meta property=\"og:locale\" content=\"es_ES\" \/>\n<meta property=\"og:type\" content=\"article\" \/>\n<meta property=\"og:title\" content=\"Hazte socio - Associaci\u00f3 Balear de l\u2019Arbre (ABA)\" \/>\n<meta property=\"og:description\" content=\"Hazte socio\/a o colabora con ABA \u00bfPor qu\u00e9 hacerte socio\/a de la Asociaci\u00f3n Balear del \u00c1rbol? Porque los \u00e1rboles no tienen voz, pero t\u00fa s\u00ed. Hacerse socio o colaborar con ABA es una forma activa y consciente de proteger nuestros \u00e1rboles y cultivar una sociedad m\u00e1s conectada con la naturaleza. Con tu apoyo podr\u00e1s: Contribuir [&hellip;]\" \/>\n<meta property=\"og:url\" content=\"https:\/\/arbrebalear.es\/es\/hazte-socio\/\" \/>\n<meta property=\"og:site_name\" content=\"Associaci\u00f3 Balear de l\u2019Arbre (ABA)\" \/>\n<meta property=\"article:modified_time\" content=\"2025-07-10T12:03:48+00:00\" \/>\n<meta property=\"og:image\" content=\"https:\/\/arbrebalear.es\/wp-content\/uploads\/2025\/06\/educacion-ambiental.jpg\" \/>\n\t<meta property=\"og:image:width\" content=\"600\" \/>\n\t<meta property=\"og:image:height\" content=\"400\" \/>\n\t<meta property=\"og:image:type\" content=\"image\/jpeg\" \/>\n<meta name=\"twitter:card\" content=\"summary_large_image\" \/>\n<meta name=\"twitter:label1\" content=\"Tiempo de lectura\" \/>\n\t<meta name=\"twitter:data1\" content=\"2 minutos\" \/>\n<script type=\"application\/ld+json\" class=\"yoast-schema-graph\">{\"@context\":\"https:\/\/schema.org\",\"@graph\":[{\"@type\":\"WebPage\",\"@id\":\"https:\/\/arbrebalear.es\/es\/hazte-socio\/\",\"url\":\"https:\/\/arbrebalear.es\/es\/hazte-socio\/\",\"name\":\"Hazte socio - Associaci\u00f3 Balear de l\u2019Arbre (ABA)\",\"isPartOf\":{\"@id\":\"https:\/\/arbrebalear.es\/es\/#website\"},\"primaryImageOfPage\":{\"@id\":\"https:\/\/arbrebalear.es\/es\/hazte-socio\/#primaryimage\"},\"image\":{\"@id\":\"https:\/\/arbrebalear.es\/es\/hazte-socio\/#primaryimage\"},\"thumbnailUrl\":\"https:\/\/arbrebalear.es\/wp-content\/uploads\/2025\/06\/educacion-ambiental.jpg\",\"datePublished\":\"2025-06-06T06:19:43+00:00\",\"dateModified\":\"2025-07-10T12:03:48+00:00\",\"breadcrumb\":{\"@id\":\"https:\/\/arbrebalear.es\/es\/hazte-socio\/#breadcrumb\"},\"inLanguage\":\"es\",\"potentialAction\":[{\"@type\":\"ReadAction\",\"target\":[\"https:\/\/arbrebalear.es\/es\/hazte-socio\/\"]}]},{\"@type\":\"ImageObject\",\"inLanguage\":\"es\",\"@id\":\"https:\/\/arbrebalear.es\/es\/hazte-socio\/#primaryimage\",\"url\":\"https:\/\/arbrebalear.es\/wp-content\/uploads\/2025\/06\/educacion-ambiental.jpg\",\"contentUrl\":\"https:\/\/arbrebalear.es\/wp-content\/uploads\/2025\/06\/educacion-ambiental.jpg\"},{\"@type\":\"BreadcrumbList\",\"@id\":\"https:\/\/arbrebalear.es\/es\/hazte-socio\/#breadcrumb\",\"itemListElement\":[{\"@type\":\"ListItem\",\"position\":1,\"name\":\"Portada\",\"item\":\"https:\/\/arbrebalear.es\/es\/\"},{\"@type\":\"ListItem\",\"position\":2,\"name\":\"Hazte socio\"}]},{\"@type\":\"WebSite\",\"@id\":\"https:\/\/arbrebalear.es\/es\/#website\",\"url\":\"https:\/\/arbrebalear.es\/es\/\",\"name\":\"ABA\",\"description\":\"L\u2019Associaci\u00f3 Balear de l\u2019Arbre (ABA) \u00e9s una entitat sense \u00e0nim de lucre creada l\u2019any 2009 per un grup de professionals de l\u2019arboricultura units per una mateixa preocupaci\u00f3: la p\u00e8rdua i degradaci\u00f3 del patrimoni arbori de les Illes Balears.\",\"publisher\":{\"@id\":\"https:\/\/arbrebalear.es\/es\/#organization\"},\"potentialAction\":[{\"@type\":\"SearchAction\",\"target\":{\"@type\":\"EntryPoint\",\"urlTemplate\":\"https:\/\/arbrebalear.es\/es\/?s={search_term_string}\"},\"query-input\":{\"@type\":\"PropertyValueSpecification\",\"valueRequired\":true,\"valueName\":\"search_term_string\"}}],\"inLanguage\":\"es\"},{\"@type\":\"Organization\",\"@id\":\"https:\/\/arbrebalear.es\/es\/#organization\",\"name\":\"ABA\",\"url\":\"https:\/\/arbrebalear.es\/es\/\",\"logo\":{\"@type\":\"ImageObject\",\"inLanguage\":\"es\",\"@id\":\"https:\/\/arbrebalear.es\/es\/#\/schema\/logo\/image\/\",\"url\":\"https:\/\/arbrebalear.es\/wp-content\/uploads\/2025\/05\/cropped-aba-logo.webp\",\"contentUrl\":\"https:\/\/arbrebalear.es\/wp-content\/uploads\/2025\/05\/cropped-aba-logo.webp\",\"width\":215,\"height\":162,\"caption\":\"ABA\"},\"image\":{\"@id\":\"https:\/\/arbrebalear.es\/es\/#\/schema\/logo\/image\/\"}}]}<\/script>\n<!-- \/ Yoast SEO plugin. -->","yoast_head_json":{"title":"Hazte socio - Associaci\u00f3 Balear de l\u2019Arbre (ABA)","robots":{"index":"index","follow":"follow","max-snippet":"max-snippet:-1","max-image-preview":"max-image-preview:large","max-video-preview":"max-video-preview:-1"},"canonical":"https:\/\/arbrebalear.es\/es\/hazte-socio\/","og_locale":"es_ES","og_type":"article","og_title":"Hazte socio - Associaci\u00f3 Balear de l\u2019Arbre (ABA)","og_description":"Hazte socio\/a o colabora con ABA \u00bfPor qu\u00e9 hacerte socio\/a de la Asociaci\u00f3n Balear del \u00c1rbol? Porque los \u00e1rboles no tienen voz, pero t\u00fa s\u00ed. Hacerse socio o colaborar con ABA es una forma activa y consciente de proteger nuestros \u00e1rboles y cultivar una sociedad m\u00e1s conectada con la naturaleza. Con tu apoyo podr\u00e1s: Contribuir [&hellip;]","og_url":"https:\/\/arbrebalear.es\/es\/hazte-socio\/","og_site_name":"Associaci\u00f3 Balear de l\u2019Arbre (ABA)","article_modified_time":"2025-07-10T12:03:48+00:00","og_image":[{"width":600,"height":400,"url":"https:\/\/arbrebalear.es\/wp-content\/uploads\/2025\/06\/educacion-ambiental.jpg","type":"image\/jpeg"}],"twitter_card":"summary_large_image","twitter_misc":{"Tiempo de lectura":"2 minutos"},"schema":{"@context":"https:\/\/schema.org","@graph":[{"@type":"WebPage","@id":"https:\/\/arbrebalear.es\/es\/hazte-socio\/","url":"https:\/\/arbrebalear.es\/es\/hazte-socio\/","name":"Hazte socio - Associaci\u00f3 Balear de l\u2019Arbre (ABA)","isPartOf":{"@id":"https:\/\/arbrebalear.es\/es\/#website"},"primaryImageOfPage":{"@id":"https:\/\/arbrebalear.es\/es\/hazte-socio\/#primaryimage"},"image":{"@id":"https:\/\/arbrebalear.es\/es\/hazte-socio\/#primaryimage"},"thumbnailUrl":"https:\/\/arbrebalear.es\/wp-content\/uploads\/2025\/06\/educacion-ambiental.jpg","datePublished":"2025-06-06T06:19:43+00:00","dateModified":"2025-07-10T12:03:48+00:00","breadcrumb":{"@id":"https:\/\/arbrebalear.es\/es\/hazte-socio\/#breadcrumb"},"inLanguage":"es","potentialAction":[{"@type":"ReadAction","target":["https:\/\/arbrebalear.es\/es\/hazte-socio\/"]}]},{"@type":"ImageObject","inLanguage":"es","@id":"https:\/\/arbrebalear.es\/es\/hazte-socio\/#primaryimage","url":"https:\/\/arbrebalear.es\/wp-content\/uploads\/2025\/06\/educacion-ambiental.jpg","contentUrl":"https:\/\/arbrebalear.es\/wp-content\/uploads\/2025\/06\/educacion-ambiental.jpg"},{"@type":"BreadcrumbList","@id":"https:\/\/arbrebalear.es\/es\/hazte-socio\/#breadcrumb","itemListElement":[{"@type":"ListItem","position":1,"name":"Portada","item":"https:\/\/arbrebalear.es\/es\/"},{"@type":"ListItem","position":2,"name":"Hazte socio"}]},{"@type":"WebSite","@id":"https:\/\/arbrebalear.es\/es\/#website","url":"https:\/\/arbrebalear.es\/es\/","name":"ABA","description":"L\u2019Associaci\u00f3 Balear de l\u2019Arbre (ABA) \u00e9s una entitat sense \u00e0nim de lucre creada l\u2019any 2009 per un grup de professionals de l\u2019arboricultura units per una mateixa preocupaci\u00f3: la p\u00e8rdua i degradaci\u00f3 del patrimoni arbori de les Illes Balears.","publisher":{"@id":"https:\/\/arbrebalear.es\/es\/#organization"},"potentialAction":[{"@type":"SearchAction","target":{"@type":"EntryPoint","urlTemplate":"https:\/\/arbrebalear.es\/es\/?s={search_term_string}"},"query-input":{"@type":"PropertyValueSpecification","valueRequired":true,"valueName":"search_term_string"}}],"inLanguage":"es"},{"@type":"Organization","@id":"https:\/\/arbrebalear.es\/es\/#organization","name":"ABA","url":"https:\/\/arbrebalear.es\/es\/","logo":{"@type":"ImageObject","inLanguage":"es","@id":"https:\/\/arbrebalear.es\/es\/#\/schema\/logo\/image\/","url":"https:\/\/arbrebalear.es\/wp-content\/uploads\/2025\/05\/cropped-aba-logo.webp","contentUrl":"https:\/\/arbrebalear.es\/wp-content\/uploads\/2025\/05\/cropped-aba-logo.webp","width":215,"height":162,"caption":"ABA"},"image":{"@id":"https:\/\/arbrebalear.es\/es\/#\/schema\/logo\/image\/"}}]}},"_links":{"self":[{"href":"https:\/\/arbrebalear.es\/es\/wp-json\/wp\/v2\/pages\/3430","targetHints":{"allow":["GET"]}}],"collection":[{"href":"https:\/\/arbrebalear.es\/es\/wp-json\/wp\/v2\/pages"}],"about":[{"href":"https:\/\/arbrebalear.es\/es\/wp-json\/wp\/v2\/types\/page"}],"author":[{"embeddable":true,"href":"https:\/\/arbrebalear.es\/es\/wp-json\/wp\/v2\/users\/1"}],"replies":[{"embeddable":true,"href":"https:\/\/arbrebalear.es\/es\/wp-json\/wp\/v2\/comments?post=3430"}],"version-history":[{"count":6,"href":"https:\/\/arbrebalear.es\/es\/wp-json\/wp\/v2\/pages\/3430\/revisions"}],"predecessor-version":[{"id":3540,"href":"https:\/\/arbrebalear.es\/es\/wp-json\/wp\/v2\/pages\/3430\/revisions\/3540"}],"wp:attachment":[{"href":"https:\/\/arbrebalear.es\/es\/wp-json\/wp\/v2\/media?parent=3430"}],"curies":[{"name":"wp","href":"https:\/\/api.w.org\/{rel}","templated":true}]}}