{"id":3484,"date":"2025-07-08T10:52:48","date_gmt":"2025-07-08T08:52:48","guid":{"rendered":"https:\/\/arbrebalear.es\/politica-de-privacitat\/"},"modified":"2025-07-10T13:00:55","modified_gmt":"2025-07-10T11:00:55","slug":"politica-de-privacidad","status":"publish","type":"page","link":"https:\/\/arbrebalear.es\/es\/politica-de-privacidad\/","title":{"rendered":"Pol\u00edtica de Privacidad"},"content":{"rendered":"\t\t<div data-elementor-type=\"wp-page\" data-elementor-id=\"3484\" class=\"elementor elementor-3484 elementor-3440\" data-elementor-post-type=\"page\">\n\t\t\t\t<div class=\"elementor-element elementor-element-15182aab e-flex e-con-boxed e-con e-parent\" data-id=\"15182aab\" data-element_type=\"container\">\n\t\t\t\t\t<div class=\"e-con-inner\">\n\t\t\t\t<div class=\"elementor-element elementor-element-bcaf164 elementor-widget elementor-widget-spacer\" data-id=\"bcaf164\" data-element_type=\"widget\" data-widget_type=\"spacer.default\">\n\t\t\t\t<div class=\"elementor-widget-container\">\n\t\t\t\t\t\t\t<div class=\"elementor-spacer\">\n\t\t\t<div class=\"elementor-spacer-inner\"><\/div>\n\t\t<\/div>\n\t\t\t\t\t\t<\/div>\n\t\t\t\t<\/div>\n\t\t\t\t<div class=\"elementor-element elementor-element-8fc1f78 elementor-widget elementor-widget-heading\" data-id=\"8fc1f78\" data-element_type=\"widget\" data-widget_type=\"heading.default\">\n\t\t\t\t<div class=\"elementor-widget-container\">\n\t\t\t\t\t<h2 class=\"elementor-heading-title elementor-size-default\">Pol\u00edtica de Privacidad<\/h2>\t\t\t\t<\/div>\n\t\t\t\t<\/div>\n\t\t\t\t<div class=\"elementor-element elementor-element-113ddd0 elementor-widget elementor-widget-spacer\" data-id=\"113ddd0\" data-element_type=\"widget\" data-widget_type=\"spacer.default\">\n\t\t\t\t<div class=\"elementor-widget-container\">\n\t\t\t\t\t\t\t<div class=\"elementor-spacer\">\n\t\t\t<div class=\"elementor-spacer-inner\"><\/div>\n\t\t<\/div>\n\t\t\t\t\t\t<\/div>\n\t\t\t\t<\/div>\n\t\t\t\t<div class=\"elementor-element elementor-element-4021c256 elementor-widget elementor-widget-text-editor\" data-id=\"4021c256\" data-element_type=\"widget\" data-widget_type=\"text-editor.default\">\n\t\t\t\t<div class=\"elementor-widget-container\">\n\t\t\t\t\t\t\t\t\t\n<h3>1. Identificaci\u00f3n del Responsable<\/h3>\n<p><strong>Responsable del tractament: <\/strong>Associaci\u00f3 Balear de l&#8217;Arbre<br><strong>CIF:<\/strong> G-57634412<br><strong>Adre\u00e7a:<\/strong> Carrer Can T\u00e0pera, 5 &#8211; 07015 Palma<br><strong>Correu electr\u00f2nic:<\/strong> <a href=\"mailto:aba@arbrebalear.info\">aba@arbrebalear.info<\/a><br>Delegat de Protecci\u00f3 de Dades (si escau): [Nom i contacte]<\/p>\n<h3>2. Finalidad del Tratamiento<\/h3>\n<p>Los datos personales recogidos a trav\u00e9s de este sitio web ser\u00e1n tratados con las siguientes finalidades:<\/p>\n<ul>\n<li>Gestionar las solicitudes de informaci\u00f3n, participaci\u00f3n o colaboraci\u00f3n.<\/li>\n<li>Enviar comunicaciones informativas sobre actividades, campa\u00f1as o eventos relacionados con la asociaci\u00f3n.<\/li>\n<li>Gestionar la participaci\u00f3n en formaciones, proyectos medioambientales y de voluntariado.<\/li>\n<li>Cumplir con las obligaciones legales aplicables.<\/li>\n<\/ul>\n<h3>3. Legitimaci\u00f3n<\/h3>\n<p>El tratamiento de los datos se basa en el consentimiento del interesado, el cumplimiento de obligaciones legales y, en su caso, el inter\u00e9s leg\u00edtimo de la asociaci\u00f3n.<\/p>\n<h3>4. Destinatarios<\/h3>\n<p>No se ceder\u00e1n datos a terceros salvo obligaci\u00f3n legal o consentimiento expreso del interesado.<\/p>\n<h3>5. Derechos<\/h3>\n<p>Puedes ejercer tus derechos de acceso, rectificaci\u00f3n, supresi\u00f3n, oposici\u00f3n, limitaci\u00f3n del tratamiento y portabilidad enviando una solicitud a <a href=\"mailto:aba@arbrebalear.info\">aba@arbrebalear.info<\/a>, adjuntando copia de tu DNI o documento equivalente.<\/p>\n<h3>6. Conservaci\u00f3n de los Datos<\/h3>\n<p>Los datos se conservar\u00e1n mientras se mantenga la relaci\u00f3n con la asociaci\u00f3n y durante los plazos exigidos por la legislaci\u00f3n vigente.<\/p>\n<h3> <\/h3>\n\t\t\t\t\t\t\t\t<\/div>\n\t\t\t\t<\/div>\n\t\t\t\t<div class=\"elementor-element elementor-element-6ea291d elementor-widget elementor-widget-spacer\" data-id=\"6ea291d\" data-element_type=\"widget\" data-widget_type=\"spacer.default\">\n\t\t\t\t<div class=\"elementor-widget-container\">\n\t\t\t\t\t\t\t<div class=\"elementor-spacer\">\n\t\t\t<div class=\"elementor-spacer-inner\"><\/div>\n\t\t<\/div>\n\t\t\t\t\t\t<\/div>\n\t\t\t\t<\/div>\n\t\t\t\t\t<\/div>\n\t\t\t\t<\/div>\n\t\t\t\t<\/div>\n\t\t","protected":false},"excerpt":{"rendered":"<p>Pol\u00edtica de Privacidad 1. Identificaci\u00f3n del Responsable Responsable del tractament: Associaci\u00f3 Balear de l&#8217;ArbreCIF: G-57634412Adre\u00e7a: Carrer Can T\u00e0pera, 5 &#8211; 07015 PalmaCorreu electr\u00f2nic: aba@arbrebalear.infoDelegat de Protecci\u00f3 de Dades (si escau): [Nom i contacte] 2. Finalidad del Tratamiento Los datos personales recogidos a trav\u00e9s de este sitio web ser\u00e1n tratados con las siguientes finalidades: Gestionar las [&hellip;]<\/p>\n","protected":false},"author":1,"featured_media":0,"parent":0,"menu_order":0,"comment_status":"closed","ping_status":"closed","template":"","meta":{"footnotes":""},"class_list":["post-3484","page","type-page","status-publish","hentry"],"yoast_head":"<!-- This site is optimized with the Yoast SEO plugin v27.0 - https:\/\/yoast.com\/product\/yoast-seo-wordpress\/ -->\n<title>Pol\u00edtica de Privacidad - Associaci\u00f3 Balear de l\u2019Arbre (ABA)<\/title>\n<meta name=\"robots\" content=\"index, follow, max-snippet:-1, max-image-preview:large, max-video-preview:-1\" \/>\n<link rel=\"canonical\" href=\"https:\/\/arbrebalear.es\/es\/politica-de-privacidad\/\" \/>\n<meta property=\"og:locale\" content=\"es_ES\" \/>\n<meta property=\"og:type\" content=\"article\" \/>\n<meta property=\"og:title\" content=\"Pol\u00edtica de Privacidad - Associaci\u00f3 Balear de l\u2019Arbre (ABA)\" \/>\n<meta property=\"og:description\" content=\"Pol\u00edtica de Privacidad 1. Identificaci\u00f3n del Responsable Responsable del tractament: Associaci\u00f3 Balear de l&#8217;ArbreCIF: G-57634412Adre\u00e7a: Carrer Can T\u00e0pera, 5 &#8211; 07015 PalmaCorreu electr\u00f2nic: aba@arbrebalear.infoDelegat de Protecci\u00f3 de Dades (si escau): [Nom i contacte] 2. Finalidad del Tratamiento Los datos personales recogidos a trav\u00e9s de este sitio web ser\u00e1n tratados con las siguientes finalidades: Gestionar las [&hellip;]\" \/>\n<meta property=\"og:url\" content=\"https:\/\/arbrebalear.es\/es\/politica-de-privacidad\/\" \/>\n<meta property=\"og:site_name\" content=\"Associaci\u00f3 Balear de l\u2019Arbre (ABA)\" \/>\n<meta property=\"article:modified_time\" content=\"2025-07-10T11:00:55+00:00\" \/>\n<meta name=\"twitter:card\" content=\"summary_large_image\" \/>\n<meta name=\"twitter:label1\" content=\"Tiempo de lectura\" \/>\n\t<meta name=\"twitter:data1\" content=\"2 minutos\" \/>\n<script type=\"application\/ld+json\" class=\"yoast-schema-graph\">{\"@context\":\"https:\/\/schema.org\",\"@graph\":[{\"@type\":\"WebPage\",\"@id\":\"https:\/\/arbrebalear.es\/es\/politica-de-privacidad\/\",\"url\":\"https:\/\/arbrebalear.es\/es\/politica-de-privacidad\/\",\"name\":\"Pol\u00edtica de Privacidad - Associaci\u00f3 Balear de l\u2019Arbre (ABA)\",\"isPartOf\":{\"@id\":\"https:\/\/arbrebalear.es\/es\/#website\"},\"datePublished\":\"2025-07-08T08:52:48+00:00\",\"dateModified\":\"2025-07-10T11:00:55+00:00\",\"breadcrumb\":{\"@id\":\"https:\/\/arbrebalear.es\/es\/politica-de-privacidad\/#breadcrumb\"},\"inLanguage\":\"es\",\"potentialAction\":[{\"@type\":\"ReadAction\",\"target\":[\"https:\/\/arbrebalear.es\/es\/politica-de-privacidad\/\"]}]},{\"@type\":\"BreadcrumbList\",\"@id\":\"https:\/\/arbrebalear.es\/es\/politica-de-privacidad\/#breadcrumb\",\"itemListElement\":[{\"@type\":\"ListItem\",\"position\":1,\"name\":\"Portada\",\"item\":\"https:\/\/arbrebalear.es\/es\/\"},{\"@type\":\"ListItem\",\"position\":2,\"name\":\"Pol\u00edtica de Privacidad\"}]},{\"@type\":\"WebSite\",\"@id\":\"https:\/\/arbrebalear.es\/es\/#website\",\"url\":\"https:\/\/arbrebalear.es\/es\/\",\"name\":\"ABA\",\"description\":\"L\u2019Associaci\u00f3 Balear de l\u2019Arbre (ABA) \u00e9s una entitat sense \u00e0nim de lucre creada l\u2019any 2009 per un grup de professionals de l\u2019arboricultura units per una mateixa preocupaci\u00f3: la p\u00e8rdua i degradaci\u00f3 del patrimoni arbori de les Illes Balears.\",\"publisher\":{\"@id\":\"https:\/\/arbrebalear.es\/es\/#organization\"},\"potentialAction\":[{\"@type\":\"SearchAction\",\"target\":{\"@type\":\"EntryPoint\",\"urlTemplate\":\"https:\/\/arbrebalear.es\/es\/?s={search_term_string}\"},\"query-input\":{\"@type\":\"PropertyValueSpecification\",\"valueRequired\":true,\"valueName\":\"search_term_string\"}}],\"inLanguage\":\"es\"},{\"@type\":\"Organization\",\"@id\":\"https:\/\/arbrebalear.es\/es\/#organization\",\"name\":\"ABA\",\"url\":\"https:\/\/arbrebalear.es\/es\/\",\"logo\":{\"@type\":\"ImageObject\",\"inLanguage\":\"es\",\"@id\":\"https:\/\/arbrebalear.es\/es\/#\/schema\/logo\/image\/\",\"url\":\"https:\/\/arbrebalear.es\/wp-content\/uploads\/2025\/05\/cropped-aba-logo.webp\",\"contentUrl\":\"https:\/\/arbrebalear.es\/wp-content\/uploads\/2025\/05\/cropped-aba-logo.webp\",\"width\":215,\"height\":162,\"caption\":\"ABA\"},\"image\":{\"@id\":\"https:\/\/arbrebalear.es\/es\/#\/schema\/logo\/image\/\"}}]}<\/script>\n<!-- \/ Yoast SEO plugin. -->","yoast_head_json":{"title":"Pol\u00edtica de Privacidad - Associaci\u00f3 Balear de l\u2019Arbre (ABA)","robots":{"index":"index","follow":"follow","max-snippet":"max-snippet:-1","max-image-preview":"max-image-preview:large","max-video-preview":"max-video-preview:-1"},"canonical":"https:\/\/arbrebalear.es\/es\/politica-de-privacidad\/","og_locale":"es_ES","og_type":"article","og_title":"Pol\u00edtica de Privacidad - Associaci\u00f3 Balear de l\u2019Arbre (ABA)","og_description":"Pol\u00edtica de Privacidad 1. Identificaci\u00f3n del Responsable Responsable del tractament: Associaci\u00f3 Balear de l&#8217;ArbreCIF: G-57634412Adre\u00e7a: Carrer Can T\u00e0pera, 5 &#8211; 07015 PalmaCorreu electr\u00f2nic: aba@arbrebalear.infoDelegat de Protecci\u00f3 de Dades (si escau): [Nom i contacte] 2. Finalidad del Tratamiento Los datos personales recogidos a trav\u00e9s de este sitio web ser\u00e1n tratados con las siguientes finalidades: Gestionar las [&hellip;]","og_url":"https:\/\/arbrebalear.es\/es\/politica-de-privacidad\/","og_site_name":"Associaci\u00f3 Balear de l\u2019Arbre (ABA)","article_modified_time":"2025-07-10T11:00:55+00:00","twitter_card":"summary_large_image","twitter_misc":{"Tiempo de lectura":"2 minutos"},"schema":{"@context":"https:\/\/schema.org","@graph":[{"@type":"WebPage","@id":"https:\/\/arbrebalear.es\/es\/politica-de-privacidad\/","url":"https:\/\/arbrebalear.es\/es\/politica-de-privacidad\/","name":"Pol\u00edtica de Privacidad - Associaci\u00f3 Balear de l\u2019Arbre (ABA)","isPartOf":{"@id":"https:\/\/arbrebalear.es\/es\/#website"},"datePublished":"2025-07-08T08:52:48+00:00","dateModified":"2025-07-10T11:00:55+00:00","breadcrumb":{"@id":"https:\/\/arbrebalear.es\/es\/politica-de-privacidad\/#breadcrumb"},"inLanguage":"es","potentialAction":[{"@type":"ReadAction","target":["https:\/\/arbrebalear.es\/es\/politica-de-privacidad\/"]}]},{"@type":"BreadcrumbList","@id":"https:\/\/arbrebalear.es\/es\/politica-de-privacidad\/#breadcrumb","itemListElement":[{"@type":"ListItem","position":1,"name":"Portada","item":"https:\/\/arbrebalear.es\/es\/"},{"@type":"ListItem","position":2,"name":"Pol\u00edtica de Privacidad"}]},{"@type":"WebSite","@id":"https:\/\/arbrebalear.es\/es\/#website","url":"https:\/\/arbrebalear.es\/es\/","name":"ABA","description":"L\u2019Associaci\u00f3 Balear de l\u2019Arbre (ABA) \u00e9s una entitat sense \u00e0nim de lucre creada l\u2019any 2009 per un grup de professionals de l\u2019arboricultura units per una mateixa preocupaci\u00f3: la p\u00e8rdua i degradaci\u00f3 del patrimoni arbori de les Illes Balears.","publisher":{"@id":"https:\/\/arbrebalear.es\/es\/#organization"},"potentialAction":[{"@type":"SearchAction","target":{"@type":"EntryPoint","urlTemplate":"https:\/\/arbrebalear.es\/es\/?s={search_term_string}"},"query-input":{"@type":"PropertyValueSpecification","valueRequired":true,"valueName":"search_term_string"}}],"inLanguage":"es"},{"@type":"Organization","@id":"https:\/\/arbrebalear.es\/es\/#organization","name":"ABA","url":"https:\/\/arbrebalear.es\/es\/","logo":{"@type":"ImageObject","inLanguage":"es","@id":"https:\/\/arbrebalear.es\/es\/#\/schema\/logo\/image\/","url":"https:\/\/arbrebalear.es\/wp-content\/uploads\/2025\/05\/cropped-aba-logo.webp","contentUrl":"https:\/\/arbrebalear.es\/wp-content\/uploads\/2025\/05\/cropped-aba-logo.webp","width":215,"height":162,"caption":"ABA"},"image":{"@id":"https:\/\/arbrebalear.es\/es\/#\/schema\/logo\/image\/"}}]}},"_links":{"self":[{"href":"https:\/\/arbrebalear.es\/es\/wp-json\/wp\/v2\/pages\/3484","targetHints":{"allow":["GET"]}}],"collection":[{"href":"https:\/\/arbrebalear.es\/es\/wp-json\/wp\/v2\/pages"}],"about":[{"href":"https:\/\/arbrebalear.es\/es\/wp-json\/wp\/v2\/types\/page"}],"author":[{"embeddable":true,"href":"https:\/\/arbrebalear.es\/es\/wp-json\/wp\/v2\/users\/1"}],"replies":[{"embeddable":true,"href":"https:\/\/arbrebalear.es\/es\/wp-json\/wp\/v2\/comments?post=3484"}],"version-history":[{"count":3,"href":"https:\/\/arbrebalear.es\/es\/wp-json\/wp\/v2\/pages\/3484\/revisions"}],"predecessor-version":[{"id":3490,"href":"https:\/\/arbrebalear.es\/es\/wp-json\/wp\/v2\/pages\/3484\/revisions\/3490"}],"wp:attachment":[{"href":"https:\/\/arbrebalear.es\/es\/wp-json\/wp\/v2\/media?parent=3484"}],"curies":[{"name":"wp","href":"https:\/\/api.w.org\/{rel}","templated":true}]}}