{"id":3653,"date":"2025-07-31T11:20:20","date_gmt":"2025-07-31T09:20:20","guid":{"rendered":"https:\/\/arbrebalear.es\/actividades-2\/"},"modified":"2025-07-31T13:17:35","modified_gmt":"2025-07-31T11:17:35","slug":"actividades","status":"publish","type":"page","link":"https:\/\/arbrebalear.es\/es\/actividades\/","title":{"rendered":"Actividades"},"content":{"rendered":"\t\t<div data-elementor-type=\"wp-page\" data-elementor-id=\"3653\" class=\"elementor elementor-3653 elementor-3640\" data-elementor-post-type=\"page\">\n\t\t\t\t<div class=\"elementor-element elementor-element-8c9cc39 e-con-full e-flex e-con e-parent\" data-id=\"8c9cc39\" data-element_type=\"container\">\n\t\t\t\t<div class=\"elementor-element elementor-element-a9a1397 elementor--h-position-center elementor--v-position-middle elementor-arrows-position-inside elementor-pagination-position-inside elementor-widget elementor-widget-slides\" data-id=\"a9a1397\" data-element_type=\"widget\" data-settings=\"{&quot;navigation&quot;:&quot;both&quot;,&quot;autoplay&quot;:&quot;yes&quot;,&quot;pause_on_hover&quot;:&quot;yes&quot;,&quot;pause_on_interaction&quot;:&quot;yes&quot;,&quot;autoplay_speed&quot;:5000,&quot;infinite&quot;:&quot;yes&quot;,&quot;transition&quot;:&quot;slide&quot;,&quot;transition_speed&quot;:500}\" data-widget_type=\"slides.default\">\n\t\t\t\t<div class=\"elementor-widget-container\">\n\t\t\t\t\t\t\t\t\t<div class=\"elementor-swiper\">\n\t\t\t\t\t<div class=\"elementor-slides-wrapper elementor-main-swiper swiper\" role=\"region\" aria-roledescription=\"carousel\" aria-label=\"Diapositives\" dir=\"ltr\" data-animation=\"fadeInUp\">\n\t\t\t\t<div class=\"swiper-wrapper elementor-slides\">\n\t\t\t\t\t\t\t\t\t\t<div class=\"elementor-repeater-item-3167920 swiper-slide\" role=\"group\" aria-roledescription=\"slide\"><div class=\"swiper-slide-bg\" role=\"img\"><\/div><div class=\"elementor-background-overlay\"><\/div><div class=\"swiper-slide-inner\" ><div class=\"swiper-slide-contents\"><h1 class=\"elementor-slide-heading\">Descubre los \u00e1rboles con ABA<\/h1><\/div><\/div><\/div>\t\t\t\t<\/div>\n\t\t\t\t\t\t\t<\/div>\n\t\t\t\t<\/div>\n\t\t\t\t\t\t\t\t<\/div>\n\t\t\t\t<\/div>\n\t\t\t\t<div class=\"elementor-element elementor-element-b57aae8 elementor-widget elementor-widget-spacer\" data-id=\"b57aae8\" data-element_type=\"widget\" data-widget_type=\"spacer.default\">\n\t\t\t\t<div class=\"elementor-widget-container\">\n\t\t\t\t\t\t\t<div class=\"elementor-spacer\">\n\t\t\t<div class=\"elementor-spacer-inner\"><\/div>\n\t\t<\/div>\n\t\t\t\t\t\t<\/div>\n\t\t\t\t<\/div>\n\t\t\t\t<\/div>\n\t\t<div class=\"elementor-element elementor-element-16e7bfc e-flex e-con-boxed e-con e-parent\" data-id=\"16e7bfc\" data-element_type=\"container\">\n\t\t\t\t\t<div class=\"e-con-inner\">\n\t\t<div class=\"elementor-element elementor-element-3f97fbf e-grid e-con-full e-con e-child\" data-id=\"3f97fbf\" data-element_type=\"container\">\n\t\t\t\t<div class=\"elementor-element elementor-element-dc79efe elementor-widget elementor-widget-text-editor\" data-id=\"dc79efe\" data-element_type=\"widget\" data-widget_type=\"text-editor.default\">\n\t\t\t\t<div class=\"elementor-widget-container\">\n\t\t\t\t\t\t\t\t\t<h2>\u00bfTe apasionan los \u00e1rboles y la naturaleza?<\/h2><p> Participa en las actividades y formaciones de la Asociaci\u00f3n Balear del \u00c1rbol y con\u00e9ctate todo el a\u00f1o con el patrimonio arb\u00f3reo de las Islas Baleares. Todos los \u00e1rboles cuentan, no solo los singulares.<\/p>\t\t\t\t\t\t\t\t<\/div>\n\t\t\t\t<\/div>\n\t\t\t\t<div class=\"elementor-element elementor-element-10a0077 elementor-widget elementor-widget-image\" data-id=\"10a0077\" data-element_type=\"widget\" data-widget_type=\"image.default\">\n\t\t\t\t<div class=\"elementor-widget-container\">\n\t\t\t\t\t\t\t\t\t\t\t\t\t\t\t<img fetchpriority=\"high\" decoding=\"async\" width=\"800\" height=\"534\" src=\"https:\/\/arbrebalear.es\/wp-content\/uploads\/2025\/07\/actividades1.jpg\" class=\"attachment-large size-large wp-image-3656\" alt=\"\" srcset=\"https:\/\/arbrebalear.es\/wp-content\/uploads\/2025\/07\/actividades1.jpg 1024w, https:\/\/arbrebalear.es\/wp-content\/uploads\/2025\/07\/actividades1-300x200.jpg 300w, https:\/\/arbrebalear.es\/wp-content\/uploads\/2025\/07\/actividades1-768x512.jpg 768w, https:\/\/arbrebalear.es\/wp-content\/uploads\/2025\/07\/actividades1-600x400.jpg 600w\" sizes=\"(max-width: 800px) 100vw, 800px\" \/>\t\t\t\t\t\t\t\t\t\t\t\t\t\t\t<\/div>\n\t\t\t\t<\/div>\n\t\t\t\t<\/div>\n\t\t\t\t\t<\/div>\n\t\t\t\t<\/div>\n\t\t<div class=\"elementor-element elementor-element-12c09e8 e-flex e-con-boxed e-con e-parent\" data-id=\"12c09e8\" data-element_type=\"container\">\n\t\t\t\t\t<div class=\"e-con-inner\">\n\t\t\t\t<div class=\"elementor-element elementor-element-1b665be elementor-widget elementor-widget-spacer\" data-id=\"1b665be\" data-element_type=\"widget\" data-widget_type=\"spacer.default\">\n\t\t\t\t<div class=\"elementor-widget-container\">\n\t\t\t\t\t\t\t<div class=\"elementor-spacer\">\n\t\t\t<div class=\"elementor-spacer-inner\"><\/div>\n\t\t<\/div>\n\t\t\t\t\t\t<\/div>\n\t\t\t\t<\/div>\n\t\t\t\t<div class=\"elementor-element elementor-element-7ddc468 elementor-widget elementor-widget-heading\" data-id=\"7ddc468\" data-element_type=\"widget\" data-widget_type=\"heading.default\">\n\t\t\t\t<div class=\"elementor-widget-container\">\n\t\t\t\t\t<h2 class=\"elementor-heading-title elementor-size-default\">Pr\u00f3ximas actividades<\/h2>\t\t\t\t<\/div>\n\t\t\t\t<\/div>\n\t\t\t\t\t<\/div>\n\t\t\t\t<\/div>\n\t\t<div class=\"elementor-element elementor-element-3508d19 e-flex e-con-boxed e-con e-parent\" data-id=\"3508d19\" data-element_type=\"container\">\n\t\t\t\t\t<div class=\"e-con-inner\">\n\t\t<div class=\"elementor-element elementor-element-81a5359 e-grid e-con-full e-con e-child\" data-id=\"81a5359\" data-element_type=\"container\">\n\t\t\t\t<div class=\"elementor-element elementor-element-c01666f elementor-widget elementor-widget-text-editor\" data-id=\"c01666f\" data-element_type=\"widget\" data-widget_type=\"text-editor.default\">\n\t\t\t\t<div class=\"elementor-widget-container\">\n\t\t\t\t\t\t\t\t\t<h3>Descubre los \u00e1rboles<\/h3><p>Un calendario mensual con charlas, rutas y paseos para conocer mejor los \u00e1rboles que nos rodean \u2013sean singulares o cotidianos\u2013 y descubrir su historia, funci\u00f3n ecol\u00f3gica y valor cultural. Descubriremos su historia, su valor ecol\u00f3gico y cultural, y aprenderemos a amarlos y protegerlos.<\/p><p>Las salidas se complementan con conferencias impartidas por profesionales del mundo del \u00e1rbol y de la naturaleza balear.<span style=\"font-size: 1rem;\"> <\/span><\/p>\t\t\t\t\t\t\t\t<\/div>\n\t\t\t\t<\/div>\n\t\t\t\t<\/div>\n\t\t\t\t\t<\/div>\n\t\t\t\t<\/div>\n\t\t<div class=\"elementor-element elementor-element-82a478d e-flex e-con-boxed e-con e-parent\" data-id=\"82a478d\" data-element_type=\"container\">\n\t\t\t\t\t<div class=\"e-con-inner\">\n\t\t<div class=\"elementor-element elementor-element-15e83c3 e-grid e-con-full e-con e-child\" data-id=\"15e83c3\" data-element_type=\"container\">\n\t\t\t\t<div class=\"elementor-element elementor-element-0b194f3 elementor-widget elementor-widget-text-editor\" data-id=\"0b194f3\" data-element_type=\"widget\" data-widget_type=\"text-editor.default\">\n\t\t\t\t<div class=\"elementor-widget-container\">\n\t\t\t\t\t\t\t\t\t<h3>Cursos para el p\u00fablico generalista<\/h3><p>Talleres y cursos abiertos a todas las personas interesadas en conocer, cuidar y valorar los \u00e1rboles. Ideales para quienes quieran iniciarse en el mundo del arbolado y su conservaci\u00f3n.<\/p>\t\t\t\t\t\t\t\t<\/div>\n\t\t\t\t<\/div>\n\t\t\t\t<\/div>\n\t\t\t\t\t<\/div>\n\t\t\t\t<\/div>\n\t\t<div class=\"elementor-element elementor-element-13c6593 e-flex e-con-boxed e-con e-parent\" data-id=\"13c6593\" data-element_type=\"container\" data-settings=\"{&quot;shape_divider_bottom&quot;:&quot;triangle&quot;}\">\n\t\t\t\t\t<div class=\"e-con-inner\">\n\t\t\t\t<div class=\"elementor-shape elementor-shape-bottom\" aria-hidden=\"true\" data-negative=\"false\">\n\t\t\t<svg xmlns=\"http:\/\/www.w3.org\/2000\/svg\" viewBox=\"0 0 1000 100\" preserveAspectRatio=\"none\">\n\t<path class=\"elementor-shape-fill\" d=\"M500,98.9L0,6.1V0h1000v6.1L500,98.9z\"\/>\n<\/svg>\t\t<\/div>\n\t\t<div class=\"elementor-element elementor-element-be5d6fc e-grid e-con-full e-con e-child\" data-id=\"be5d6fc\" data-element_type=\"container\">\n\t\t\t\t<div class=\"elementor-element elementor-element-d2141cf elementor-widget elementor-widget-text-editor\" data-id=\"d2141cf\" data-element_type=\"widget\" data-widget_type=\"text-editor.default\">\n\t\t\t\t<div class=\"elementor-widget-container\">\n\t\t\t\t\t\t\t\t\t<h3>Los \u00e1rboles como refugio<\/h3><p><span style=\"color: #000000; font-family: Roboto, sans-serif;\"><span style=\"font-size: 16px;\">Los \u00e1rboles no son solo vida, tambi\u00e9n son refugio emocional y espiritual. Promovemos actividades para el bienestar y la conexi\u00f3n profunda con la naturaleza, como:<\/span><\/span><\/p><ul><li>Ba\u00f1os de bosque para reducir el estr\u00e9s y mejorar la salud<\/li><li>Paseos conscientes para reconectar con el presente<\/li><li>Ballar en el bosque, una experiencia creativa y liberadora<\/li><\/ul>\t\t\t\t\t\t\t\t<\/div>\n\t\t\t\t<\/div>\n\t\t\t\t<\/div>\n\t\t\t\t\t<\/div>\n\t\t\t\t<\/div>\n\t\t<div class=\"elementor-element elementor-element-ba854ef e-flex e-con-boxed e-con e-parent\" data-id=\"ba854ef\" data-element_type=\"container\" data-settings=\"{&quot;shape_divider_bottom&quot;:&quot;triangle&quot;}\">\n\t\t\t\t\t<div class=\"e-con-inner\">\n\t\t\t\t<div class=\"elementor-shape elementor-shape-bottom\" aria-hidden=\"true\" data-negative=\"false\">\n\t\t\t<svg xmlns=\"http:\/\/www.w3.org\/2000\/svg\" viewBox=\"0 0 1000 100\" preserveAspectRatio=\"none\">\n\t<path class=\"elementor-shape-fill\" d=\"M500,98.9L0,6.1V0h1000v6.1L500,98.9z\"\/>\n<\/svg>\t\t<\/div>\n\t\t<div class=\"elementor-element elementor-element-a818af2 e-grid e-con-full e-con e-child\" data-id=\"a818af2\" data-element_type=\"container\">\n\t\t\t\t<div class=\"elementor-element elementor-element-eed8c1f elementor-widget elementor-widget-text-editor\" data-id=\"eed8c1f\" data-element_type=\"widget\" data-widget_type=\"text-editor.default\">\n\t\t\t\t<div class=\"elementor-widget-container\">\n\t\t\t\t\t\t\t\t\t<h3>Pueblos con \u00e1rboles y cultura<\/h3><p>Proyecto para visibilizar los 5 o 7 \u00e1rboles m\u00e1s representativos de cada municipio con una placa identificativa y c\u00f3digo QR que enlaza con la web para saber m\u00e1s.<\/p><p>Una vez al a\u00f1o se organiza una visita comentada guiada por especialistas en arbolado y patrimonio natural.<\/p>\t\t\t\t\t\t\t\t<\/div>\n\t\t\t\t<\/div>\n\t\t\t\t<\/div>\n\t\t\t\t\t<\/div>\n\t\t\t\t<\/div>\n\t\t<div class=\"elementor-element elementor-element-41b078f e-flex e-con-boxed e-con e-parent\" data-id=\"41b078f\" data-element_type=\"container\" data-settings=\"{&quot;shape_divider_bottom&quot;:&quot;triangle&quot;}\">\n\t\t\t\t\t<div class=\"e-con-inner\">\n\t\t\t\t<div class=\"elementor-shape elementor-shape-bottom\" aria-hidden=\"true\" data-negative=\"false\">\n\t\t\t<svg xmlns=\"http:\/\/www.w3.org\/2000\/svg\" viewBox=\"0 0 1000 100\" preserveAspectRatio=\"none\">\n\t<path class=\"elementor-shape-fill\" d=\"M500,98.9L0,6.1V0h1000v6.1L500,98.9z\"\/>\n<\/svg>\t\t<\/div>\n\t\t<div class=\"elementor-element elementor-element-313a685 e-grid e-con-full e-con e-child\" data-id=\"313a685\" data-element_type=\"container\">\n\t\t\t\t<div class=\"elementor-element elementor-element-20a3a4a elementor-widget elementor-widget-text-editor\" data-id=\"20a3a4a\" data-element_type=\"widget\" data-widget_type=\"text-editor.default\">\n\t\t\t\t<div class=\"elementor-widget-container\">\n\t\t\t\t\t\t\t\t\t<h3>Bosque Mediterr\u00e1neo y cambio clim\u00e1tico<\/h3><p>Actividad familiar con formato de juego para descubrir c\u00f3mo se adaptan los \u00e1rboles mediterr\u00e1neos al cambio clim\u00e1tico, conocer su biodiversidad y reflexionar sobre el problema de la #basuraleza.<\/p>\t\t\t\t\t\t\t\t<\/div>\n\t\t\t\t<\/div>\n\t\t\t\t<\/div>\n\t\t\t\t\t<\/div>\n\t\t\t\t<\/div>\n\t\t<div class=\"elementor-element elementor-element-604d80b e-flex e-con-boxed e-con e-parent\" data-id=\"604d80b\" data-element_type=\"container\" data-settings=\"{&quot;shape_divider_bottom&quot;:&quot;triangle&quot;}\">\n\t\t\t\t\t<div class=\"e-con-inner\">\n\t\t\t\t<div class=\"elementor-shape elementor-shape-bottom\" aria-hidden=\"true\" data-negative=\"false\">\n\t\t\t<svg xmlns=\"http:\/\/www.w3.org\/2000\/svg\" viewBox=\"0 0 1000 100\" preserveAspectRatio=\"none\">\n\t<path class=\"elementor-shape-fill\" d=\"M500,98.9L0,6.1V0h1000v6.1L500,98.9z\"\/>\n<\/svg>\t\t<\/div>\n\t\t<div class=\"elementor-element elementor-element-c46e802 e-grid e-con-full e-con e-child\" data-id=\"c46e802\" data-element_type=\"container\">\n\t\t\t\t<div class=\"elementor-element elementor-element-929ac46 elementor-widget elementor-widget-text-editor\" data-id=\"929ac46\" data-element_type=\"widget\" data-widget_type=\"text-editor.default\">\n\t\t\t\t<div class=\"elementor-widget-container\">\n\t\t\t\t\t\t\t\t\t<h3>Los \u00e1rboles que ya no est\u00e1n (inicio 2026)<\/h3><p>Proyecto art\u00edstico y de concienciaci\u00f3n sobre los \u00e1rboles talados, muertos o eliminados. A trav\u00e9s del arte mostraremos su ausencia y lo que significaban para la comunidad. Incluye visitas guiadas de memoria arb\u00f3rea.<\/p>\t\t\t\t\t\t\t\t<\/div>\n\t\t\t\t<\/div>\n\t\t\t\t<\/div>\n\t\t\t\t\t<\/div>\n\t\t\t\t<\/div>\n\t\t<div class=\"elementor-element elementor-element-c14312d e-flex e-con-boxed e-con e-parent\" data-id=\"c14312d\" data-element_type=\"container\">\n\t\t\t\t\t<div class=\"e-con-inner\">\n\t\t<div class=\"elementor-element elementor-element-2f87988 e-con-full e-flex e-con e-child\" data-id=\"2f87988\" data-element_type=\"container\">\n\t\t\t\t<div class=\"elementor-element elementor-element-d92980b elementor-cta--skin-cover elementor-cta--valign-middle elementor-animated-content elementor-bg-transform elementor-bg-transform-zoom-in elementor-widget elementor-widget-call-to-action\" data-id=\"d92980b\" data-element_type=\"widget\" data-widget_type=\"call-to-action.default\">\n\t\t\t\t<div class=\"elementor-widget-container\">\n\t\t\t\t\t\t\t<a class=\"elementor-cta\" href=\"https:\/\/arbrebalear.es\/es\/hazte-socio\/\">\n\t\t\t\t\t<div class=\"elementor-cta__bg-wrapper\">\n\t\t\t\t<div class=\"elementor-cta__bg elementor-bg\" style=\"background-image: url(https:\/\/arbrebalear.es\/wp-content\/uploads\/2025\/06\/fondo-donaciones-1024x410.jpg);\" role=\"img\" aria-label=\"fondo-donaciones\"><\/div>\n\t\t\t\t<div class=\"elementor-cta__bg-overlay\"><\/div>\n\t\t\t<\/div>\n\t\t\t\t\t\t\t<div class=\"elementor-cta__content\">\n\t\t\t\t\n\t\t\t\t\t\t\t\t\t<h2 class=\"elementor-cta__title elementor-cta__content-item elementor-content-item elementor-animated-item--grow\">\n\t\t\t\t\t\tHazte socio\/ay recibe toda la informaci\u00f3n\t\t\t\t\t<\/h2>\n\t\t\t\t\n\t\t\t\t\n\t\t\t\t\t\t\t\t\t<div class=\"elementor-cta__button-wrapper elementor-cta__content-item elementor-content-item elementor-animated-item--grow\">\n\t\t\t\t\t<span class=\"elementor-cta__button elementor-button elementor-size-\">\n\t\t\t\t\t\tHazte socio\/a\t\t\t\t\t<\/span>\n\t\t\t\t\t<\/div>\n\t\t\t\t\t\t\t<\/div>\n\t\t\t\t\t\t<\/a>\n\t\t\t\t\t\t<\/div>\n\t\t\t\t<\/div>\n\t\t\t\t<\/div>\n\t\t\t\t\t<\/div>\n\t\t\t\t<\/div>\n\t\t<div class=\"elementor-element elementor-element-39b62db e-flex e-con-boxed e-con e-parent\" data-id=\"39b62db\" data-element_type=\"container\">\n\t\t\t\t\t<div class=\"e-con-inner\">\n\t\t\t\t<div class=\"elementor-element elementor-element-6c5d071 elementor-widget elementor-widget-spacer\" data-id=\"6c5d071\" data-element_type=\"widget\" data-widget_type=\"spacer.default\">\n\t\t\t\t<div class=\"elementor-widget-container\">\n\t\t\t\t\t\t\t<div class=\"elementor-spacer\">\n\t\t\t<div class=\"elementor-spacer-inner\"><\/div>\n\t\t<\/div>\n\t\t\t\t\t\t<\/div>\n\t\t\t\t<\/div>\n\t\t\t\t\t<\/div>\n\t\t\t\t<\/div>\n\t\t\t\t<\/div>\n\t\t","protected":false},"excerpt":{"rendered":"<p>Descubre los \u00e1rboles con ABA \u00bfTe apasionan los \u00e1rboles y la naturaleza? Participa en las actividades y formaciones de la Asociaci\u00f3n Balear del \u00c1rbol y con\u00e9ctate todo el a\u00f1o con el patrimonio arb\u00f3reo de las Islas Baleares. Todos los \u00e1rboles cuentan, no solo los singulares. Pr\u00f3ximas actividades Descubre los \u00e1rboles Un calendario mensual con charlas, [&hellip;]<\/p>\n","protected":false},"author":1,"featured_media":0,"parent":0,"menu_order":0,"comment_status":"closed","ping_status":"closed","template":"","meta":{"footnotes":""},"class_list":["post-3653","page","type-page","status-publish","hentry"],"yoast_head":"<!-- This site is optimized with the Yoast SEO plugin v27.0 - https:\/\/yoast.com\/product\/yoast-seo-wordpress\/ -->\n<title>Actividades - Associaci\u00f3 Balear de l\u2019Arbre (ABA)<\/title>\n<meta name=\"robots\" content=\"index, follow, max-snippet:-1, max-image-preview:large, max-video-preview:-1\" \/>\n<link rel=\"canonical\" href=\"https:\/\/arbrebalear.es\/es\/actividades\/\" \/>\n<meta property=\"og:locale\" content=\"es_ES\" \/>\n<meta property=\"og:type\" content=\"article\" \/>\n<meta property=\"og:title\" content=\"Actividades - Associaci\u00f3 Balear de l\u2019Arbre (ABA)\" \/>\n<meta property=\"og:description\" content=\"Descubre los \u00e1rboles con ABA \u00bfTe apasionan los \u00e1rboles y la naturaleza? Participa en las actividades y formaciones de la Asociaci\u00f3n Balear del \u00c1rbol y con\u00e9ctate todo el a\u00f1o con el patrimonio arb\u00f3reo de las Islas Baleares. Todos los \u00e1rboles cuentan, no solo los singulares. Pr\u00f3ximas actividades Descubre los \u00e1rboles Un calendario mensual con charlas, [&hellip;]\" \/>\n<meta property=\"og:url\" content=\"https:\/\/arbrebalear.es\/es\/actividades\/\" \/>\n<meta property=\"og:site_name\" content=\"Associaci\u00f3 Balear de l\u2019Arbre (ABA)\" \/>\n<meta property=\"article:modified_time\" content=\"2025-07-31T11:17:35+00:00\" \/>\n<meta property=\"og:image\" content=\"https:\/\/arbrebalear.es\/wp-content\/uploads\/2025\/07\/actividades1.jpg\" \/>\n\t<meta property=\"og:image:width\" content=\"1024\" \/>\n\t<meta property=\"og:image:height\" content=\"683\" \/>\n\t<meta property=\"og:image:type\" content=\"image\/jpeg\" \/>\n<meta name=\"twitter:card\" content=\"summary_large_image\" \/>\n<meta name=\"twitter:label1\" content=\"Tiempo de lectura\" \/>\n\t<meta name=\"twitter:data1\" content=\"2 minutos\" \/>\n<script type=\"application\/ld+json\" class=\"yoast-schema-graph\">{\"@context\":\"https:\/\/schema.org\",\"@graph\":[{\"@type\":\"WebPage\",\"@id\":\"https:\/\/arbrebalear.es\/es\/actividades\/\",\"url\":\"https:\/\/arbrebalear.es\/es\/actividades\/\",\"name\":\"Actividades - Associaci\u00f3 Balear de l\u2019Arbre (ABA)\",\"isPartOf\":{\"@id\":\"https:\/\/arbrebalear.es\/es\/#website\"},\"primaryImageOfPage\":{\"@id\":\"https:\/\/arbrebalear.es\/es\/actividades\/#primaryimage\"},\"image\":{\"@id\":\"https:\/\/arbrebalear.es\/es\/actividades\/#primaryimage\"},\"thumbnailUrl\":\"https:\/\/arbrebalear.es\/wp-content\/uploads\/2025\/07\/actividades1.jpg\",\"datePublished\":\"2025-07-31T09:20:20+00:00\",\"dateModified\":\"2025-07-31T11:17:35+00:00\",\"breadcrumb\":{\"@id\":\"https:\/\/arbrebalear.es\/es\/actividades\/#breadcrumb\"},\"inLanguage\":\"es\",\"potentialAction\":[{\"@type\":\"ReadAction\",\"target\":[\"https:\/\/arbrebalear.es\/es\/actividades\/\"]}]},{\"@type\":\"ImageObject\",\"inLanguage\":\"es\",\"@id\":\"https:\/\/arbrebalear.es\/es\/actividades\/#primaryimage\",\"url\":\"https:\/\/arbrebalear.es\/wp-content\/uploads\/2025\/07\/actividades1.jpg\",\"contentUrl\":\"https:\/\/arbrebalear.es\/wp-content\/uploads\/2025\/07\/actividades1.jpg\"},{\"@type\":\"BreadcrumbList\",\"@id\":\"https:\/\/arbrebalear.es\/es\/actividades\/#breadcrumb\",\"itemListElement\":[{\"@type\":\"ListItem\",\"position\":1,\"name\":\"Portada\",\"item\":\"https:\/\/arbrebalear.es\/es\/\"},{\"@type\":\"ListItem\",\"position\":2,\"name\":\"Actividades\"}]},{\"@type\":\"WebSite\",\"@id\":\"https:\/\/arbrebalear.es\/es\/#website\",\"url\":\"https:\/\/arbrebalear.es\/es\/\",\"name\":\"ABA\",\"description\":\"L\u2019Associaci\u00f3 Balear de l\u2019Arbre (ABA) \u00e9s una entitat sense \u00e0nim de lucre creada l\u2019any 2009 per un grup de professionals de l\u2019arboricultura units per una mateixa preocupaci\u00f3: la p\u00e8rdua i degradaci\u00f3 del patrimoni arbori de les Illes Balears.\",\"publisher\":{\"@id\":\"https:\/\/arbrebalear.es\/es\/#organization\"},\"potentialAction\":[{\"@type\":\"SearchAction\",\"target\":{\"@type\":\"EntryPoint\",\"urlTemplate\":\"https:\/\/arbrebalear.es\/es\/?s={search_term_string}\"},\"query-input\":{\"@type\":\"PropertyValueSpecification\",\"valueRequired\":true,\"valueName\":\"search_term_string\"}}],\"inLanguage\":\"es\"},{\"@type\":\"Organization\",\"@id\":\"https:\/\/arbrebalear.es\/es\/#organization\",\"name\":\"ABA\",\"url\":\"https:\/\/arbrebalear.es\/es\/\",\"logo\":{\"@type\":\"ImageObject\",\"inLanguage\":\"es\",\"@id\":\"https:\/\/arbrebalear.es\/es\/#\/schema\/logo\/image\/\",\"url\":\"https:\/\/arbrebalear.es\/wp-content\/uploads\/2025\/05\/cropped-aba-logo.webp\",\"contentUrl\":\"https:\/\/arbrebalear.es\/wp-content\/uploads\/2025\/05\/cropped-aba-logo.webp\",\"width\":215,\"height\":162,\"caption\":\"ABA\"},\"image\":{\"@id\":\"https:\/\/arbrebalear.es\/es\/#\/schema\/logo\/image\/\"}}]}<\/script>\n<!-- \/ Yoast SEO plugin. -->","yoast_head_json":{"title":"Actividades - Associaci\u00f3 Balear de l\u2019Arbre (ABA)","robots":{"index":"index","follow":"follow","max-snippet":"max-snippet:-1","max-image-preview":"max-image-preview:large","max-video-preview":"max-video-preview:-1"},"canonical":"https:\/\/arbrebalear.es\/es\/actividades\/","og_locale":"es_ES","og_type":"article","og_title":"Actividades - Associaci\u00f3 Balear de l\u2019Arbre (ABA)","og_description":"Descubre los \u00e1rboles con ABA \u00bfTe apasionan los \u00e1rboles y la naturaleza? Participa en las actividades y formaciones de la Asociaci\u00f3n Balear del \u00c1rbol y con\u00e9ctate todo el a\u00f1o con el patrimonio arb\u00f3reo de las Islas Baleares. Todos los \u00e1rboles cuentan, no solo los singulares. Pr\u00f3ximas actividades Descubre los \u00e1rboles Un calendario mensual con charlas, [&hellip;]","og_url":"https:\/\/arbrebalear.es\/es\/actividades\/","og_site_name":"Associaci\u00f3 Balear de l\u2019Arbre (ABA)","article_modified_time":"2025-07-31T11:17:35+00:00","og_image":[{"width":1024,"height":683,"url":"https:\/\/arbrebalear.es\/wp-content\/uploads\/2025\/07\/actividades1.jpg","type":"image\/jpeg"}],"twitter_card":"summary_large_image","twitter_misc":{"Tiempo de lectura":"2 minutos"},"schema":{"@context":"https:\/\/schema.org","@graph":[{"@type":"WebPage","@id":"https:\/\/arbrebalear.es\/es\/actividades\/","url":"https:\/\/arbrebalear.es\/es\/actividades\/","name":"Actividades - Associaci\u00f3 Balear de l\u2019Arbre (ABA)","isPartOf":{"@id":"https:\/\/arbrebalear.es\/es\/#website"},"primaryImageOfPage":{"@id":"https:\/\/arbrebalear.es\/es\/actividades\/#primaryimage"},"image":{"@id":"https:\/\/arbrebalear.es\/es\/actividades\/#primaryimage"},"thumbnailUrl":"https:\/\/arbrebalear.es\/wp-content\/uploads\/2025\/07\/actividades1.jpg","datePublished":"2025-07-31T09:20:20+00:00","dateModified":"2025-07-31T11:17:35+00:00","breadcrumb":{"@id":"https:\/\/arbrebalear.es\/es\/actividades\/#breadcrumb"},"inLanguage":"es","potentialAction":[{"@type":"ReadAction","target":["https:\/\/arbrebalear.es\/es\/actividades\/"]}]},{"@type":"ImageObject","inLanguage":"es","@id":"https:\/\/arbrebalear.es\/es\/actividades\/#primaryimage","url":"https:\/\/arbrebalear.es\/wp-content\/uploads\/2025\/07\/actividades1.jpg","contentUrl":"https:\/\/arbrebalear.es\/wp-content\/uploads\/2025\/07\/actividades1.jpg"},{"@type":"BreadcrumbList","@id":"https:\/\/arbrebalear.es\/es\/actividades\/#breadcrumb","itemListElement":[{"@type":"ListItem","position":1,"name":"Portada","item":"https:\/\/arbrebalear.es\/es\/"},{"@type":"ListItem","position":2,"name":"Actividades"}]},{"@type":"WebSite","@id":"https:\/\/arbrebalear.es\/es\/#website","url":"https:\/\/arbrebalear.es\/es\/","name":"ABA","description":"L\u2019Associaci\u00f3 Balear de l\u2019Arbre (ABA) \u00e9s una entitat sense \u00e0nim de lucre creada l\u2019any 2009 per un grup de professionals de l\u2019arboricultura units per una mateixa preocupaci\u00f3: la p\u00e8rdua i degradaci\u00f3 del patrimoni arbori de les Illes Balears.","publisher":{"@id":"https:\/\/arbrebalear.es\/es\/#organization"},"potentialAction":[{"@type":"SearchAction","target":{"@type":"EntryPoint","urlTemplate":"https:\/\/arbrebalear.es\/es\/?s={search_term_string}"},"query-input":{"@type":"PropertyValueSpecification","valueRequired":true,"valueName":"search_term_string"}}],"inLanguage":"es"},{"@type":"Organization","@id":"https:\/\/arbrebalear.es\/es\/#organization","name":"ABA","url":"https:\/\/arbrebalear.es\/es\/","logo":{"@type":"ImageObject","inLanguage":"es","@id":"https:\/\/arbrebalear.es\/es\/#\/schema\/logo\/image\/","url":"https:\/\/arbrebalear.es\/wp-content\/uploads\/2025\/05\/cropped-aba-logo.webp","contentUrl":"https:\/\/arbrebalear.es\/wp-content\/uploads\/2025\/05\/cropped-aba-logo.webp","width":215,"height":162,"caption":"ABA"},"image":{"@id":"https:\/\/arbrebalear.es\/es\/#\/schema\/logo\/image\/"}}]}},"_links":{"self":[{"href":"https:\/\/arbrebalear.es\/es\/wp-json\/wp\/v2\/pages\/3653","targetHints":{"allow":["GET"]}}],"collection":[{"href":"https:\/\/arbrebalear.es\/es\/wp-json\/wp\/v2\/pages"}],"about":[{"href":"https:\/\/arbrebalear.es\/es\/wp-json\/wp\/v2\/types\/page"}],"author":[{"embeddable":true,"href":"https:\/\/arbrebalear.es\/es\/wp-json\/wp\/v2\/users\/1"}],"replies":[{"embeddable":true,"href":"https:\/\/arbrebalear.es\/es\/wp-json\/wp\/v2\/comments?post=3653"}],"version-history":[{"count":2,"href":"https:\/\/arbrebalear.es\/es\/wp-json\/wp\/v2\/pages\/3653\/revisions"}],"predecessor-version":[{"id":3662,"href":"https:\/\/arbrebalear.es\/es\/wp-json\/wp\/v2\/pages\/3653\/revisions\/3662"}],"wp:attachment":[{"href":"https:\/\/arbrebalear.es\/es\/wp-json\/wp\/v2\/media?parent=3653"}],"curies":[{"name":"wp","href":"https:\/\/api.w.org\/{rel}","templated":true}]}}