{"id":3696,"date":"2025-08-12T14:02:06","date_gmt":"2025-08-12T12:02:06","guid":{"rendered":"https:\/\/arbrebalear.es\/?post_type=product&#038;p=3696"},"modified":"2025-08-12T14:03:07","modified_gmt":"2025-08-12T12:03:07","slug":"curso-de-reconocimiento-y-diagnostico-de-hongos-descomponedores-en-arboles-2","status":"publish","type":"product","link":"https:\/\/arbrebalear.es\/es\/cursos\/curso-de-reconocimiento-y-diagnostico-de-hongos-descomponedores-en-arboles-2\/","title":{"rendered":"CURSO DE RECONOCIMIENTO Y DIAGN\u00d3STICO DE HONGOS DESCOMPONEDORES EN \u00c1RBOLES"},"content":{"rendered":"<p><strong>D\u00edas:<\/strong> 20 y 21 de octubre de 2023<\/p>\n<p><strong>Lugar: <\/strong>Mallorca Office, C\/ del Fluvi\u00e1, 1, Son Fuster<\/p>\n<p><strong>Hora:<\/strong> d\u00eda 20 de 16:00 a 20:30h y d\u00eda 21 de 8:00 a 14:00h<\/p>\n<p style=\"font-variant-ligatures: normal; font-variant-caps: normal; font-style: normal; font-weight: 400;\"><strong>\u00a0Total de horas:<\/strong> 10 horas<\/p>\n<p style=\"font-variant-ligatures: normal; font-variant-caps: normal; font-style: normal; font-weight: 400;\">A cargo de Andr\u00e9s Septien (Ingeniero Forestal y ETT).<\/p>\n<p style=\"font-variant-ligatures: normal; font-variant-caps: normal; font-style: normal; font-weight: 400;\"><strong>Precio socios:<\/strong> 70\u20ac<\/p>\n<p style=\"font-variant-ligatures: normal; font-variant-caps: normal; font-style: normal; font-weight: 400;\"><strong>Precio no socios:<\/strong> 84\u20ac<\/p>\n<p style=\"font-variant-ligatures: normal; font-variant-caps: normal; font-style: normal; font-weight: 400;\"><strong>M\u00e1ximo de asistentes:<\/strong> 20 alumnos<\/p>\n<p style=\"font-variant-ligatures: normal; font-variant-caps: normal; font-style: normal; font-weight: 400;\"><strong>Contenidos del curso:<\/strong><\/p>\n<ol>\n<li>Aspectos fundamentales\n<ul>\n<li>Introducci\u00f3n a la ecolog\u00eda de los hongos descomponedores<\/li>\n<li>Conceptos b\u00e1sicos de fitopatolog\u00eda<\/li>\n<li>La colonizaci\u00f3n de la madera. Estrategias de colonizaci\u00f3n de la madera por parte de los<br \/>\nhongos xil\u00f3fagos<\/li>\n<li>El desarrollo de la pudrici\u00f3n. Factores que intervienen en el desarrollo y velocidad de las<br \/>\npudriciones.<\/li>\n<li>Criterios para la clasificaci\u00f3n de hongos descomponedores<\/li>\n<li>Modelo mec\u00e1nico de la madera. Tipos de pudrici\u00f3n de la madera<\/li>\n<\/ul>\n<\/li>\n<li>Efectos de las principales especies de hongos descomponedores\n<ul>\n<li>Principales hongos epigeos en ambientes urbanos. Descripci\u00f3n, claves para su<br \/>\nidentificaci\u00f3n y efectos sobre el comportamiento mec\u00e1nico y fisiol\u00f3gico del \u00e1rbol.<\/li>\n<li>Principales hongos hipogeos en ambientes urbanos. Descripci\u00f3n, claves para su<br \/>\nidentificaci\u00f3n y efectos sobre el comportamiento mec\u00e1nico y fisiol\u00f3gico del \u00e1rbol.<\/li>\n<\/ul>\n<\/li>\n<li>Valoraci\u00f3n de pudriciones\n<ul>\n<li>Aspectos a tener en cuenta en la valoraci\u00f3n de pudriciones<\/li>\n<li>Aplicaciones pr\u00e1cticas de cara a la conservaci\u00f3n del arbolado.<\/li>\n<\/ul>\n<\/li>\n<\/ol>\n","protected":false},"excerpt":{"rendered":"<p>D\u00edas: 20 y 21 de octubre de 2023 Lugar: Mallorca Office, C\/ del Fluvi\u00e1, 1, Son Fuster Hora: d\u00eda 20 de 16:00 a 20:30h y d\u00eda 21 de 8:00 a 14:00h \u00a0Total de horas: 10 horas A cargo de Andr\u00e9s Septien (Ingeniero Forestal y ETT). Precio socios: 70\u20ac Precio no socios: 84\u20ac M\u00e1ximo de asistentes: [&hellip;]<\/p>\n","protected":false},"featured_media":3722,"template":"","meta":[],"product_brand":[],"product_cat":[17],"product_tag":[],"class_list":{"0":"post-3696","1":"product","2":"type-product","3":"status-publish","4":"has-post-thumbnail","6":"product_cat-cursos","8":"first","9":"outofstock","10":"sold-individually","11":"shipping-taxable","12":"purchasable","13":"product-type-variable"},"yoast_head":"<!-- This site is optimized with the Yoast SEO plugin v27.0 - https:\/\/yoast.com\/product\/yoast-seo-wordpress\/ -->\n<title>CURSO DE RECONOCIMIENTO Y DIAGN\u00d3STICO DE HONGOS DESCOMPONEDORES EN \u00c1RBOLES - Associaci\u00f3 Balear de l\u2019Arbre (ABA)<\/title>\n<meta name=\"robots\" content=\"index, follow, max-snippet:-1, max-image-preview:large, max-video-preview:-1\" \/>\n<link rel=\"canonical\" href=\"https:\/\/arbrebalear.es\/es\/cursos\/curso-de-reconocimiento-y-diagnostico-de-hongos-descomponedores-en-arboles-2\/\" \/>\n<meta property=\"og:locale\" content=\"es_ES\" \/>\n<meta property=\"og:type\" content=\"article\" \/>\n<meta property=\"og:title\" content=\"CURSO DE RECONOCIMIENTO Y DIAGN\u00d3STICO DE HONGOS DESCOMPONEDORES EN \u00c1RBOLES - Associaci\u00f3 Balear de l\u2019Arbre (ABA)\" \/>\n<meta property=\"og:description\" content=\"D\u00edas: 20 y 21 de octubre de 2023 Lugar: Mallorca Office, C\/ del Fluvi\u00e1, 1, Son Fuster Hora: d\u00eda 20 de 16:00 a 20:30h y d\u00eda 21 de 8:00 a 14:00h \u00a0Total de horas: 10 horas A cargo de Andr\u00e9s Septien (Ingeniero Forestal y ETT). Precio socios: 70\u20ac Precio no socios: 84\u20ac M\u00e1ximo de asistentes: [&hellip;]\" \/>\n<meta property=\"og:url\" content=\"https:\/\/arbrebalear.es\/es\/cursos\/curso-de-reconocimiento-y-diagnostico-de-hongos-descomponedores-en-arboles-2\/\" \/>\n<meta property=\"og:site_name\" content=\"Associaci\u00f3 Balear de l\u2019Arbre (ABA)\" \/>\n<meta property=\"article:modified_time\" content=\"2025-08-12T12:03:07+00:00\" \/>\n<meta name=\"twitter:card\" content=\"summary_large_image\" \/>\n<meta name=\"twitter:label1\" content=\"Tiempo de lectura\" \/>\n\t<meta name=\"twitter:data1\" content=\"1 minuto\" \/>\n<script type=\"application\/ld+json\" class=\"yoast-schema-graph\">{\"@context\":\"https:\/\/schema.org\",\"@graph\":[{\"@type\":\"WebPage\",\"@id\":\"https:\/\/arbrebalear.es\/es\/cursos\/curso-de-reconocimiento-y-diagnostico-de-hongos-descomponedores-en-arboles-2\/\",\"url\":\"https:\/\/arbrebalear.es\/es\/cursos\/curso-de-reconocimiento-y-diagnostico-de-hongos-descomponedores-en-arboles-2\/\",\"name\":\"CURSO DE RECONOCIMIENTO Y DIAGN\u00d3STICO DE HONGOS DESCOMPONEDORES EN \u00c1RBOLES - Associaci\u00f3 Balear de l\u2019Arbre (ABA)\",\"isPartOf\":{\"@id\":\"https:\/\/arbrebalear.es\/es\/#website\"},\"primaryImageOfPage\":{\"@id\":\"https:\/\/arbrebalear.es\/es\/cursos\/curso-de-reconocimiento-y-diagnostico-de-hongos-descomponedores-en-arboles-2\/#primaryimage\"},\"image\":{\"@id\":\"https:\/\/arbrebalear.es\/es\/cursos\/curso-de-reconocimiento-y-diagnostico-de-hongos-descomponedores-en-arboles-2\/#primaryimage\"},\"thumbnailUrl\":\"https:\/\/arbrebalear.es\/wp-content\/uploads\/2025\/08\/Reconocimiento-y-Diagnostico-de-Hongos-_01.jpg\",\"datePublished\":\"2025-08-12T12:02:06+00:00\",\"dateModified\":\"2025-08-12T12:03:07+00:00\",\"breadcrumb\":{\"@id\":\"https:\/\/arbrebalear.es\/es\/cursos\/curso-de-reconocimiento-y-diagnostico-de-hongos-descomponedores-en-arboles-2\/#breadcrumb\"},\"inLanguage\":\"es\",\"potentialAction\":[{\"@type\":\"ReadAction\",\"target\":[\"https:\/\/arbrebalear.es\/es\/cursos\/curso-de-reconocimiento-y-diagnostico-de-hongos-descomponedores-en-arboles-2\/\"]}]},{\"@type\":\"ImageObject\",\"inLanguage\":\"es\",\"@id\":\"https:\/\/arbrebalear.es\/es\/cursos\/curso-de-reconocimiento-y-diagnostico-de-hongos-descomponedores-en-arboles-2\/#primaryimage\",\"url\":\"https:\/\/arbrebalear.es\/wp-content\/uploads\/2025\/08\/Reconocimiento-y-Diagnostico-de-Hongos-_01.jpg\",\"contentUrl\":\"https:\/\/arbrebalear.es\/wp-content\/uploads\/2025\/08\/Reconocimiento-y-Diagnostico-de-Hongos-_01.jpg\",\"width\":1080,\"height\":1350},{\"@type\":\"BreadcrumbList\",\"@id\":\"https:\/\/arbrebalear.es\/es\/cursos\/curso-de-reconocimiento-y-diagnostico-de-hongos-descomponedores-en-arboles-2\/#breadcrumb\",\"itemListElement\":[{\"@type\":\"ListItem\",\"position\":1,\"name\":\"Portada\",\"item\":\"https:\/\/arbrebalear.es\/es\/\"},{\"@type\":\"ListItem\",\"position\":2,\"name\":\"Tienda\",\"item\":\"https:\/\/arbrebalear.es\/es\/tienda\/\"},{\"@type\":\"ListItem\",\"position\":3,\"name\":\"CURSO DE RECONOCIMIENTO Y DIAGN\u00d3STICO DE HONGOS DESCOMPONEDORES EN \u00c1RBOLES\"}]},{\"@type\":\"WebSite\",\"@id\":\"https:\/\/arbrebalear.es\/es\/#website\",\"url\":\"https:\/\/arbrebalear.es\/es\/\",\"name\":\"ABA\",\"description\":\"L\u2019Associaci\u00f3 Balear de l\u2019Arbre (ABA) \u00e9s una entitat sense \u00e0nim de lucre creada l\u2019any 2009 per un grup de professionals de l\u2019arboricultura units per una mateixa preocupaci\u00f3: la p\u00e8rdua i degradaci\u00f3 del patrimoni arbori de les Illes Balears.\",\"publisher\":{\"@id\":\"https:\/\/arbrebalear.es\/es\/#organization\"},\"potentialAction\":[{\"@type\":\"SearchAction\",\"target\":{\"@type\":\"EntryPoint\",\"urlTemplate\":\"https:\/\/arbrebalear.es\/es\/?s={search_term_string}\"},\"query-input\":{\"@type\":\"PropertyValueSpecification\",\"valueRequired\":true,\"valueName\":\"search_term_string\"}}],\"inLanguage\":\"es\"},{\"@type\":\"Organization\",\"@id\":\"https:\/\/arbrebalear.es\/es\/#organization\",\"name\":\"ABA\",\"url\":\"https:\/\/arbrebalear.es\/es\/\",\"logo\":{\"@type\":\"ImageObject\",\"inLanguage\":\"es\",\"@id\":\"https:\/\/arbrebalear.es\/es\/#\/schema\/logo\/image\/\",\"url\":\"https:\/\/arbrebalear.es\/wp-content\/uploads\/2025\/05\/cropped-aba-logo.webp\",\"contentUrl\":\"https:\/\/arbrebalear.es\/wp-content\/uploads\/2025\/05\/cropped-aba-logo.webp\",\"width\":215,\"height\":162,\"caption\":\"ABA\"},\"image\":{\"@id\":\"https:\/\/arbrebalear.es\/es\/#\/schema\/logo\/image\/\"}}]}<\/script>\n<!-- \/ Yoast SEO plugin. -->","yoast_head_json":{"title":"CURSO DE RECONOCIMIENTO Y DIAGN\u00d3STICO DE HONGOS DESCOMPONEDORES EN \u00c1RBOLES - Associaci\u00f3 Balear de l\u2019Arbre (ABA)","robots":{"index":"index","follow":"follow","max-snippet":"max-snippet:-1","max-image-preview":"max-image-preview:large","max-video-preview":"max-video-preview:-1"},"canonical":"https:\/\/arbrebalear.es\/es\/cursos\/curso-de-reconocimiento-y-diagnostico-de-hongos-descomponedores-en-arboles-2\/","og_locale":"es_ES","og_type":"article","og_title":"CURSO DE RECONOCIMIENTO Y DIAGN\u00d3STICO DE HONGOS DESCOMPONEDORES EN \u00c1RBOLES - Associaci\u00f3 Balear de l\u2019Arbre (ABA)","og_description":"D\u00edas: 20 y 21 de octubre de 2023 Lugar: Mallorca Office, C\/ del Fluvi\u00e1, 1, Son Fuster Hora: d\u00eda 20 de 16:00 a 20:30h y d\u00eda 21 de 8:00 a 14:00h \u00a0Total de horas: 10 horas A cargo de Andr\u00e9s Septien (Ingeniero Forestal y ETT). Precio socios: 70\u20ac Precio no socios: 84\u20ac M\u00e1ximo de asistentes: [&hellip;]","og_url":"https:\/\/arbrebalear.es\/es\/cursos\/curso-de-reconocimiento-y-diagnostico-de-hongos-descomponedores-en-arboles-2\/","og_site_name":"Associaci\u00f3 Balear de l\u2019Arbre (ABA)","article_modified_time":"2025-08-12T12:03:07+00:00","twitter_card":"summary_large_image","twitter_misc":{"Tiempo de lectura":"1 minuto"},"schema":{"@context":"https:\/\/schema.org","@graph":[{"@type":"WebPage","@id":"https:\/\/arbrebalear.es\/es\/cursos\/curso-de-reconocimiento-y-diagnostico-de-hongos-descomponedores-en-arboles-2\/","url":"https:\/\/arbrebalear.es\/es\/cursos\/curso-de-reconocimiento-y-diagnostico-de-hongos-descomponedores-en-arboles-2\/","name":"CURSO DE RECONOCIMIENTO Y DIAGN\u00d3STICO DE HONGOS DESCOMPONEDORES EN \u00c1RBOLES - Associaci\u00f3 Balear de l\u2019Arbre (ABA)","isPartOf":{"@id":"https:\/\/arbrebalear.es\/es\/#website"},"primaryImageOfPage":{"@id":"https:\/\/arbrebalear.es\/es\/cursos\/curso-de-reconocimiento-y-diagnostico-de-hongos-descomponedores-en-arboles-2\/#primaryimage"},"image":{"@id":"https:\/\/arbrebalear.es\/es\/cursos\/curso-de-reconocimiento-y-diagnostico-de-hongos-descomponedores-en-arboles-2\/#primaryimage"},"thumbnailUrl":"https:\/\/arbrebalear.es\/wp-content\/uploads\/2025\/08\/Reconocimiento-y-Diagnostico-de-Hongos-_01.jpg","datePublished":"2025-08-12T12:02:06+00:00","dateModified":"2025-08-12T12:03:07+00:00","breadcrumb":{"@id":"https:\/\/arbrebalear.es\/es\/cursos\/curso-de-reconocimiento-y-diagnostico-de-hongos-descomponedores-en-arboles-2\/#breadcrumb"},"inLanguage":"es","potentialAction":[{"@type":"ReadAction","target":["https:\/\/arbrebalear.es\/es\/cursos\/curso-de-reconocimiento-y-diagnostico-de-hongos-descomponedores-en-arboles-2\/"]}]},{"@type":"ImageObject","inLanguage":"es","@id":"https:\/\/arbrebalear.es\/es\/cursos\/curso-de-reconocimiento-y-diagnostico-de-hongos-descomponedores-en-arboles-2\/#primaryimage","url":"https:\/\/arbrebalear.es\/wp-content\/uploads\/2025\/08\/Reconocimiento-y-Diagnostico-de-Hongos-_01.jpg","contentUrl":"https:\/\/arbrebalear.es\/wp-content\/uploads\/2025\/08\/Reconocimiento-y-Diagnostico-de-Hongos-_01.jpg","width":1080,"height":1350},{"@type":"BreadcrumbList","@id":"https:\/\/arbrebalear.es\/es\/cursos\/curso-de-reconocimiento-y-diagnostico-de-hongos-descomponedores-en-arboles-2\/#breadcrumb","itemListElement":[{"@type":"ListItem","position":1,"name":"Portada","item":"https:\/\/arbrebalear.es\/es\/"},{"@type":"ListItem","position":2,"name":"Tienda","item":"https:\/\/arbrebalear.es\/es\/tienda\/"},{"@type":"ListItem","position":3,"name":"CURSO DE RECONOCIMIENTO Y DIAGN\u00d3STICO DE HONGOS DESCOMPONEDORES EN \u00c1RBOLES"}]},{"@type":"WebSite","@id":"https:\/\/arbrebalear.es\/es\/#website","url":"https:\/\/arbrebalear.es\/es\/","name":"ABA","description":"L\u2019Associaci\u00f3 Balear de l\u2019Arbre (ABA) \u00e9s una entitat sense \u00e0nim de lucre creada l\u2019any 2009 per un grup de professionals de l\u2019arboricultura units per una mateixa preocupaci\u00f3: la p\u00e8rdua i degradaci\u00f3 del patrimoni arbori de les Illes Balears.","publisher":{"@id":"https:\/\/arbrebalear.es\/es\/#organization"},"potentialAction":[{"@type":"SearchAction","target":{"@type":"EntryPoint","urlTemplate":"https:\/\/arbrebalear.es\/es\/?s={search_term_string}"},"query-input":{"@type":"PropertyValueSpecification","valueRequired":true,"valueName":"search_term_string"}}],"inLanguage":"es"},{"@type":"Organization","@id":"https:\/\/arbrebalear.es\/es\/#organization","name":"ABA","url":"https:\/\/arbrebalear.es\/es\/","logo":{"@type":"ImageObject","inLanguage":"es","@id":"https:\/\/arbrebalear.es\/es\/#\/schema\/logo\/image\/","url":"https:\/\/arbrebalear.es\/wp-content\/uploads\/2025\/05\/cropped-aba-logo.webp","contentUrl":"https:\/\/arbrebalear.es\/wp-content\/uploads\/2025\/05\/cropped-aba-logo.webp","width":215,"height":162,"caption":"ABA"},"image":{"@id":"https:\/\/arbrebalear.es\/es\/#\/schema\/logo\/image\/"}}]}},"_links":{"self":[{"href":"https:\/\/arbrebalear.es\/es\/wp-json\/wp\/v2\/product\/3696","targetHints":{"allow":["GET"]}}],"collection":[{"href":"https:\/\/arbrebalear.es\/es\/wp-json\/wp\/v2\/product"}],"about":[{"href":"https:\/\/arbrebalear.es\/es\/wp-json\/wp\/v2\/types\/product"}],"wp:featuredmedia":[{"embeddable":true,"href":"https:\/\/arbrebalear.es\/es\/wp-json\/wp\/v2\/media\/3722"}],"wp:attachment":[{"href":"https:\/\/arbrebalear.es\/es\/wp-json\/wp\/v2\/media?parent=3696"}],"wp:term":[{"taxonomy":"product_brand","embeddable":true,"href":"https:\/\/arbrebalear.es\/es\/wp-json\/wp\/v2\/product_brand?post=3696"},{"taxonomy":"product_cat","embeddable":true,"href":"https:\/\/arbrebalear.es\/es\/wp-json\/wp\/v2\/product_cat?post=3696"},{"taxonomy":"product_tag","embeddable":true,"href":"https:\/\/arbrebalear.es\/es\/wp-json\/wp\/v2\/product_tag?post=3696"}],"curies":[{"name":"wp","href":"https:\/\/api.w.org\/{rel}","templated":true}]}}