{"id":3768,"date":"2025-08-12T14:03:14","date_gmt":"2025-08-12T12:03:14","guid":{"rendered":"https:\/\/arbrebalear.es\/?post_type=product&#038;p=3768"},"modified":"2025-09-23T13:59:04","modified_gmt":"2025-09-23T11:59:04","slug":"biotreeversity-jornadas-sobre-arboles-en-entornos-urbanos-25-y-26-de-septiembre","status":"publish","type":"product","link":"https:\/\/arbrebalear.es\/es\/cursos\/biotreeversity-jornadas-sobre-arboles-en-entornos-urbanos-25-y-26-de-septiembre\/","title":{"rendered":"BIOTREEVERSITY. Jornadas sobre \u00c1rboles en entornos urbanos. 25 y 26 de septiembre"},"content":{"rendered":"<h4>CAT en carteles<\/h4>\n<h4 class=\"cvGsUA direction-ltr align-justify para-style-body\"><span class=\"OYPEnA font-feature-liga-off font-feature-clig-off font-feature-calt-off text-decoration-none text-strikethrough-none\">Jornadas y formaci\u00f3n pr\u00e1ctica sobre Conservaci\u00f3n ecol\u00f3gica, gesti\u00f3n integrada y biodiversidad funcional de los \u00e1rboles en entornos urbanos.<\/span><\/h4>\n<div>\n<div>\n<div>\n<h4>Estas jornadas\/formaci\u00f3n focaliza sobre la importancia de conservar los \u00e1rboles en entornos urbanos, su papel en la biodiversidad funcional y la necesidad de una gesti\u00f3n integrada. Se presentan estudios sobre biodiversidad urbana, t\u00e9cnicas de arboricultura conservadora y c\u00f3mo equilibrar conservaci\u00f3n y gesti\u00f3n del riesgo.<\/h4>\n<p><strong>Con la colaboraci\u00f3n de BiotreeVersity y el apoyo de <a href=\"https:\/\/nemusarboricultura.com\/\">NEMUS<\/a> y 3T.<\/strong><\/p>\n<\/div>\n<div>\n<div>\n<div>\n<h3><strong>CONTENIDOS<\/strong><\/h3>\n<\/div>\n<div>\n<p>.<strong>Importancia ecol\u00f3gica de la conservaci\u00f3n de h\u00e1bitats de \u00e1rboles en un ambiente antropizado<\/strong>: concepto de biodiversidad funcional, relaci\u00f3n entre las etapas de desarrollo de los \u00e1rboles y los patrones de biodiversidad, fragmentaci\u00f3n del paisaje y elementos de conexi\u00f3n ecol\u00f3gica.<\/p>\n<\/div>\n<div>\n<p>\u00b7<strong>Proyecto de investigaci\u00f3n sobre \u00e1rboles en un entorno urbano de la Universidad de Bicocca<\/strong>: algunos resultados de una investigaci\u00f3n realizada en Mil\u00e1n sobre la biodiversidad asociada a los \u00e1rboles y los patrones estacionales y verticales.<\/p>\n<\/div>\n<div>\n<p>\u00b7El <strong>enfoque integrado de la gesti\u00f3n de los \u00e1rboles<\/strong>: marco de las diferentes habilidades que giran en torno a la gesti\u00f3n de los \u00e1rboles.<\/p>\n<\/div>\n<div>\n<p>\u00b7<strong>T\u00e9cnicas para la arboricultura conservadora:<\/strong> referencia a las regulaciones y est\u00e1ndares europeos, intervenciones espec\u00edficas basadas en el conocimiento del papel ecol\u00f3gico, la sostenibilidad de las intervenciones y la comunicaci\u00f3n.<\/p>\n<\/div>\n<div>\n<p>.<strong>\u00bfEs posible combinar conservaci\u00f3n y gesti\u00f3n de riesgos?<\/strong> Presentaci\u00f3n de estudios de caso y experiencias de campo.<\/p>\n<\/div>\n<div>\n<div>\n<div>\n<h3><strong>PROGRAMA<\/strong><\/h3>\n<\/div>\n<div>\n<p><strong>Jueves 25 septiembre<\/strong><\/p>\n<\/div>\n<div>\n<p>9h &#8211; 9:30h Presentaci\u00f3n<\/p>\n<\/div>\n<div>\n<p>9:30h &#8211; 11h Ecolog\u00eda y \u00e1rboles, del bosque al ambiente urbano<\/p>\n<\/div>\n<div>\n<p>11h &#8211; 11:20h Pausa caf\u00e9<\/p>\n<\/div>\n<div>\n<p>11:20h &#8211; 12:20h Nicho ecol\u00f3gico y dendro microh\u00e1bitat, reconocerlo y conocerlo<\/p>\n<\/div>\n<div>\n<p>12:20h &#8211; 13h Proyecto de investigaci\u00f3n \u2018Habita Trees: home for biodiversity!\u2019<\/p>\n<\/div>\n<div>\n<p>13h -14:30h pausa comida<\/p>\n<\/div>\n<div>\n<p>14:30h &#8211; 15:30h Introducci\u00f3n a el Visual Biodiversity Assessment (VBA)<\/p>\n<\/div>\n<div>\n<p>15:30h &#8211; 17:15h Observaci\u00f3n directa de los \u00e1rboles h\u00e1bitat<\/p>\n<\/div>\n<div>\n<p>17:15h &#8211; 17:30h pausa<\/p>\n<\/div>\n<div>\n<p>17:30h &#8211; 18:30h Discusi\u00f3n final, mesa redonda<\/p>\n<\/div>\n<div>\n<p><strong>Viernes 26 septiembre<\/strong><\/p>\n<\/div>\n<div>\n<p>9h &#8211; 10:30h Arboricultura conservativa, t\u00e9cnicas para la gesti\u00f3n<\/p>\n<\/div>\n<div>\n<p>10:30h &#8211; 10:45h pausa caf\u00e9<\/p>\n<\/div>\n<div>\n<p>10:45h &#8211; 12h Evaluaci\u00f3n y elecci\u00f3n de la intervenci\u00f3n (trabajo en grupo)<\/p>\n<\/div>\n<div>\n<p>12h &#8211; 13h Comparaci\u00f3n de propuestas de gesti\u00f3n<\/p>\n<\/div>\n<div>\n<p>13h a 14:30h pausa comida<\/p>\n<\/div>\n<div>\n<p>14:30h &#8211; 16h Demostraci\u00f3n en altura de una de las mejoras propuestas<\/p>\n<\/div>\n<p>&nbsp;<\/p>\n<p class=\"cvGsUA direction-ltr align-start para-style-body\"><strong><span class=\"OYPEnA font-feature-liga-off font-feature-clig-off font-feature-calt-off text-decoration-none text-strikethrough-none\">QUI\u00c9NES SON LOS PROFESORES?<\/span><\/strong><\/p>\n<p class=\"cvGsUA direction-ltr align-start para-style-body\"><span class=\"OYPEnA font-feature-liga-off font-feature-clig-off font-feature-calt-off text-decoration-none text-strikethrough-none\">Somos una comunidad de acci\u00f3n formada por personas con diferentes trayectorias educativas y habilidades profesionales, unidos por el compromiso con la investigaci\u00f3n, el estudio y la conservaci\u00f3n de grandes \u00e1rboles y h\u00e1bitats amenazados por los cambios ambientales, incluidos los bosques, los glaciares y los ambientes k\u00e1rsticos.<\/span><\/p>\n<p class=\"cvGsUA direction-ltr align-start para-style-body\"><span class=\"OYPEnA font-feature-liga-off font-feature-clig-off font-feature-calt-off text-decoration-none text-strikethrough-none\">Nuestra misi\u00f3n<\/span><\/p>\n<p class=\"cvGsUA direction-ltr align-start para-style-body\"><span class=\"OYPEnA font-feature-liga-off font-feature-clig-off font-feature-calt-off text-decoration-none text-strikethrough-none\">Nuestra misi\u00f3n es proteger estos ecosistemas y las especies que dependen de ellos, a trav\u00e9s de un enfoque cient\u00edfico, profesional, educativo y activista. Operamos con m\u00e9todos interdisciplinarios para generar un impacto positivo tanto en el medio ambiente como en la sociedad, promoviendo la protecci\u00f3n de la biodiversidad como un valor compartido y urgente.<\/span><\/p>\n<p class=\"cvGsUA direction-ltr align-start para-style-body\"><span class=\"OYPEnA font-feature-liga-off font-feature-clig-off font-feature-calt-off text-decoration-none text-strikethrough-none\">D<\/span><span class=\"OYPEnA font-feature-liga-off font-feature-clig-off font-feature-calt-off text-decoration-none text-strikethrough-none\">escripci\u00f3n Equipo<\/span><\/p>\n<p class=\"cvGsUA direction-ltr align-start para-style-body\"><strong><span class=\"OYPEnA font-feature-liga-off font-feature-clig-off font-feature-calt-off text-decoration-none text-strikethrough-none\">Claudia Canedoli (profesora)<\/span><\/strong><\/p>\n<p class=\"cvGsUA direction-ltr align-start para-style-body\"><span class=\"OYPEnA font-feature-liga-off font-feature-clig-off font-feature-calt-off text-decoration-none text-strikethrough-none\">Investigadora de ecolog\u00eda y conservaci\u00f3n de la biodiversidad en la Universit\u00e0 degli Studi di Milano-Bicocca.<\/span><\/p>\n<p class=\"cvGsUA direction-ltr align-start para-style-body\"><span class=\"OYPEnA font-feature-liga-off font-feature-clig-off font-feature-calt-off text-decoration-none text-strikethrough-none\">Davide<strong> Corengia (profesor)<\/strong><\/span><\/p>\n<p class=\"cvGsUA direction-ltr align-start para-style-body\"><span class=\"OYPEnA font-feature-liga-off font-feature-clig-off font-feature-calt-off text-decoration-none text-strikethrough-none\">European Tree Worker especializado en intervenciones de conservaci\u00f3n y promoci\u00f3n de la biodiversidad, fundador de VerticalVerde.<\/span><\/p>\n<p class=\"cvGsUA direction-ltr align-start para-style-body\"><strong><span class=\"OYPEnA font-feature-liga-off font-feature-clig-off font-feature-calt-off text-decoration-none text-strikethrough-none\">Fernando Albert (traductor)<\/span><\/strong><\/p>\n<p class=\"cvGsUA direction-ltr align-start para-style-body\"><span class=\"OYPEnA font-feature-liga-off font-feature-clig-off font-feature-calt-off text-decoration-none text-strikethrough-none\">European Tree Worker arboricultor, instructor forestal y de trepa de \u00e1rboles. Embajador de Biotreeversity. Dominio de la lengua castellana, italiana y catalana.<\/span><\/p>\n<\/div>\n<\/div>\n<\/div>\n<\/div>\n<\/div>\n<\/div>\n","protected":false},"excerpt":{"rendered":"<h3 class=\"cvGsUA direction-ltr align-justify para-style-body\"><span class=\"OYPEnA font-feature-liga-off font-feature-clig-off font-feature-calt-off text-decoration-none text-strikethrough-none\">Jornadas y formaci\u00f3n pr\u00e1ctica sobre Conservaci\u00f3n ecol\u00f3gica, gesti\u00f3n integrada y biodiversidad funcional de los \u00e1rboles en entornos urbanos.<\/span><\/h3>\n<div>\n<div>\n<div>\n<p>Esta formaci\u00f3n focaliza sobre la importancia de conservar los \u00e1rboles en entornos urbanos, su papel en la biodiversidad funcional y la necesidad de una gesti\u00f3n integrada. Se presentan estudios sobre biodiversidad urbana, t\u00e9cnicas de arboricultura conservadora y c\u00f3mo equilibrar conservaci\u00f3n y gesti\u00f3n del riesgo.<\/p>\n<p><strong>Con la colaboraci\u00f3n de BiotreeVersity y el apoyo de <a href=\"https:\/\/nemusarboricultura.com\/\">NEMUS<\/a> y 3T.<\/strong><\/p>\n<p><strong>PRECIO<\/strong><\/p>\n<ul>\n<li>150 euros no socios<\/li>\n<li>90 euros socios<\/li>\n<\/ul>\n<p><strong>16h de formaci\u00f3n<\/strong><\/p>\n<\/div>\n<\/div>\n<\/div>\n","protected":false},"featured_media":3821,"template":"","meta":[],"product_brand":[],"product_cat":[32],"product_tag":[],"class_list":{"0":"post-3768","1":"product","2":"type-product","3":"status-publish","4":"has-post-thumbnail","6":"product_cat-formacions-tecniques-per-a-especialistes","8":"first","9":"instock","10":"shipping-taxable","11":"purchasable","12":"product-type-variable"},"yoast_head":"<!-- This site is optimized with the Yoast SEO plugin v27.0 - https:\/\/yoast.com\/product\/yoast-seo-wordpress\/ -->\n<title>BIOTREEVERSITY. Jornadas sobre \u00c1rboles en entornos urbanos. 25 y 26 de septiembre - Associaci\u00f3 Balear de l\u2019Arbre (ABA)<\/title>\n<meta name=\"robots\" content=\"index, follow, max-snippet:-1, max-image-preview:large, max-video-preview:-1\" \/>\n<link rel=\"canonical\" href=\"https:\/\/arbrebalear.es\/es\/cursos\/biotreeversity-jornadas-sobre-arboles-en-entornos-urbanos-25-y-26-de-septiembre\/\" \/>\n<meta property=\"og:locale\" content=\"es_ES\" \/>\n<meta property=\"og:type\" content=\"article\" \/>\n<meta property=\"og:title\" content=\"BIOTREEVERSITY. Jornadas sobre \u00c1rboles en entornos urbanos. 25 y 26 de septiembre - Associaci\u00f3 Balear de l\u2019Arbre (ABA)\" \/>\n<meta property=\"og:description\" content=\"Jornadas y formaci\u00f3n pr\u00e1ctica sobre Conservaci\u00f3n ecol\u00f3gica, gesti\u00f3n integrada y biodiversidad funcional de los \u00e1rboles en entornos urbanos.     Esta formaci\u00f3n focaliza sobre la importancia de conservar los \u00e1rboles en entornos urbanos, su papel en la biodiversidad funcional y la necesidad de una gesti\u00f3n integrada. Se presentan estudios sobre biodiversidad urbana, t\u00e9cnicas de arboricultura conservadora y c\u00f3mo equilibrar conservaci\u00f3n y gesti\u00f3n del riesgo.  Con la colaboraci\u00f3n de BiotreeVersity y el apoyo de NEMUS y 3T.  PRECIO   150 euros no socios  90 euros socios  16h de formaci\u00f3n\" \/>\n<meta property=\"og:url\" content=\"https:\/\/arbrebalear.es\/es\/cursos\/biotreeversity-jornadas-sobre-arboles-en-entornos-urbanos-25-y-26-de-septiembre\/\" \/>\n<meta property=\"og:site_name\" content=\"Associaci\u00f3 Balear de l\u2019Arbre (ABA)\" \/>\n<meta property=\"article:modified_time\" content=\"2025-09-23T11:59:04+00:00\" \/>\n<meta property=\"og:image\" content=\"https:\/\/arbrebalear.es\/wp-content\/uploads\/2025\/08\/1-2.jpg\" \/>\n\t<meta property=\"og:image:width\" content=\"1080\" \/>\n\t<meta property=\"og:image:height\" content=\"1350\" \/>\n\t<meta property=\"og:image:type\" content=\"image\/jpeg\" \/>\n<meta name=\"twitter:card\" content=\"summary_large_image\" \/>\n<meta name=\"twitter:label1\" content=\"Tiempo de lectura\" \/>\n\t<meta name=\"twitter:data1\" content=\"4 minutos\" \/>\n<script type=\"application\/ld+json\" class=\"yoast-schema-graph\">{\"@context\":\"https:\/\/schema.org\",\"@graph\":[{\"@type\":\"WebPage\",\"@id\":\"https:\/\/arbrebalear.es\/es\/cursos\/biotreeversity-jornadas-sobre-arboles-en-entornos-urbanos-25-y-26-de-septiembre\/\",\"url\":\"https:\/\/arbrebalear.es\/es\/cursos\/biotreeversity-jornadas-sobre-arboles-en-entornos-urbanos-25-y-26-de-septiembre\/\",\"name\":\"BIOTREEVERSITY. Jornadas sobre \u00c1rboles en entornos urbanos. 25 y 26 de septiembre - Associaci\u00f3 Balear de l\u2019Arbre (ABA)\",\"isPartOf\":{\"@id\":\"https:\/\/arbrebalear.es\/es\/#website\"},\"primaryImageOfPage\":{\"@id\":\"https:\/\/arbrebalear.es\/es\/cursos\/biotreeversity-jornadas-sobre-arboles-en-entornos-urbanos-25-y-26-de-septiembre\/#primaryimage\"},\"image\":{\"@id\":\"https:\/\/arbrebalear.es\/es\/cursos\/biotreeversity-jornadas-sobre-arboles-en-entornos-urbanos-25-y-26-de-septiembre\/#primaryimage\"},\"thumbnailUrl\":\"https:\/\/arbrebalear.es\/wp-content\/uploads\/2025\/08\/1-2.jpg\",\"datePublished\":\"2025-08-12T12:03:14+00:00\",\"dateModified\":\"2025-09-23T11:59:04+00:00\",\"breadcrumb\":{\"@id\":\"https:\/\/arbrebalear.es\/es\/cursos\/biotreeversity-jornadas-sobre-arboles-en-entornos-urbanos-25-y-26-de-septiembre\/#breadcrumb\"},\"inLanguage\":\"es\",\"potentialAction\":[{\"@type\":\"ReadAction\",\"target\":[\"https:\/\/arbrebalear.es\/es\/cursos\/biotreeversity-jornadas-sobre-arboles-en-entornos-urbanos-25-y-26-de-septiembre\/\"]}]},{\"@type\":\"ImageObject\",\"inLanguage\":\"es\",\"@id\":\"https:\/\/arbrebalear.es\/es\/cursos\/biotreeversity-jornadas-sobre-arboles-en-entornos-urbanos-25-y-26-de-septiembre\/#primaryimage\",\"url\":\"https:\/\/arbrebalear.es\/wp-content\/uploads\/2025\/08\/1-2.jpg\",\"contentUrl\":\"https:\/\/arbrebalear.es\/wp-content\/uploads\/2025\/08\/1-2.jpg\",\"width\":1080,\"height\":1350},{\"@type\":\"BreadcrumbList\",\"@id\":\"https:\/\/arbrebalear.es\/es\/cursos\/biotreeversity-jornadas-sobre-arboles-en-entornos-urbanos-25-y-26-de-septiembre\/#breadcrumb\",\"itemListElement\":[{\"@type\":\"ListItem\",\"position\":1,\"name\":\"Portada\",\"item\":\"https:\/\/arbrebalear.es\/es\/\"},{\"@type\":\"ListItem\",\"position\":2,\"name\":\"Tienda\",\"item\":\"https:\/\/arbrebalear.es\/es\/tienda\/\"},{\"@type\":\"ListItem\",\"position\":3,\"name\":\"BIOTREEVERSITY. Jornadas sobre \u00c1rboles en entornos urbanos. 25 y 26 de septiembre\"}]},{\"@type\":\"WebSite\",\"@id\":\"https:\/\/arbrebalear.es\/es\/#website\",\"url\":\"https:\/\/arbrebalear.es\/es\/\",\"name\":\"ABA\",\"description\":\"L\u2019Associaci\u00f3 Balear de l\u2019Arbre (ABA) \u00e9s una entitat sense \u00e0nim de lucre creada l\u2019any 2009 per un grup de professionals de l\u2019arboricultura units per una mateixa preocupaci\u00f3: la p\u00e8rdua i degradaci\u00f3 del patrimoni arbori de les Illes Balears.\",\"publisher\":{\"@id\":\"https:\/\/arbrebalear.es\/es\/#organization\"},\"potentialAction\":[{\"@type\":\"SearchAction\",\"target\":{\"@type\":\"EntryPoint\",\"urlTemplate\":\"https:\/\/arbrebalear.es\/es\/?s={search_term_string}\"},\"query-input\":{\"@type\":\"PropertyValueSpecification\",\"valueRequired\":true,\"valueName\":\"search_term_string\"}}],\"inLanguage\":\"es\"},{\"@type\":\"Organization\",\"@id\":\"https:\/\/arbrebalear.es\/es\/#organization\",\"name\":\"ABA\",\"url\":\"https:\/\/arbrebalear.es\/es\/\",\"logo\":{\"@type\":\"ImageObject\",\"inLanguage\":\"es\",\"@id\":\"https:\/\/arbrebalear.es\/es\/#\/schema\/logo\/image\/\",\"url\":\"https:\/\/arbrebalear.es\/wp-content\/uploads\/2025\/05\/cropped-aba-logo.webp\",\"contentUrl\":\"https:\/\/arbrebalear.es\/wp-content\/uploads\/2025\/05\/cropped-aba-logo.webp\",\"width\":215,\"height\":162,\"caption\":\"ABA\"},\"image\":{\"@id\":\"https:\/\/arbrebalear.es\/es\/#\/schema\/logo\/image\/\"}}]}<\/script>\n<!-- \/ Yoast SEO plugin. -->","yoast_head_json":{"title":"BIOTREEVERSITY. Jornadas sobre \u00c1rboles en entornos urbanos. 25 y 26 de septiembre - Associaci\u00f3 Balear de l\u2019Arbre (ABA)","robots":{"index":"index","follow":"follow","max-snippet":"max-snippet:-1","max-image-preview":"max-image-preview:large","max-video-preview":"max-video-preview:-1"},"canonical":"https:\/\/arbrebalear.es\/es\/cursos\/biotreeversity-jornadas-sobre-arboles-en-entornos-urbanos-25-y-26-de-septiembre\/","og_locale":"es_ES","og_type":"article","og_title":"BIOTREEVERSITY. Jornadas sobre \u00c1rboles en entornos urbanos. 25 y 26 de septiembre - Associaci\u00f3 Balear de l\u2019Arbre (ABA)","og_description":"Jornadas y formaci\u00f3n pr\u00e1ctica sobre Conservaci\u00f3n ecol\u00f3gica, gesti\u00f3n integrada y biodiversidad funcional de los \u00e1rboles en entornos urbanos.     Esta formaci\u00f3n focaliza sobre la importancia de conservar los \u00e1rboles en entornos urbanos, su papel en la biodiversidad funcional y la necesidad de una gesti\u00f3n integrada. Se presentan estudios sobre biodiversidad urbana, t\u00e9cnicas de arboricultura conservadora y c\u00f3mo equilibrar conservaci\u00f3n y gesti\u00f3n del riesgo.  Con la colaboraci\u00f3n de BiotreeVersity y el apoyo de NEMUS y 3T.  PRECIO   150 euros no socios  90 euros socios  16h de formaci\u00f3n","og_url":"https:\/\/arbrebalear.es\/es\/cursos\/biotreeversity-jornadas-sobre-arboles-en-entornos-urbanos-25-y-26-de-septiembre\/","og_site_name":"Associaci\u00f3 Balear de l\u2019Arbre (ABA)","article_modified_time":"2025-09-23T11:59:04+00:00","og_image":[{"width":1080,"height":1350,"url":"https:\/\/arbrebalear.es\/wp-content\/uploads\/2025\/08\/1-2.jpg","type":"image\/jpeg"}],"twitter_card":"summary_large_image","twitter_misc":{"Tiempo de lectura":"4 minutos"},"schema":{"@context":"https:\/\/schema.org","@graph":[{"@type":"WebPage","@id":"https:\/\/arbrebalear.es\/es\/cursos\/biotreeversity-jornadas-sobre-arboles-en-entornos-urbanos-25-y-26-de-septiembre\/","url":"https:\/\/arbrebalear.es\/es\/cursos\/biotreeversity-jornadas-sobre-arboles-en-entornos-urbanos-25-y-26-de-septiembre\/","name":"BIOTREEVERSITY. Jornadas sobre \u00c1rboles en entornos urbanos. 25 y 26 de septiembre - Associaci\u00f3 Balear de l\u2019Arbre (ABA)","isPartOf":{"@id":"https:\/\/arbrebalear.es\/es\/#website"},"primaryImageOfPage":{"@id":"https:\/\/arbrebalear.es\/es\/cursos\/biotreeversity-jornadas-sobre-arboles-en-entornos-urbanos-25-y-26-de-septiembre\/#primaryimage"},"image":{"@id":"https:\/\/arbrebalear.es\/es\/cursos\/biotreeversity-jornadas-sobre-arboles-en-entornos-urbanos-25-y-26-de-septiembre\/#primaryimage"},"thumbnailUrl":"https:\/\/arbrebalear.es\/wp-content\/uploads\/2025\/08\/1-2.jpg","datePublished":"2025-08-12T12:03:14+00:00","dateModified":"2025-09-23T11:59:04+00:00","breadcrumb":{"@id":"https:\/\/arbrebalear.es\/es\/cursos\/biotreeversity-jornadas-sobre-arboles-en-entornos-urbanos-25-y-26-de-septiembre\/#breadcrumb"},"inLanguage":"es","potentialAction":[{"@type":"ReadAction","target":["https:\/\/arbrebalear.es\/es\/cursos\/biotreeversity-jornadas-sobre-arboles-en-entornos-urbanos-25-y-26-de-septiembre\/"]}]},{"@type":"ImageObject","inLanguage":"es","@id":"https:\/\/arbrebalear.es\/es\/cursos\/biotreeversity-jornadas-sobre-arboles-en-entornos-urbanos-25-y-26-de-septiembre\/#primaryimage","url":"https:\/\/arbrebalear.es\/wp-content\/uploads\/2025\/08\/1-2.jpg","contentUrl":"https:\/\/arbrebalear.es\/wp-content\/uploads\/2025\/08\/1-2.jpg","width":1080,"height":1350},{"@type":"BreadcrumbList","@id":"https:\/\/arbrebalear.es\/es\/cursos\/biotreeversity-jornadas-sobre-arboles-en-entornos-urbanos-25-y-26-de-septiembre\/#breadcrumb","itemListElement":[{"@type":"ListItem","position":1,"name":"Portada","item":"https:\/\/arbrebalear.es\/es\/"},{"@type":"ListItem","position":2,"name":"Tienda","item":"https:\/\/arbrebalear.es\/es\/tienda\/"},{"@type":"ListItem","position":3,"name":"BIOTREEVERSITY. Jornadas sobre \u00c1rboles en entornos urbanos. 25 y 26 de septiembre"}]},{"@type":"WebSite","@id":"https:\/\/arbrebalear.es\/es\/#website","url":"https:\/\/arbrebalear.es\/es\/","name":"ABA","description":"L\u2019Associaci\u00f3 Balear de l\u2019Arbre (ABA) \u00e9s una entitat sense \u00e0nim de lucre creada l\u2019any 2009 per un grup de professionals de l\u2019arboricultura units per una mateixa preocupaci\u00f3: la p\u00e8rdua i degradaci\u00f3 del patrimoni arbori de les Illes Balears.","publisher":{"@id":"https:\/\/arbrebalear.es\/es\/#organization"},"potentialAction":[{"@type":"SearchAction","target":{"@type":"EntryPoint","urlTemplate":"https:\/\/arbrebalear.es\/es\/?s={search_term_string}"},"query-input":{"@type":"PropertyValueSpecification","valueRequired":true,"valueName":"search_term_string"}}],"inLanguage":"es"},{"@type":"Organization","@id":"https:\/\/arbrebalear.es\/es\/#organization","name":"ABA","url":"https:\/\/arbrebalear.es\/es\/","logo":{"@type":"ImageObject","inLanguage":"es","@id":"https:\/\/arbrebalear.es\/es\/#\/schema\/logo\/image\/","url":"https:\/\/arbrebalear.es\/wp-content\/uploads\/2025\/05\/cropped-aba-logo.webp","contentUrl":"https:\/\/arbrebalear.es\/wp-content\/uploads\/2025\/05\/cropped-aba-logo.webp","width":215,"height":162,"caption":"ABA"},"image":{"@id":"https:\/\/arbrebalear.es\/es\/#\/schema\/logo\/image\/"}}]}},"_links":{"self":[{"href":"https:\/\/arbrebalear.es\/es\/wp-json\/wp\/v2\/product\/3768","targetHints":{"allow":["GET"]}}],"collection":[{"href":"https:\/\/arbrebalear.es\/es\/wp-json\/wp\/v2\/product"}],"about":[{"href":"https:\/\/arbrebalear.es\/es\/wp-json\/wp\/v2\/types\/product"}],"wp:featuredmedia":[{"embeddable":true,"href":"https:\/\/arbrebalear.es\/es\/wp-json\/wp\/v2\/media\/3821"}],"wp:attachment":[{"href":"https:\/\/arbrebalear.es\/es\/wp-json\/wp\/v2\/media?parent=3768"}],"wp:term":[{"taxonomy":"product_brand","embeddable":true,"href":"https:\/\/arbrebalear.es\/es\/wp-json\/wp\/v2\/product_brand?post=3768"},{"taxonomy":"product_cat","embeddable":true,"href":"https:\/\/arbrebalear.es\/es\/wp-json\/wp\/v2\/product_cat?post=3768"},{"taxonomy":"product_tag","embeddable":true,"href":"https:\/\/arbrebalear.es\/es\/wp-json\/wp\/v2\/product_tag?post=3768"}],"curies":[{"name":"wp","href":"https:\/\/api.w.org\/{rel}","templated":true}]}}