{"id":3849,"date":"2025-09-09T11:41:41","date_gmt":"2025-09-09T09:41:41","guid":{"rendered":"https:\/\/arbrebalear.es\/?post_type=product&#038;p=3849"},"modified":"2025-10-03T20:17:33","modified_gmt":"2025-10-03T18:17:33","slug":"formacio-trepa-basica-octobre-13-14-i-15","status":"publish","type":"product","link":"https:\/\/arbrebalear.es\/es\/cursos\/formacio-trepa-basica-octobre-13-14-i-15\/","title":{"rendered":"FORMACI\u00d3 TREPA B\u00c0SICA. Octobre 13, 14 i 15"},"content":{"rendered":"<h4>CAT<\/h4>\n<div>\n<div>\n<p class=\"cvGsUA direction-ltr align-justify para-style-body\"><span class=\"a_GcMg font-feature-liga-off font-feature-clig-off font-feature-calt-off text-decoration-none text-strikethrough-none\">Iniciaci\u00f3 en treballs d\u2019arboricultura i escalada per a personal de manteniment de zones verdes, operaris forestals, jardiners, t\u00e8cnics de medi ambient o persones interessades en la gesti\u00f3 de l\u2019arbrat urb\u00e0 i rural, amb l\u2019objectiu de capacitar l\u2019alumne per a realitzar treballs b\u00e0sics d\u2019escalada en arbres amb seguretat, identificant esp\u00e8cies, riscos i t\u00e8cniques adequades.<\/span><\/p>\n<\/div>\n<p><strong>CAST<\/strong><\/p>\n<p class=\"cvGsUA direction-ltr align-center para-style-body\"><span class=\"a_GcMg font-feature-liga-off font-feature-clig-off font-feature-calt-off text-decoration-none text-strikethrough-none\">Para t\u00e9cnicos y especialistas<\/span><\/p>\n<p class=\"cvGsUA direction-ltr align-justify para-style-body\"><span class=\"a_GcMg font-feature-liga-off font-feature-clig-off font-feature-calt-off text-decoration-none text-strikethrough-none\">Iniciaci\u00f3n en trabajos de arboricultura y trepa para personal de mantenimiento de zonas verdes, operarios forestales, jardineros, <\/span><span class=\"a_GcMg font-feature-liga-off font-feature-clig-off font-feature-calt-off text-decoration-none text-strikethrough-none\">t\u00e9cnicos de medio ambiente o interesados en la gesti\u00f3n de arbolado urbano y rural con el objetivo de capacitar al alumno para realizar trabajos b\u00e1sicos de trepa en \u00e1rboles con seguridad, identificando especies, riesgos y t\u00e9cnicas adecuadas.<\/span><\/p>\n<p>&nbsp;<\/p>\n<\/div>\n","protected":false},"excerpt":{"rendered":"<div>\n<h3><b style=\"font-size: 16px;\">CAT<\/b><\/h3>\n<h3><b style=\"font-size: 16px;\">Formaci\u00f3 b\u00e0sica en arboricultura i trepa<\/b><\/h3>\n<p><b>Treballes en el manteniment de zones verdes, gesti\u00f3 forestal o medi ambient?<\/b><b><br \/>\n<\/b><span style=\"font-weight: 400;\">Aquesta formaci\u00f3 est\u00e0 pensada per a t\u00e8cnics, operaris forestals, jardiners i professionals interessats en la gesti\u00f3 de l\u2019arbrat urb\u00e0 i rural. El curs ofereix una <\/span><b>iniciaci\u00f3 pr\u00e0ctica i segura en treballs de trepa en arbres<\/b><span style=\"font-weight: 400;\">, amb l\u2019objectiu de capacitar l\u2019alumne en t\u00e8cniques b\u00e0siques d\u2019acc\u00e9s, identificaci\u00f3 d\u2019esp\u00e8cies, avaluaci\u00f3 de riscos i \u00fas adequat del material.<\/span><\/p>\n<h4><b>Qu\u00e8 aprendr\u00e0s?<\/b><\/h4>\n<ul>\n<li style=\"font-weight: 400;\" aria-level=\"1\"><span style=\"font-weight: 400;\">Fonaments de l\u2019arboricultura moderna<\/span><\/li>\n<li style=\"font-weight: 400;\" aria-level=\"1\"><span style=\"font-weight: 400;\">T\u00e8cniques b\u00e0siques de trepa amb seguretat<\/span><\/li>\n<li style=\"font-weight: 400;\" aria-level=\"1\"><span style=\"font-weight: 400;\">Identificaci\u00f3 d\u2019esp\u00e8cies arb\u00f2ries<\/span><\/li>\n<li style=\"font-weight: 400;\" aria-level=\"1\"><span style=\"font-weight: 400;\">Avaluaci\u00f3 de riscos en treballs en al\u00e7ada<\/span><\/li>\n<li style=\"font-weight: 400;\" aria-level=\"1\"><span style=\"font-weight: 400;\">\u00das i manteniment de l\u2019equip de trepa<\/span><\/li>\n<\/ul>\n<h4><b>Informaci\u00f3 del curs:<\/b><\/h4>\n<p><span style=\"font-weight: 400;\">\ud83d\udcc5 <\/span><b>Dates<\/b><span style=\"font-weight: 400;\">: 13, 14 i 15 d\u2019octubre<\/span><span style=\"font-weight: 400;\"><br \/>\n<\/span><span style=\"font-weight: 400;\">\ud83d\udd58 <\/span><b>Horari<\/b><span style=\"font-weight: 400;\">:<\/span><\/p>\n<ul>\n<li style=\"font-weight: 400;\" aria-level=\"1\"><span style=\"font-weight: 400;\">Dia 13: de 9:00 a 13:00<\/span><\/li>\n<li style=\"font-weight: 400;\" aria-level=\"1\"><span style=\"font-weight: 400;\">Dies 14 i 15: de 8:00 a 16:00<\/span><span style=\"font-weight: 400;\"><br \/>\n<\/span><span style=\"font-weight: 400;\">\ud83d\udccd <\/span><b>Lloc<\/b><span style=\"font-weight: 400;\">: Comercial Garc\u00edas<\/span><span style=\"font-weight: 400;\"><br \/>\n<\/span><span style=\"font-weight: 400;\">\ud83d\udcb0 <\/span><b>Preu<\/b><span style=\"font-weight: 400;\">:<\/span><\/li>\n<li style=\"font-weight: 400;\" aria-level=\"1\"><span style=\"font-weight: 400;\">Socis: 260 \u20ac<\/span><\/li>\n<li style=\"font-weight: 400;\" aria-level=\"1\"><span style=\"font-weight: 400;\">No socis: 300 \u20ac<\/span><\/li>\n<\/ul>\n<h4><b>Inscripcions i m\u00e9s informaci\u00f3:<\/b><\/h4>\n<p><span style=\"font-weight: 400;\">\ud83d\udcde 622 490 415 \/ 664 485 804<\/span><span style=\"font-weight: 400;\"><br \/>\n<\/span><span style=\"font-weight: 400;\">\ud83c\udf10 arbrebalear.es<\/span><\/p>\n<\/div>\n<p>&nbsp;<\/p>\n<p>CAST<\/p>\n<p>\u00bfTrabajas en el mantenimiento de zonas verdes, gesti\u00f3n forestal o medio ambiente?<br \/>\nEsta formaci\u00f3n est\u00e1 dise\u00f1ada para t\u00e9cnicos, operarios forestales, jardineros y profesionales interesados en la gesti\u00f3n del arbolado urbano y rural. El curso ofrece una iniciaci\u00f3n pr\u00e1ctica y segura en trabajos de trepa en \u00e1rboles, con el objetivo de capacitar al alumno en t\u00e9cnicas b\u00e1sicas de acceso, identificaci\u00f3n de especies, evaluaci\u00f3n de riesgos y uso adecuado del material.<\/p>\n<h4><b>\u00bfQu\u00e9 aprender\u00e1s?<\/b><\/h4>\n<ul>\n<li aria-level=\"1\">Fundamentos de la arboricultura moderna.<\/li>\n<\/ul>\n<ul>\n<li aria-level=\"1\">T\u00e9cnicas b\u00e1sicas de trepa con seguridad.<\/li>\n<\/ul>\n<ul>\n<li aria-level=\"1\">Identificaci\u00f3n de especies arb\u00f3reas.<\/li>\n<\/ul>\n<ul>\n<li aria-level=\"1\">Evaluaci\u00f3n de riesgos en trabajos en altura.<\/li>\n<\/ul>\n<ul>\n<li aria-level=\"1\">Uso y mantenimiento del equipo de trepa.<\/li>\n<\/ul>\n<h4><b>Informaci\u00f3n del curso:<\/b><\/h4>\n<p><b>\ud83d\udcc5 Fechas: 13, 14 y 15 de octubre<\/b><b><br \/>\n<\/b><b>\ud83d\udd58 Horario:<\/b><\/p>\n<ul>\n<li aria-level=\"1\"><b>D\u00eda 13: de 9:00 a 13:00<\/b><\/li>\n<\/ul>\n<ul>\n<li aria-level=\"1\"><b>D\u00edas 14 y 15: de 8:00 a 16:00<\/b><b><br \/>\n<\/b><b>\ud83d\udccd Lugar: Comercial Garc\u00edas<\/b><b><br \/>\n<\/b><b>\ud83d\udcb0 Precio:<\/b><\/li>\n<\/ul>\n<ul>\n<li aria-level=\"1\"><b>Socios: 260 \u20ac<\/b><\/li>\n<\/ul>\n<ul>\n<li aria-level=\"1\"><b>No socios: 300 \u20ac<\/b><\/li>\n<\/ul>\n<h4><b>Inscripciones y m\u00e1s informaci\u00f3n:<\/b><\/h4>\n<p><b>\ud83d\udcde 622 490 415 \/ 664 485 804<\/b><b><br \/>\n<\/b><b>\ud83c\udf10 arbrebalear.es<\/b><\/p>\n","protected":false},"featured_media":3852,"template":"","meta":[],"product_brand":[],"product_cat":[32],"product_tag":[],"class_list":{"0":"post-3849","1":"product","2":"type-product","3":"status-publish","4":"has-post-thumbnail","6":"product_cat-formacions-tecniques-per-a-especialistes","8":"first","9":"instock","10":"shipping-taxable","11":"purchasable","12":"product-type-variable"},"yoast_head":"<!-- This site is optimized with the Yoast SEO plugin v27.0 - https:\/\/yoast.com\/product\/yoast-seo-wordpress\/ -->\n<title>FORMACI\u00d3 TREPA B\u00c0SICA. Octobre 13, 14 i 15 - Associaci\u00f3 Balear de l\u2019Arbre (ABA)<\/title>\n<meta name=\"robots\" content=\"index, follow, max-snippet:-1, max-image-preview:large, max-video-preview:-1\" \/>\n<link rel=\"canonical\" href=\"https:\/\/arbrebalear.es\/es\/cursos\/formacio-trepa-basica-octobre-13-14-i-15\/\" \/>\n<meta property=\"og:locale\" content=\"es_ES\" \/>\n<meta property=\"og:type\" content=\"article\" \/>\n<meta property=\"og:title\" content=\"FORMACI\u00d3 TREPA B\u00c0SICA. Octobre 13, 14 i 15 - Associaci\u00f3 Balear de l\u2019Arbre (ABA)\" \/>\n<meta property=\"og:description\" content=\"CAT Formaci\u00f3 b\u00e0sica en arboricultura i trepa Treballes en el manteniment de zones verdes, gesti\u00f3 forestal o medi ambient? Aquesta formaci\u00f3 est\u00e0 pensada per a t\u00e8cnics, operaris forestals, jardiners i professionals interessats en la gesti\u00f3 de l\u2019arbrat urb\u00e0 i rural. El curs ofereix una iniciaci\u00f3 pr\u00e0ctica i segura en treballs de trepa en arbres, amb l\u2019objectiu de capacitar l\u2019alumne en t\u00e8cniques b\u00e0siques d\u2019acc\u00e9s, identificaci\u00f3 d\u2019esp\u00e8cies, avaluaci\u00f3 de riscos i \u00fas adequat del material. Qu\u00e8 aprendr\u00e0s?   Fonaments de l\u2019arboricultura moderna  T\u00e8cniques b\u00e0siques de trepa amb seguretat  Identificaci\u00f3 d\u2019esp\u00e8cies arb\u00f2ries  Avaluaci\u00f3 de riscos en treballs en al\u00e7ada  \u00das i manteniment de l\u2019equip de trepa  Informaci\u00f3 del curs: \ud83d\udcc5 Dates: 13, 14 i 15 d\u2019octubre \ud83d\udd58 Horari:   Dia 13: de 9:00 a 13:00  Dies 14 i 15: de 8:00 a 16:00 \ud83d\udccd Lloc: Comercial Garc\u00edas \ud83d\udcb0 Preu:  Socis: 260 \u20ac  No socis: 300 \u20ac  Inscripcions i m\u00e9s informaci\u00f3: \ud83d\udcde 622 490 415 \/ 664 485 804 \ud83c\udf10 arbrebalear.es   &nbsp;  CAST  \u00bfTrabajas en el mantenimiento de zonas verdes, gesti\u00f3n forestal o medio ambiente? Esta formaci\u00f3n est\u00e1 dise\u00f1ada para t\u00e9cnicos, operarios forestales, jardineros y profesionales interesados en la gesti\u00f3n del arbolado urbano y rural. El curso ofrece una iniciaci\u00f3n pr\u00e1ctica y segura en trabajos de trepa en \u00e1rboles, con el objetivo de capacitar al alumno en t\u00e9cnicas b\u00e1sicas de acceso, identificaci\u00f3n de especies, evaluaci\u00f3n de riesgos y uso adecuado del material. \u00bfQu\u00e9 aprender\u00e1s?   Fundamentos de la arboricultura moderna.    T\u00e9cnicas b\u00e1sicas de trepa con seguridad.    Identificaci\u00f3n de especies arb\u00f3reas.    Evaluaci\u00f3n de riesgos en trabajos en altura.    Uso y mantenimiento del equipo de trepa.  Informaci\u00f3n del curso: \ud83d\udcc5 Fechas: 13, 14 y 15 de octubre \ud83d\udd58 Horario:   D\u00eda 13: de 9:00 a 13:00    D\u00edas 14 y 15: de 8:00 a 16:00 \ud83d\udccd Lugar: Comercial Garc\u00edas \ud83d\udcb0 Precio:    Socios: 260 \u20ac    No socios: 300 \u20ac  Inscripciones y m\u00e1s informaci\u00f3n: \ud83d\udcde 622 490 415 \/ 664 485 804 \ud83c\udf10 arbrebalear.es\" \/>\n<meta property=\"og:url\" content=\"https:\/\/arbrebalear.es\/es\/cursos\/formacio-trepa-basica-octobre-13-14-i-15\/\" \/>\n<meta property=\"og:site_name\" content=\"Associaci\u00f3 Balear de l\u2019Arbre (ABA)\" \/>\n<meta property=\"article:modified_time\" content=\"2025-10-03T18:17:33+00:00\" \/>\n<meta property=\"og:image\" content=\"https:\/\/arbrebalear.es\/wp-content\/uploads\/2025\/09\/3.jpg\" \/>\n\t<meta property=\"og:image:width\" content=\"1080\" \/>\n\t<meta property=\"og:image:height\" content=\"1350\" \/>\n\t<meta property=\"og:image:type\" content=\"image\/jpeg\" \/>\n<meta name=\"twitter:card\" content=\"summary_large_image\" \/>\n<meta name=\"twitter:label1\" content=\"Tiempo de lectura\" \/>\n\t<meta name=\"twitter:data1\" content=\"1 minuto\" \/>\n<script type=\"application\/ld+json\" class=\"yoast-schema-graph\">{\"@context\":\"https:\/\/schema.org\",\"@graph\":[{\"@type\":\"WebPage\",\"@id\":\"https:\/\/arbrebalear.es\/es\/cursos\/formacio-trepa-basica-octobre-13-14-i-15\/\",\"url\":\"https:\/\/arbrebalear.es\/es\/cursos\/formacio-trepa-basica-octobre-13-14-i-15\/\",\"name\":\"FORMACI\u00d3 TREPA B\u00c0SICA. Octobre 13, 14 i 15 - Associaci\u00f3 Balear de l\u2019Arbre (ABA)\",\"isPartOf\":{\"@id\":\"https:\/\/arbrebalear.es\/es\/#website\"},\"primaryImageOfPage\":{\"@id\":\"https:\/\/arbrebalear.es\/es\/cursos\/formacio-trepa-basica-octobre-13-14-i-15\/#primaryimage\"},\"image\":{\"@id\":\"https:\/\/arbrebalear.es\/es\/cursos\/formacio-trepa-basica-octobre-13-14-i-15\/#primaryimage\"},\"thumbnailUrl\":\"https:\/\/arbrebalear.es\/wp-content\/uploads\/2025\/09\/3.jpg\",\"datePublished\":\"2025-09-09T09:41:41+00:00\",\"dateModified\":\"2025-10-03T18:17:33+00:00\",\"breadcrumb\":{\"@id\":\"https:\/\/arbrebalear.es\/es\/cursos\/formacio-trepa-basica-octobre-13-14-i-15\/#breadcrumb\"},\"inLanguage\":\"es\",\"potentialAction\":[{\"@type\":\"ReadAction\",\"target\":[\"https:\/\/arbrebalear.es\/es\/cursos\/formacio-trepa-basica-octobre-13-14-i-15\/\"]}]},{\"@type\":\"ImageObject\",\"inLanguage\":\"es\",\"@id\":\"https:\/\/arbrebalear.es\/es\/cursos\/formacio-trepa-basica-octobre-13-14-i-15\/#primaryimage\",\"url\":\"https:\/\/arbrebalear.es\/wp-content\/uploads\/2025\/09\/3.jpg\",\"contentUrl\":\"https:\/\/arbrebalear.es\/wp-content\/uploads\/2025\/09\/3.jpg\",\"width\":1080,\"height\":1350},{\"@type\":\"BreadcrumbList\",\"@id\":\"https:\/\/arbrebalear.es\/es\/cursos\/formacio-trepa-basica-octobre-13-14-i-15\/#breadcrumb\",\"itemListElement\":[{\"@type\":\"ListItem\",\"position\":1,\"name\":\"Portada\",\"item\":\"https:\/\/arbrebalear.es\/es\/\"},{\"@type\":\"ListItem\",\"position\":2,\"name\":\"Tienda\",\"item\":\"https:\/\/arbrebalear.es\/es\/tienda\/\"},{\"@type\":\"ListItem\",\"position\":3,\"name\":\"FORMACI\u00d3 TREPA B\u00c0SICA. Octobre 13, 14 i 15\"}]},{\"@type\":\"WebSite\",\"@id\":\"https:\/\/arbrebalear.es\/es\/#website\",\"url\":\"https:\/\/arbrebalear.es\/es\/\",\"name\":\"ABA\",\"description\":\"L\u2019Associaci\u00f3 Balear de l\u2019Arbre (ABA) \u00e9s una entitat sense \u00e0nim de lucre creada l\u2019any 2009 per un grup de professionals de l\u2019arboricultura units per una mateixa preocupaci\u00f3: la p\u00e8rdua i degradaci\u00f3 del patrimoni arbori de les Illes Balears.\",\"publisher\":{\"@id\":\"https:\/\/arbrebalear.es\/es\/#organization\"},\"potentialAction\":[{\"@type\":\"SearchAction\",\"target\":{\"@type\":\"EntryPoint\",\"urlTemplate\":\"https:\/\/arbrebalear.es\/es\/?s={search_term_string}\"},\"query-input\":{\"@type\":\"PropertyValueSpecification\",\"valueRequired\":true,\"valueName\":\"search_term_string\"}}],\"inLanguage\":\"es\"},{\"@type\":\"Organization\",\"@id\":\"https:\/\/arbrebalear.es\/es\/#organization\",\"name\":\"ABA\",\"url\":\"https:\/\/arbrebalear.es\/es\/\",\"logo\":{\"@type\":\"ImageObject\",\"inLanguage\":\"es\",\"@id\":\"https:\/\/arbrebalear.es\/es\/#\/schema\/logo\/image\/\",\"url\":\"https:\/\/arbrebalear.es\/wp-content\/uploads\/2025\/05\/cropped-aba-logo.webp\",\"contentUrl\":\"https:\/\/arbrebalear.es\/wp-content\/uploads\/2025\/05\/cropped-aba-logo.webp\",\"width\":215,\"height\":162,\"caption\":\"ABA\"},\"image\":{\"@id\":\"https:\/\/arbrebalear.es\/es\/#\/schema\/logo\/image\/\"}}]}<\/script>\n<!-- \/ Yoast SEO plugin. -->","yoast_head_json":{"title":"FORMACI\u00d3 TREPA B\u00c0SICA. Octobre 13, 14 i 15 - Associaci\u00f3 Balear de l\u2019Arbre (ABA)","robots":{"index":"index","follow":"follow","max-snippet":"max-snippet:-1","max-image-preview":"max-image-preview:large","max-video-preview":"max-video-preview:-1"},"canonical":"https:\/\/arbrebalear.es\/es\/cursos\/formacio-trepa-basica-octobre-13-14-i-15\/","og_locale":"es_ES","og_type":"article","og_title":"FORMACI\u00d3 TREPA B\u00c0SICA. Octobre 13, 14 i 15 - Associaci\u00f3 Balear de l\u2019Arbre (ABA)","og_description":"CAT Formaci\u00f3 b\u00e0sica en arboricultura i trepa Treballes en el manteniment de zones verdes, gesti\u00f3 forestal o medi ambient? Aquesta formaci\u00f3 est\u00e0 pensada per a t\u00e8cnics, operaris forestals, jardiners i professionals interessats en la gesti\u00f3 de l\u2019arbrat urb\u00e0 i rural. El curs ofereix una iniciaci\u00f3 pr\u00e0ctica i segura en treballs de trepa en arbres, amb l\u2019objectiu de capacitar l\u2019alumne en t\u00e8cniques b\u00e0siques d\u2019acc\u00e9s, identificaci\u00f3 d\u2019esp\u00e8cies, avaluaci\u00f3 de riscos i \u00fas adequat del material. Qu\u00e8 aprendr\u00e0s?   Fonaments de l\u2019arboricultura moderna  T\u00e8cniques b\u00e0siques de trepa amb seguretat  Identificaci\u00f3 d\u2019esp\u00e8cies arb\u00f2ries  Avaluaci\u00f3 de riscos en treballs en al\u00e7ada  \u00das i manteniment de l\u2019equip de trepa  Informaci\u00f3 del curs: \ud83d\udcc5 Dates: 13, 14 i 15 d\u2019octubre \ud83d\udd58 Horari:   Dia 13: de 9:00 a 13:00  Dies 14 i 15: de 8:00 a 16:00 \ud83d\udccd Lloc: Comercial Garc\u00edas \ud83d\udcb0 Preu:  Socis: 260 \u20ac  No socis: 300 \u20ac  Inscripcions i m\u00e9s informaci\u00f3: \ud83d\udcde 622 490 415 \/ 664 485 804 \ud83c\udf10 arbrebalear.es   &nbsp;  CAST  \u00bfTrabajas en el mantenimiento de zonas verdes, gesti\u00f3n forestal o medio ambiente? Esta formaci\u00f3n est\u00e1 dise\u00f1ada para t\u00e9cnicos, operarios forestales, jardineros y profesionales interesados en la gesti\u00f3n del arbolado urbano y rural. El curso ofrece una iniciaci\u00f3n pr\u00e1ctica y segura en trabajos de trepa en \u00e1rboles, con el objetivo de capacitar al alumno en t\u00e9cnicas b\u00e1sicas de acceso, identificaci\u00f3n de especies, evaluaci\u00f3n de riesgos y uso adecuado del material. \u00bfQu\u00e9 aprender\u00e1s?   Fundamentos de la arboricultura moderna.    T\u00e9cnicas b\u00e1sicas de trepa con seguridad.    Identificaci\u00f3n de especies arb\u00f3reas.    Evaluaci\u00f3n de riesgos en trabajos en altura.    Uso y mantenimiento del equipo de trepa.  Informaci\u00f3n del curso: \ud83d\udcc5 Fechas: 13, 14 y 15 de octubre \ud83d\udd58 Horario:   D\u00eda 13: de 9:00 a 13:00    D\u00edas 14 y 15: de 8:00 a 16:00 \ud83d\udccd Lugar: Comercial Garc\u00edas \ud83d\udcb0 Precio:    Socios: 260 \u20ac    No socios: 300 \u20ac  Inscripciones y m\u00e1s informaci\u00f3n: \ud83d\udcde 622 490 415 \/ 664 485 804 \ud83c\udf10 arbrebalear.es","og_url":"https:\/\/arbrebalear.es\/es\/cursos\/formacio-trepa-basica-octobre-13-14-i-15\/","og_site_name":"Associaci\u00f3 Balear de l\u2019Arbre (ABA)","article_modified_time":"2025-10-03T18:17:33+00:00","og_image":[{"width":1080,"height":1350,"url":"https:\/\/arbrebalear.es\/wp-content\/uploads\/2025\/09\/3.jpg","type":"image\/jpeg"}],"twitter_card":"summary_large_image","twitter_misc":{"Tiempo de lectura":"1 minuto"},"schema":{"@context":"https:\/\/schema.org","@graph":[{"@type":"WebPage","@id":"https:\/\/arbrebalear.es\/es\/cursos\/formacio-trepa-basica-octobre-13-14-i-15\/","url":"https:\/\/arbrebalear.es\/es\/cursos\/formacio-trepa-basica-octobre-13-14-i-15\/","name":"FORMACI\u00d3 TREPA B\u00c0SICA. Octobre 13, 14 i 15 - Associaci\u00f3 Balear de l\u2019Arbre (ABA)","isPartOf":{"@id":"https:\/\/arbrebalear.es\/es\/#website"},"primaryImageOfPage":{"@id":"https:\/\/arbrebalear.es\/es\/cursos\/formacio-trepa-basica-octobre-13-14-i-15\/#primaryimage"},"image":{"@id":"https:\/\/arbrebalear.es\/es\/cursos\/formacio-trepa-basica-octobre-13-14-i-15\/#primaryimage"},"thumbnailUrl":"https:\/\/arbrebalear.es\/wp-content\/uploads\/2025\/09\/3.jpg","datePublished":"2025-09-09T09:41:41+00:00","dateModified":"2025-10-03T18:17:33+00:00","breadcrumb":{"@id":"https:\/\/arbrebalear.es\/es\/cursos\/formacio-trepa-basica-octobre-13-14-i-15\/#breadcrumb"},"inLanguage":"es","potentialAction":[{"@type":"ReadAction","target":["https:\/\/arbrebalear.es\/es\/cursos\/formacio-trepa-basica-octobre-13-14-i-15\/"]}]},{"@type":"ImageObject","inLanguage":"es","@id":"https:\/\/arbrebalear.es\/es\/cursos\/formacio-trepa-basica-octobre-13-14-i-15\/#primaryimage","url":"https:\/\/arbrebalear.es\/wp-content\/uploads\/2025\/09\/3.jpg","contentUrl":"https:\/\/arbrebalear.es\/wp-content\/uploads\/2025\/09\/3.jpg","width":1080,"height":1350},{"@type":"BreadcrumbList","@id":"https:\/\/arbrebalear.es\/es\/cursos\/formacio-trepa-basica-octobre-13-14-i-15\/#breadcrumb","itemListElement":[{"@type":"ListItem","position":1,"name":"Portada","item":"https:\/\/arbrebalear.es\/es\/"},{"@type":"ListItem","position":2,"name":"Tienda","item":"https:\/\/arbrebalear.es\/es\/tienda\/"},{"@type":"ListItem","position":3,"name":"FORMACI\u00d3 TREPA B\u00c0SICA. Octobre 13, 14 i 15"}]},{"@type":"WebSite","@id":"https:\/\/arbrebalear.es\/es\/#website","url":"https:\/\/arbrebalear.es\/es\/","name":"ABA","description":"L\u2019Associaci\u00f3 Balear de l\u2019Arbre (ABA) \u00e9s una entitat sense \u00e0nim de lucre creada l\u2019any 2009 per un grup de professionals de l\u2019arboricultura units per una mateixa preocupaci\u00f3: la p\u00e8rdua i degradaci\u00f3 del patrimoni arbori de les Illes Balears.","publisher":{"@id":"https:\/\/arbrebalear.es\/es\/#organization"},"potentialAction":[{"@type":"SearchAction","target":{"@type":"EntryPoint","urlTemplate":"https:\/\/arbrebalear.es\/es\/?s={search_term_string}"},"query-input":{"@type":"PropertyValueSpecification","valueRequired":true,"valueName":"search_term_string"}}],"inLanguage":"es"},{"@type":"Organization","@id":"https:\/\/arbrebalear.es\/es\/#organization","name":"ABA","url":"https:\/\/arbrebalear.es\/es\/","logo":{"@type":"ImageObject","inLanguage":"es","@id":"https:\/\/arbrebalear.es\/es\/#\/schema\/logo\/image\/","url":"https:\/\/arbrebalear.es\/wp-content\/uploads\/2025\/05\/cropped-aba-logo.webp","contentUrl":"https:\/\/arbrebalear.es\/wp-content\/uploads\/2025\/05\/cropped-aba-logo.webp","width":215,"height":162,"caption":"ABA"},"image":{"@id":"https:\/\/arbrebalear.es\/es\/#\/schema\/logo\/image\/"}}]}},"_links":{"self":[{"href":"https:\/\/arbrebalear.es\/es\/wp-json\/wp\/v2\/product\/3849","targetHints":{"allow":["GET"]}}],"collection":[{"href":"https:\/\/arbrebalear.es\/es\/wp-json\/wp\/v2\/product"}],"about":[{"href":"https:\/\/arbrebalear.es\/es\/wp-json\/wp\/v2\/types\/product"}],"wp:featuredmedia":[{"embeddable":true,"href":"https:\/\/arbrebalear.es\/es\/wp-json\/wp\/v2\/media\/3852"}],"wp:attachment":[{"href":"https:\/\/arbrebalear.es\/es\/wp-json\/wp\/v2\/media?parent=3849"}],"wp:term":[{"taxonomy":"product_brand","embeddable":true,"href":"https:\/\/arbrebalear.es\/es\/wp-json\/wp\/v2\/product_brand?post=3849"},{"taxonomy":"product_cat","embeddable":true,"href":"https:\/\/arbrebalear.es\/es\/wp-json\/wp\/v2\/product_cat?post=3849"},{"taxonomy":"product_tag","embeddable":true,"href":"https:\/\/arbrebalear.es\/es\/wp-json\/wp\/v2\/product_tag?post=3849"}],"curies":[{"name":"wp","href":"https:\/\/api.w.org\/{rel}","templated":true}]}}