{"id":3859,"date":"2025-09-09T15:12:06","date_gmt":"2025-09-09T13:12:06","guid":{"rendered":"https:\/\/arbrebalear.es\/?post_type=product&#038;p=3859"},"modified":"2025-09-11T09:20:07","modified_gmt":"2025-09-11T07:20:07","slug":"balla-amb-el-bosc-baila-con-el-bosque-2","status":"publish","type":"product","link":"https:\/\/arbrebalear.es\/es\/cursos\/balla-amb-el-bosc-baila-con-el-bosque-2\/","title":{"rendered":"BALLA AMB EL BOSC \/ BAILA CON EL BOSQUE"},"content":{"rendered":"<p class=\"cvGsUA direction-ltr align-justify para-style-body\"><span class=\"OYPEnA font-feature-liga-off font-feature-clig-off font-feature-calt-off text-decoration-none text-strikethrough-none\">\u00abBalla al bosc\u00bb \u00e9s una invitaci\u00f3 a reconnectar amb la natura i amb tu mateix.<\/span><\/p>\n<p class=\"cvGsUA direction-ltr align-justify para-style-body\"><span class=\"OYPEnA font-feature-liga-off font-feature-clig-off font-feature-calt-off text-decoration-none text-strikethrough-none\">Sota l\u2019ombra dels arbres, sobre la terra que els sost\u00e9, deixarem enrere el pes de la rutina per alliberar tensions i emocions acumulades. A trav\u00e9s del moviment conscient, ens fusionarem amb les arrels, el tronc, les branques i les fulles, sentint com l\u2019energia del bosc ens envolta i ens transforma. Ser\u00e0 un viatge \u00edntim cap al nostre cos, guiat per la saviesa dels arbres, on cada pas ens acosta a la calma, la pres\u00e8ncia i la unitat amb tot all\u00f2 que ens envolta.<\/span><\/p>\n<p>::::::::::::::::::::::::::::::::::::::::::::::::::<\/p>\n<p><span class=\"OYPEnA font-feature-liga-off font-feature-clig-off font-feature-calt-off text-decoration-none text-strikethrough-none\">\u00abBaila en el bosque\u00bb es una invitaci\u00f3n a reconectar con la naturaleza y contigo mismo. Bajo la sombra de los \u00e1rboles, sobre la tierra que los sostiene, dejaremos atr\u00e1s el peso de la rutina para liberar tensiones y emociones acumuladas. A trav\u00e9s del movimiento consciente, nos fundiremos con las ra\u00edces, el tronco, las ramas y las hojas, sintiendo c\u00f3mo la energ\u00eda del bosque nos envuelve y transforma. Ser\u00e1 un viaje \u00edntimo hacia nuestro cuerpo, guiado por la sabidur\u00eda silenciosa de los \u00e1rboles, donde cada paso nos acerca a la calma, la presencia y la unidad con todo lo que nos rodea.<\/span><\/p>\n","protected":false},"excerpt":{"rendered":"<p class=\"cvGsUA direction-ltr align-center para-style-body\"><span class=\"OYPEnA font-feature-liga-off font-feature-clig-off font-feature-calt-off text-decoration-none text-strikethrough-none\">Una trobada amb la natura i amb tu mateix<\/span><\/p>\n<p class=\"cvGsUA direction-ltr align-start para-style-body\"><span class=\"OYPEnA font-feature-liga-off font-feature-clig-off font-feature-calt-off text-decoration-none text-strikethrough-none\">Deixa\u2019t embolcallar per l\u2019energia del bosc.<\/span><\/p>\n<p class=\"cvGsUA direction-ltr align-start para-style-body\"><span class=\"OYPEnA font-feature-liga-off font-feature-clig-off font-feature-calt-off text-decoration-none text-strikethrough-none\">Sota la copa dels arbres i sobre la terra viva, deixarem anar el pes del dia a dia. A trav\u00e9s del moviment conscient, alliberarem emocions, despertarem el cos i ens fusionarem amb la for\u00e7a de les arrels, el tronc i les fulles.<\/span><\/p>\n<p class=\"cvGsUA direction-ltr align-start para-style-body\"><span class=\"OYPEnA font-feature-liga-off font-feature-clig-off font-feature-calt-off text-decoration-none text-strikethrough-none\">Una experi\u00e8ncia de connexi\u00f3, calma i renovaci\u00f3.<\/span><\/p>\n<p class=\"cvGsUA direction-ltr align-center para-style-body\"><span class=\"OYPEnA font-feature-liga-off font-feature-clig-off font-feature-calt-off text-decoration-none text-strikethrough-none\">\u2013 Vine a sentir-te part del bosc \u2013<\/span><\/p>\n<p class=\"cvGsUA direction-ltr align-center para-style-body\"><span class=\"OYPEnA font-feature-liga-off font-feature-clig-off font-feature-calt-off text-decoration-none text-strikethrough-none\">\u2013 Vine a ser arbre \u2013<\/span><\/p>\n<p class=\"cvGsUA direction-ltr align-center para-style-body\"><span class=\"OYPEnA font-feature-liga-off font-feature-clig-off font-feature-calt-off text-decoration-none text-strikethrough-none\"> Diumenge 21 de setembre<\/span><\/p>\n<p class=\"cvGsUA direction-ltr align-center para-style-body\"><span class=\"OYPEnA font-feature-liga-off font-feature-clig-off font-feature-calt-off text-decoration-none text-strikethrough-none\">\ud83d\udd58 Hora: 9:00 &#8211; 12:00 h<\/span><\/p>\n<p class=\"cvGsUA direction-ltr align-center para-style-body\"><span class=\"OYPEnA font-feature-liga-off font-feature-clig-off font-feature-calt-off text-decoration-none text-strikethrough-none\">\ud83d\udccd Lloc: Es Turassot, Costitx<\/span><\/p>\n<p class=\"cvGsUA direction-ltr align-center para-style-body\"><span class=\"OYPEnA font-feature-liga-off font-feature-clig-off font-feature-calt-off text-decoration-none text-strikethrough-none\">\ud83d\udcb0 Preu: <\/span><span class=\"OYPEnA font-feature-liga-off font-feature-clig-off font-feature-calt-off text-decoration-none text-strikethrough-none\">Socis GRATU\u00cfT<\/span><span class=\"OYPEnA font-feature-liga-off font-feature-clig-off font-feature-calt-off text-decoration-none text-strikethrough-none\"> \/ No socis 20 euros<\/span><\/p>\n<p>::::::::::::::::::::::::::::::::::::::::::::::::::::::::::::::::::::::::::::::::::::::::::::::::::::::::<\/p>\n<p class=\"cvGsUA direction-ltr align-center para-style-body\"><span class=\"OYPEnA font-feature-liga-off font-feature-clig-off font-feature-calt-off text-decoration-none text-strikethrough-none\">Un encuentro con la naturaleza y contigo mismo<\/span><\/p>\n<p class=\"cvGsUA direction-ltr align-justify para-style-body\"><span class=\"OYPEnA font-feature-liga-off font-feature-clig-off font-feature-calt-off text-decoration-none text-strikethrough-none\">D\u00e9jate envolver por la energ\u00eda del bosque.<\/span><\/p>\n<p class=\"cvGsUA direction-ltr align-start para-style-body\"><span class=\"OYPEnA font-feature-liga-off font-feature-clig-off font-feature-calt-off text-decoration-none text-strikethrough-none\">Bajo la copa de los \u00e1rboles y sobre la tierra viva, soltaremos el peso del d\u00eda a d\u00eda. A trav\u00e9s del movimiento consciente, liberaremos emociones, despertaremos el cuerpo y nos fundiremos con la fuerza de las ra\u00edces, el tronco y las hojas.<\/span><\/p>\n<p class=\"cvGsUA direction-ltr align-justify para-style-body\"><span class=\"OYPEnA font-feature-liga-off font-feature-clig-off font-feature-calt-off text-decoration-none text-strikethrough-none\">Una experiencia de conexi\u00f3n, calma y renovaci\u00f3n.<\/span><\/p>\n<p class=\"cvGsUA direction-ltr align-center para-style-body\"><span class=\"OYPEnA font-feature-liga-off font-feature-clig-off font-feature-calt-off text-decoration-none text-strikethrough-none\">-Ven a sentirte parte del bosque-<\/span><\/p>\n<p class=\"cvGsUA direction-ltr align-center para-style-body\"><span class=\"OYPEnA font-feature-liga-off font-feature-clig-off font-feature-calt-off text-decoration-none text-strikethrough-none\">-Ven a ser \u00e1rbol-<\/span><\/p>\n<p class=\"cvGsUA direction-ltr align-center para-style-body\"><span class=\"OYPEnA font-feature-liga-off font-feature-clig-off font-feature-calt-off text-decoration-none text-strikethrough-none\">\ud83d\udcc5 Domingo, 21 de septiembre<\/span><\/p>\n<p class=\"cvGsUA direction-ltr align-center para-style-body\"><span class=\"OYPEnA font-feature-liga-off font-feature-clig-off font-feature-calt-off text-decoration-none text-strikethrough-none\">\ud83d\udd58 Hora: 9:00 &#8211; 12:00 h<\/span><\/p>\n<p class=\"cvGsUA direction-ltr align-center para-style-body\"><span class=\"OYPEnA font-feature-liga-off font-feature-clig-off font-feature-calt-off text-decoration-none text-strikethrough-none\">\ud83d\udccd Lugar: <\/span><span class=\"OYPEnA font-feature-liga-off font-feature-clig-off font-feature-calt-off text-decoration-none text-strikethrough-none\">Turassot Costitx<\/span><\/p>\n<p class=\"cvGsUA direction-ltr align-center para-style-body\"><span class=\"OYPEnA font-feature-liga-off font-feature-clig-off font-feature-calt-off text-decoration-none text-strikethrough-none\">\ud83d\udcb0 Precio: <\/span><span class=\"OYPEnA font-feature-liga-off font-feature-clig-off font-feature-calt-off text-decoration-none text-strikethrough-none\">Socios GRATIS \/<\/span><span class=\"OYPEnA font-feature-liga-off font-feature-clig-off font-feature-calt-off text-decoration-none text-strikethrough-none\"> No socios 20 euros<\/span><\/p>\n<p>&nbsp;<\/p>\n<p>Cuando te hayas regstrado puedes sumarte al grupo de wapp para \u00faltimo detalles\u00a0<a href=\"https:\/\/chat.whatsapp.com\/EGNMFkTqbO44cGHiraXa3l\">https:\/\/chat.whatsapp.com\/EGNMFkTqbO44cGHiraXa3l<\/a><\/p>\n<p>&nbsp;<\/p>\n","protected":false},"featured_media":3862,"template":"","meta":[],"product_brand":[],"product_cat":[19],"product_tag":[],"class_list":{"0":"post-3859","1":"product","2":"type-product","3":"status-publish","4":"has-post-thumbnail","6":"product_cat-actividades","8":"first","9":"instock","10":"shipping-taxable","11":"purchasable","12":"product-type-variable"},"yoast_head":"<!-- This site is optimized with the Yoast SEO plugin v27.0 - https:\/\/yoast.com\/product\/yoast-seo-wordpress\/ -->\n<title>BALLA AMB EL BOSC \/ BAILA CON EL BOSQUE - Associaci\u00f3 Balear de l\u2019Arbre (ABA)<\/title>\n<meta name=\"robots\" content=\"index, follow, max-snippet:-1, max-image-preview:large, max-video-preview:-1\" \/>\n<link rel=\"canonical\" href=\"https:\/\/arbrebalear.es\/es\/cursos\/balla-amb-el-bosc-baila-con-el-bosque-2\/\" \/>\n<meta property=\"og:locale\" content=\"es_ES\" \/>\n<meta property=\"og:type\" content=\"article\" \/>\n<meta property=\"og:title\" content=\"BALLA AMB EL BOSC \/ BAILA CON EL BOSQUE - Associaci\u00f3 Balear de l\u2019Arbre (ABA)\" \/>\n<meta property=\"og:description\" content=\"Una trobada amb la natura i amb tu mateix Deixa\u2019t embolcallar per l\u2019energia del bosc. Sota la copa dels arbres i sobre la terra viva, deixarem anar el pes del dia a dia. A trav\u00e9s del moviment conscient, alliberarem emocions, despertarem el cos i ens fusionarem amb la for\u00e7a de les arrels, el tronc i les fulles. Una experi\u00e8ncia de connexi\u00f3, calma i renovaci\u00f3. \u2013 Vine a sentir-te part del bosc \u2013 \u2013 Vine a ser arbre \u2013  Diumenge 21 de setembre \ud83d\udd58 Hora: 9:00 - 12:00 h \ud83d\udccd Lloc: Es Turassot, Costitx \ud83d\udcb0 Preu: Socis GRATU\u00cfT \/ No socis 20 euros :::::::::::::::::::::::::::::::::::::::::::::::::::::::::::::::::::::::::::::::::::::::::::::::::::::::: Un encuentro con la naturaleza y contigo mismo D\u00e9jate envolver por la energ\u00eda del bosque. Bajo la copa de los \u00e1rboles y sobre la tierra viva, soltaremos el peso del d\u00eda a d\u00eda. A trav\u00e9s del movimiento consciente, liberaremos emociones, despertaremos el cuerpo y nos fundiremos con la fuerza de las ra\u00edces, el tronco y las hojas. Una experiencia de conexi\u00f3n, calma y renovaci\u00f3n. -Ven a sentirte parte del bosque- -Ven a ser \u00e1rbol- \ud83d\udcc5 Domingo, 21 de septiembre \ud83d\udd58 Hora: 9:00 - 12:00 h \ud83d\udccd Lugar: Turassot Costitx \ud83d\udcb0 Precio: Socios GRATIS \/ No socios 20 euros &nbsp;  Cuando te hayas regstrado puedes sumarte al grupo de wapp para \u00faltimo detalles\u00a0https:\/\/chat.whatsapp.com\/EGNMFkTqbO44cGHiraXa3l  &nbsp;\" \/>\n<meta property=\"og:url\" content=\"https:\/\/arbrebalear.es\/es\/cursos\/balla-amb-el-bosc-baila-con-el-bosque-2\/\" \/>\n<meta property=\"og:site_name\" content=\"Associaci\u00f3 Balear de l\u2019Arbre (ABA)\" \/>\n<meta property=\"article:modified_time\" content=\"2025-09-11T07:20:07+00:00\" \/>\n<meta property=\"og:image\" content=\"https:\/\/arbrebalear.es\/wp-content\/uploads\/2025\/09\/Baila-en-el-bosque.jpg\" \/>\n\t<meta property=\"og:image:width\" content=\"1587\" \/>\n\t<meta property=\"og:image:height\" content=\"2245\" \/>\n\t<meta property=\"og:image:type\" content=\"image\/jpeg\" \/>\n<meta name=\"twitter:card\" content=\"summary_large_image\" \/>\n<meta name=\"twitter:label1\" content=\"Tiempo de lectura\" \/>\n\t<meta name=\"twitter:data1\" content=\"2 minutos\" \/>\n<script type=\"application\/ld+json\" class=\"yoast-schema-graph\">{\"@context\":\"https:\/\/schema.org\",\"@graph\":[{\"@type\":\"WebPage\",\"@id\":\"https:\/\/arbrebalear.es\/es\/cursos\/balla-amb-el-bosc-baila-con-el-bosque-2\/\",\"url\":\"https:\/\/arbrebalear.es\/es\/cursos\/balla-amb-el-bosc-baila-con-el-bosque-2\/\",\"name\":\"BALLA AMB EL BOSC \/ BAILA CON EL BOSQUE - Associaci\u00f3 Balear de l\u2019Arbre (ABA)\",\"isPartOf\":{\"@id\":\"https:\/\/arbrebalear.es\/es\/#website\"},\"primaryImageOfPage\":{\"@id\":\"https:\/\/arbrebalear.es\/es\/cursos\/balla-amb-el-bosc-baila-con-el-bosque-2\/#primaryimage\"},\"image\":{\"@id\":\"https:\/\/arbrebalear.es\/es\/cursos\/balla-amb-el-bosc-baila-con-el-bosque-2\/#primaryimage\"},\"thumbnailUrl\":\"https:\/\/arbrebalear.es\/wp-content\/uploads\/2025\/09\/Baila-en-el-bosque.jpg\",\"datePublished\":\"2025-09-09T13:12:06+00:00\",\"dateModified\":\"2025-09-11T07:20:07+00:00\",\"breadcrumb\":{\"@id\":\"https:\/\/arbrebalear.es\/es\/cursos\/balla-amb-el-bosc-baila-con-el-bosque-2\/#breadcrumb\"},\"inLanguage\":\"es\",\"potentialAction\":[{\"@type\":\"ReadAction\",\"target\":[\"https:\/\/arbrebalear.es\/es\/cursos\/balla-amb-el-bosc-baila-con-el-bosque-2\/\"]}]},{\"@type\":\"ImageObject\",\"inLanguage\":\"es\",\"@id\":\"https:\/\/arbrebalear.es\/es\/cursos\/balla-amb-el-bosc-baila-con-el-bosque-2\/#primaryimage\",\"url\":\"https:\/\/arbrebalear.es\/wp-content\/uploads\/2025\/09\/Baila-en-el-bosque.jpg\",\"contentUrl\":\"https:\/\/arbrebalear.es\/wp-content\/uploads\/2025\/09\/Baila-en-el-bosque.jpg\",\"width\":1587,\"height\":2245},{\"@type\":\"BreadcrumbList\",\"@id\":\"https:\/\/arbrebalear.es\/es\/cursos\/balla-amb-el-bosc-baila-con-el-bosque-2\/#breadcrumb\",\"itemListElement\":[{\"@type\":\"ListItem\",\"position\":1,\"name\":\"Portada\",\"item\":\"https:\/\/arbrebalear.es\/es\/\"},{\"@type\":\"ListItem\",\"position\":2,\"name\":\"Tienda\",\"item\":\"https:\/\/arbrebalear.es\/es\/tienda\/\"},{\"@type\":\"ListItem\",\"position\":3,\"name\":\"BALLA AMB EL BOSC \/ BAILA CON EL BOSQUE\"}]},{\"@type\":\"WebSite\",\"@id\":\"https:\/\/arbrebalear.es\/es\/#website\",\"url\":\"https:\/\/arbrebalear.es\/es\/\",\"name\":\"ABA\",\"description\":\"L\u2019Associaci\u00f3 Balear de l\u2019Arbre (ABA) \u00e9s una entitat sense \u00e0nim de lucre creada l\u2019any 2009 per un grup de professionals de l\u2019arboricultura units per una mateixa preocupaci\u00f3: la p\u00e8rdua i degradaci\u00f3 del patrimoni arbori de les Illes Balears.\",\"publisher\":{\"@id\":\"https:\/\/arbrebalear.es\/es\/#organization\"},\"potentialAction\":[{\"@type\":\"SearchAction\",\"target\":{\"@type\":\"EntryPoint\",\"urlTemplate\":\"https:\/\/arbrebalear.es\/es\/?s={search_term_string}\"},\"query-input\":{\"@type\":\"PropertyValueSpecification\",\"valueRequired\":true,\"valueName\":\"search_term_string\"}}],\"inLanguage\":\"es\"},{\"@type\":\"Organization\",\"@id\":\"https:\/\/arbrebalear.es\/es\/#organization\",\"name\":\"ABA\",\"url\":\"https:\/\/arbrebalear.es\/es\/\",\"logo\":{\"@type\":\"ImageObject\",\"inLanguage\":\"es\",\"@id\":\"https:\/\/arbrebalear.es\/es\/#\/schema\/logo\/image\/\",\"url\":\"https:\/\/arbrebalear.es\/wp-content\/uploads\/2025\/05\/cropped-aba-logo.webp\",\"contentUrl\":\"https:\/\/arbrebalear.es\/wp-content\/uploads\/2025\/05\/cropped-aba-logo.webp\",\"width\":215,\"height\":162,\"caption\":\"ABA\"},\"image\":{\"@id\":\"https:\/\/arbrebalear.es\/es\/#\/schema\/logo\/image\/\"}}]}<\/script>\n<!-- \/ Yoast SEO plugin. -->","yoast_head_json":{"title":"BALLA AMB EL BOSC \/ BAILA CON EL BOSQUE - Associaci\u00f3 Balear de l\u2019Arbre (ABA)","robots":{"index":"index","follow":"follow","max-snippet":"max-snippet:-1","max-image-preview":"max-image-preview:large","max-video-preview":"max-video-preview:-1"},"canonical":"https:\/\/arbrebalear.es\/es\/cursos\/balla-amb-el-bosc-baila-con-el-bosque-2\/","og_locale":"es_ES","og_type":"article","og_title":"BALLA AMB EL BOSC \/ BAILA CON EL BOSQUE - Associaci\u00f3 Balear de l\u2019Arbre (ABA)","og_description":"Una trobada amb la natura i amb tu mateix Deixa\u2019t embolcallar per l\u2019energia del bosc. Sota la copa dels arbres i sobre la terra viva, deixarem anar el pes del dia a dia. A trav\u00e9s del moviment conscient, alliberarem emocions, despertarem el cos i ens fusionarem amb la for\u00e7a de les arrels, el tronc i les fulles. Una experi\u00e8ncia de connexi\u00f3, calma i renovaci\u00f3. \u2013 Vine a sentir-te part del bosc \u2013 \u2013 Vine a ser arbre \u2013  Diumenge 21 de setembre \ud83d\udd58 Hora: 9:00 - 12:00 h \ud83d\udccd Lloc: Es Turassot, Costitx \ud83d\udcb0 Preu: Socis GRATU\u00cfT \/ No socis 20 euros :::::::::::::::::::::::::::::::::::::::::::::::::::::::::::::::::::::::::::::::::::::::::::::::::::::::: Un encuentro con la naturaleza y contigo mismo D\u00e9jate envolver por la energ\u00eda del bosque. Bajo la copa de los \u00e1rboles y sobre la tierra viva, soltaremos el peso del d\u00eda a d\u00eda. A trav\u00e9s del movimiento consciente, liberaremos emociones, despertaremos el cuerpo y nos fundiremos con la fuerza de las ra\u00edces, el tronco y las hojas. Una experiencia de conexi\u00f3n, calma y renovaci\u00f3n. -Ven a sentirte parte del bosque- -Ven a ser \u00e1rbol- \ud83d\udcc5 Domingo, 21 de septiembre \ud83d\udd58 Hora: 9:00 - 12:00 h \ud83d\udccd Lugar: Turassot Costitx \ud83d\udcb0 Precio: Socios GRATIS \/ No socios 20 euros &nbsp;  Cuando te hayas regstrado puedes sumarte al grupo de wapp para \u00faltimo detalles\u00a0https:\/\/chat.whatsapp.com\/EGNMFkTqbO44cGHiraXa3l  &nbsp;","og_url":"https:\/\/arbrebalear.es\/es\/cursos\/balla-amb-el-bosc-baila-con-el-bosque-2\/","og_site_name":"Associaci\u00f3 Balear de l\u2019Arbre (ABA)","article_modified_time":"2025-09-11T07:20:07+00:00","og_image":[{"width":1587,"height":2245,"url":"https:\/\/arbrebalear.es\/wp-content\/uploads\/2025\/09\/Baila-en-el-bosque.jpg","type":"image\/jpeg"}],"twitter_card":"summary_large_image","twitter_misc":{"Tiempo de lectura":"2 minutos"},"schema":{"@context":"https:\/\/schema.org","@graph":[{"@type":"WebPage","@id":"https:\/\/arbrebalear.es\/es\/cursos\/balla-amb-el-bosc-baila-con-el-bosque-2\/","url":"https:\/\/arbrebalear.es\/es\/cursos\/balla-amb-el-bosc-baila-con-el-bosque-2\/","name":"BALLA AMB EL BOSC \/ BAILA CON EL BOSQUE - Associaci\u00f3 Balear de l\u2019Arbre (ABA)","isPartOf":{"@id":"https:\/\/arbrebalear.es\/es\/#website"},"primaryImageOfPage":{"@id":"https:\/\/arbrebalear.es\/es\/cursos\/balla-amb-el-bosc-baila-con-el-bosque-2\/#primaryimage"},"image":{"@id":"https:\/\/arbrebalear.es\/es\/cursos\/balla-amb-el-bosc-baila-con-el-bosque-2\/#primaryimage"},"thumbnailUrl":"https:\/\/arbrebalear.es\/wp-content\/uploads\/2025\/09\/Baila-en-el-bosque.jpg","datePublished":"2025-09-09T13:12:06+00:00","dateModified":"2025-09-11T07:20:07+00:00","breadcrumb":{"@id":"https:\/\/arbrebalear.es\/es\/cursos\/balla-amb-el-bosc-baila-con-el-bosque-2\/#breadcrumb"},"inLanguage":"es","potentialAction":[{"@type":"ReadAction","target":["https:\/\/arbrebalear.es\/es\/cursos\/balla-amb-el-bosc-baila-con-el-bosque-2\/"]}]},{"@type":"ImageObject","inLanguage":"es","@id":"https:\/\/arbrebalear.es\/es\/cursos\/balla-amb-el-bosc-baila-con-el-bosque-2\/#primaryimage","url":"https:\/\/arbrebalear.es\/wp-content\/uploads\/2025\/09\/Baila-en-el-bosque.jpg","contentUrl":"https:\/\/arbrebalear.es\/wp-content\/uploads\/2025\/09\/Baila-en-el-bosque.jpg","width":1587,"height":2245},{"@type":"BreadcrumbList","@id":"https:\/\/arbrebalear.es\/es\/cursos\/balla-amb-el-bosc-baila-con-el-bosque-2\/#breadcrumb","itemListElement":[{"@type":"ListItem","position":1,"name":"Portada","item":"https:\/\/arbrebalear.es\/es\/"},{"@type":"ListItem","position":2,"name":"Tienda","item":"https:\/\/arbrebalear.es\/es\/tienda\/"},{"@type":"ListItem","position":3,"name":"BALLA AMB EL BOSC \/ BAILA CON EL BOSQUE"}]},{"@type":"WebSite","@id":"https:\/\/arbrebalear.es\/es\/#website","url":"https:\/\/arbrebalear.es\/es\/","name":"ABA","description":"L\u2019Associaci\u00f3 Balear de l\u2019Arbre (ABA) \u00e9s una entitat sense \u00e0nim de lucre creada l\u2019any 2009 per un grup de professionals de l\u2019arboricultura units per una mateixa preocupaci\u00f3: la p\u00e8rdua i degradaci\u00f3 del patrimoni arbori de les Illes Balears.","publisher":{"@id":"https:\/\/arbrebalear.es\/es\/#organization"},"potentialAction":[{"@type":"SearchAction","target":{"@type":"EntryPoint","urlTemplate":"https:\/\/arbrebalear.es\/es\/?s={search_term_string}"},"query-input":{"@type":"PropertyValueSpecification","valueRequired":true,"valueName":"search_term_string"}}],"inLanguage":"es"},{"@type":"Organization","@id":"https:\/\/arbrebalear.es\/es\/#organization","name":"ABA","url":"https:\/\/arbrebalear.es\/es\/","logo":{"@type":"ImageObject","inLanguage":"es","@id":"https:\/\/arbrebalear.es\/es\/#\/schema\/logo\/image\/","url":"https:\/\/arbrebalear.es\/wp-content\/uploads\/2025\/05\/cropped-aba-logo.webp","contentUrl":"https:\/\/arbrebalear.es\/wp-content\/uploads\/2025\/05\/cropped-aba-logo.webp","width":215,"height":162,"caption":"ABA"},"image":{"@id":"https:\/\/arbrebalear.es\/es\/#\/schema\/logo\/image\/"}}]}},"_links":{"self":[{"href":"https:\/\/arbrebalear.es\/es\/wp-json\/wp\/v2\/product\/3859","targetHints":{"allow":["GET"]}}],"collection":[{"href":"https:\/\/arbrebalear.es\/es\/wp-json\/wp\/v2\/product"}],"about":[{"href":"https:\/\/arbrebalear.es\/es\/wp-json\/wp\/v2\/types\/product"}],"wp:featuredmedia":[{"embeddable":true,"href":"https:\/\/arbrebalear.es\/es\/wp-json\/wp\/v2\/media\/3862"}],"wp:attachment":[{"href":"https:\/\/arbrebalear.es\/es\/wp-json\/wp\/v2\/media?parent=3859"}],"wp:term":[{"taxonomy":"product_brand","embeddable":true,"href":"https:\/\/arbrebalear.es\/es\/wp-json\/wp\/v2\/product_brand?post=3859"},{"taxonomy":"product_cat","embeddable":true,"href":"https:\/\/arbrebalear.es\/es\/wp-json\/wp\/v2\/product_cat?post=3859"},{"taxonomy":"product_tag","embeddable":true,"href":"https:\/\/arbrebalear.es\/es\/wp-json\/wp\/v2\/product_tag?post=3859"}],"curies":[{"name":"wp","href":"https:\/\/api.w.org\/{rel}","templated":true}]}}