{"id":3979,"date":"2026-01-05T10:29:18","date_gmt":"2026-01-05T09:29:18","guid":{"rendered":"https:\/\/arbrebalear.es\/?post_type=product&#038;p=3979"},"modified":"2026-01-07T14:02:21","modified_gmt":"2026-01-07T13:02:21","slug":"taller-del-coneixement-de-les-fustes-el-seu-curat-i-tractament","status":"publish","type":"product","link":"https:\/\/arbrebalear.es\/es\/cursos\/taller-del-coneixement-de-les-fustes-el-seu-curat-i-tractament\/","title":{"rendered":"TALLER DEL CONEIXEMENT DE LES FUSTES, EL SEU CURAT I TRACTAMENT"},"content":{"rendered":"<p>Formador: Miquel Llabr\u00e9s Quetglas<\/p>\n<p><span style=\"font-weight: 400;\">Explicaci\u00f3 i introducci\u00f3 al mon de la fusta massissa per treballar-hi. El taller es far\u00e0 amb la xiloteca de Miquel Llabr\u00e9s.\u00a0<\/span><\/p>\n<ul>\n<li><span style=\"font-weight: 400;\">Tipus de fustes segons les seves caracter\u00edstiques: densitat, duresa, flexibilitat, color, aroma&#8230;\u00a0<\/span><\/li>\n<li><span style=\"font-weight: 400;\">Quan i com tallar la fusta, import\u00e0ncia de la lluna a l\u00b4hora de tallar-la.<\/span><\/li>\n<li><span style=\"font-weight: 400;\">Tallat de la fusta amb verd o tallat de la fusta quan ja est\u00e0 seca.<\/span><\/li>\n<li><span style=\"font-weight: 400;\">Diferents t\u00e8cniques per eixugar la fusta. Durada del proc\u00e9s de l&#8217;eixugat\u00a0<\/span><\/li>\n<li><span style=\"font-weight: 400;\">Tractaments sobre la fusta: olis, vernissos, tints&#8230;<\/span><\/li>\n<li><span style=\"font-weight: 400;\">Utilitats i usos de les fustes<\/span><\/li>\n<\/ul>\n<p>&nbsp;<\/p>\n<p><b>Data<\/b><span style=\"font-weight: 400;\">: dissabte, dia 21 de febrer de 2026<\/span><\/p>\n<p><b>Durada<\/b><span style=\"font-weight: 400;\">: 5 hores aproximadament<\/span><\/p>\n<p><b>Hora<\/b><span style=\"font-weight: 400;\">: 8:30-13:30 aprox.<\/span><\/p>\n<p><b>Places:<\/b><strong> 12 persones per ordre de pagament<\/strong><\/p>\n<p><b>Lloc:<\/b><span style=\"font-weight: 400;\"> Taller d\u2019en Miquel Llabr\u00e9s (carrer Germans de la Caritat, 7, Costitx)<\/span><\/p>\n<p><b>Google Maps<\/b><span style=\"font-weight: 400;\">:<\/span><\/p>\n<p><span style=\"font-weight: 400;\">https:\/\/maps.app.goo.gl\/wqQEadxLsiiwpckg9?g_st=aw\u00a0<\/span><\/p>\n<p><strong>CAST<\/strong><\/p>\n<p><span style=\"font-weight: 400;\">Explicaci\u00f3n e introducci\u00f3n en el mundo de la madera maciza para trabajar. El taller se realizar\u00e1 con la xiloteca de Miquel Llabr\u00e9s.\u00a0<\/span><\/p>\n<ul>\n<li><span style=\"font-weight: 400;\">Tipo de fustes seg\u00fan sus caracter\u00edsticas: densidad, dureza, flexibilidad, color, aroma&#8230;\u00a0<\/span><\/li>\n<li><span style=\"font-weight: 400;\">Cu\u00e1ndo y c\u00f3mo cortar la madera, importancia de la luna a la hora de cortarla.<\/span><\/li>\n<li><span style=\"font-weight: 400;\">Cortado de madera con verde o cortado de la madera cuando ya est\u00e1 seca.<\/span><\/li>\n<li><span style=\"font-weight: 400;\">Diferentes t\u00e9cnicas para secar la madera. Duraci\u00f3n del proceso del secado\u00a0<\/span><\/li>\n<li><span style=\"font-weight: 400;\">Tratamientos sobre la madera: aceites, barnices, tintes&#8230;<\/span><\/li>\n<li><span style=\"font-weight: 400;\">Utilidades y usos de las maderas<\/span><\/li>\n<\/ul>\n<p><b>Fecha:<\/b><span style=\"font-weight: 400;\"> s\u00e1bado, d\u00eda 21 de febrero de 2026<\/span><\/p>\n<p><b>Duraci\u00f3n<\/b><span style=\"font-weight: 400;\">: 5 horas aproximadamente<\/span><\/p>\n<p><b>Hora<\/b><span style=\"font-weight: 400;\">: 8:30-13:30 aprox.<\/span><\/p>\n<p><b>Plazas<\/b><span style=\"font-weight: 400;\">: 12 Personas por orden de pago<\/span><\/p>\n<p><b>Lugar<\/b><span style=\"font-weight: 400;\">: Taller de Miquel Llabr\u00e9s (calle Hermanos de la Caridad, 7, Costitx)<\/span><\/p>\n","protected":false},"excerpt":{"rendered":"<p>Formador: Miquel Llabr\u00e9s Quetglas<\/p>\n<p><span style=\"font-weight: 400;\">Explicaci\u00f3 i introducci\u00f3 al mon de la fusta massissa per treballar-hi. El taller es far\u00e0 amb la xiloteca de Miquel Llabr\u00e9s.\u00a0<\/span><\/p>\n<ul>\n<li><span style=\"font-weight: 400;\">Tipus de fustes segons les seves caracter\u00edstiques: densitat, duresa, flexibilitat, color, aroma&#8230;\u00a0<\/span><\/li>\n<li><span style=\"font-weight: 400;\">Quan i com tallar la fusta, import\u00e0ncia de la lluna a l\u00b4hora de tallar-la.<\/span><\/li>\n<li><span style=\"font-weight: 400;\">Tallat de la fusta amb verd o tallat de la fusta quan ja est\u00e0 seca.<\/span><\/li>\n<li><span style=\"font-weight: 400;\">Diferents t\u00e8cniques per eixugar la fusta. Durada del proc\u00e9s de l&#8217;eixugat\u00a0<\/span><\/li>\n<li><span style=\"font-weight: 400;\">Tractaments sobre la fusta: olis, vernissos, tints&#8230;<\/span><\/li>\n<li><span style=\"font-weight: 400;\">Utilitats i usos de les fustes<\/span><\/li>\n<\/ul>\n<p>&nbsp;<\/p>\n<p><b>Data<\/b><span style=\"font-weight: 400;\">: dissabte, dia 21 de febrer de 2026<\/span><\/p>\n<p><b>Durada<\/b><span style=\"font-weight: 400;\">: 5 hores aproximadament<\/span><\/p>\n<p><b>Hora<\/b><span style=\"font-weight: 400;\">: 8:30-13:30 aprox.<\/span><\/p>\n<p><b>Places:<\/b><strong> 12 persones per ordre de pagament<\/strong><\/p>\n","protected":false},"featured_media":3972,"template":"","meta":[],"product_brand":[],"product_cat":[19],"product_tag":[],"class_list":{"0":"post-3979","1":"product","2":"type-product","3":"status-publish","4":"has-post-thumbnail","6":"product_cat-actividades","8":"first","9":"outofstock","10":"shipping-taxable","11":"purchasable","12":"product-type-variable"},"yoast_head":"<!-- This site is optimized with the Yoast SEO plugin v27.0 - https:\/\/yoast.com\/product\/yoast-seo-wordpress\/ -->\n<title>TALLER DEL CONEIXEMENT DE LES FUSTES, EL SEU CURAT I TRACTAMENT - Associaci\u00f3 Balear de l\u2019Arbre (ABA)<\/title>\n<meta name=\"robots\" content=\"index, follow, max-snippet:-1, max-image-preview:large, max-video-preview:-1\" \/>\n<link rel=\"canonical\" href=\"https:\/\/arbrebalear.es\/es\/cursos\/taller-del-coneixement-de-les-fustes-el-seu-curat-i-tractament\/\" \/>\n<meta property=\"og:locale\" content=\"es_ES\" \/>\n<meta property=\"og:type\" content=\"article\" \/>\n<meta property=\"og:title\" content=\"TALLER DEL CONEIXEMENT DE LES FUSTES, EL SEU CURAT I TRACTAMENT - Associaci\u00f3 Balear de l\u2019Arbre (ABA)\" \/>\n<meta property=\"og:description\" content=\"Formador: Miquel Llabr\u00e9s Quetglas  Explicaci\u00f3 i introducci\u00f3 al mon de la fusta massissa per treballar-hi. El taller es far\u00e0 amb la xiloteca de Miquel Llabr\u00e9s.\u00a0   Tipus de fustes segons les seves caracter\u00edstiques: densitat, duresa, flexibilitat, color, aroma...\u00a0  Quan i com tallar la fusta, import\u00e0ncia de la lluna a l\u00b4hora de tallar-la.  Tallat de la fusta amb verd o tallat de la fusta quan ja est\u00e0 seca.  Diferents t\u00e8cniques per eixugar la fusta. Durada del proc\u00e9s de l&#039;eixugat\u00a0  Tractaments sobre la fusta: olis, vernissos, tints...  Utilitats i usos de les fustes  &nbsp;  Data: dissabte, dia 21 de febrer de 2026  Durada: 5 hores aproximadament  Hora: 8:30-13:30 aprox.  Places: 12 persones per ordre de pagament\" \/>\n<meta property=\"og:url\" content=\"https:\/\/arbrebalear.es\/es\/cursos\/taller-del-coneixement-de-les-fustes-el-seu-curat-i-tractament\/\" \/>\n<meta property=\"og:site_name\" content=\"Associaci\u00f3 Balear de l\u2019Arbre (ABA)\" \/>\n<meta property=\"article:modified_time\" content=\"2026-01-07T13:02:21+00:00\" \/>\n<meta property=\"og:image\" content=\"https:\/\/arbrebalear.es\/wp-content\/uploads\/2026\/01\/3.jpg\" \/>\n\t<meta property=\"og:image:width\" content=\"1587\" \/>\n\t<meta property=\"og:image:height\" content=\"2245\" \/>\n\t<meta property=\"og:image:type\" content=\"image\/jpeg\" \/>\n<meta name=\"twitter:card\" content=\"summary_large_image\" \/>\n<meta name=\"twitter:label1\" content=\"Tiempo de lectura\" \/>\n\t<meta name=\"twitter:data1\" content=\"2 minutos\" \/>\n<script type=\"application\/ld+json\" class=\"yoast-schema-graph\">{\"@context\":\"https:\/\/schema.org\",\"@graph\":[{\"@type\":\"WebPage\",\"@id\":\"https:\/\/arbrebalear.es\/es\/cursos\/taller-del-coneixement-de-les-fustes-el-seu-curat-i-tractament\/\",\"url\":\"https:\/\/arbrebalear.es\/es\/cursos\/taller-del-coneixement-de-les-fustes-el-seu-curat-i-tractament\/\",\"name\":\"TALLER DEL CONEIXEMENT DE LES FUSTES, EL SEU CURAT I TRACTAMENT - Associaci\u00f3 Balear de l\u2019Arbre (ABA)\",\"isPartOf\":{\"@id\":\"https:\/\/arbrebalear.es\/es\/#website\"},\"primaryImageOfPage\":{\"@id\":\"https:\/\/arbrebalear.es\/es\/cursos\/taller-del-coneixement-de-les-fustes-el-seu-curat-i-tractament\/#primaryimage\"},\"image\":{\"@id\":\"https:\/\/arbrebalear.es\/es\/cursos\/taller-del-coneixement-de-les-fustes-el-seu-curat-i-tractament\/#primaryimage\"},\"thumbnailUrl\":\"https:\/\/arbrebalear.es\/wp-content\/uploads\/2026\/01\/3.jpg\",\"datePublished\":\"2026-01-05T09:29:18+00:00\",\"dateModified\":\"2026-01-07T13:02:21+00:00\",\"breadcrumb\":{\"@id\":\"https:\/\/arbrebalear.es\/es\/cursos\/taller-del-coneixement-de-les-fustes-el-seu-curat-i-tractament\/#breadcrumb\"},\"inLanguage\":\"es\",\"potentialAction\":[{\"@type\":\"ReadAction\",\"target\":[\"https:\/\/arbrebalear.es\/es\/cursos\/taller-del-coneixement-de-les-fustes-el-seu-curat-i-tractament\/\"]}]},{\"@type\":\"ImageObject\",\"inLanguage\":\"es\",\"@id\":\"https:\/\/arbrebalear.es\/es\/cursos\/taller-del-coneixement-de-les-fustes-el-seu-curat-i-tractament\/#primaryimage\",\"url\":\"https:\/\/arbrebalear.es\/wp-content\/uploads\/2026\/01\/3.jpg\",\"contentUrl\":\"https:\/\/arbrebalear.es\/wp-content\/uploads\/2026\/01\/3.jpg\",\"width\":1587,\"height\":2245},{\"@type\":\"BreadcrumbList\",\"@id\":\"https:\/\/arbrebalear.es\/es\/cursos\/taller-del-coneixement-de-les-fustes-el-seu-curat-i-tractament\/#breadcrumb\",\"itemListElement\":[{\"@type\":\"ListItem\",\"position\":1,\"name\":\"Portada\",\"item\":\"https:\/\/arbrebalear.es\/es\/\"},{\"@type\":\"ListItem\",\"position\":2,\"name\":\"Tienda\",\"item\":\"https:\/\/arbrebalear.es\/es\/tienda\/\"},{\"@type\":\"ListItem\",\"position\":3,\"name\":\"TALLER DEL CONEIXEMENT DE LES FUSTES, EL SEU CURAT I TRACTAMENT\"}]},{\"@type\":\"WebSite\",\"@id\":\"https:\/\/arbrebalear.es\/es\/#website\",\"url\":\"https:\/\/arbrebalear.es\/es\/\",\"name\":\"ABA\",\"description\":\"L\u2019Associaci\u00f3 Balear de l\u2019Arbre (ABA) \u00e9s una entitat sense \u00e0nim de lucre creada l\u2019any 2009 per un grup de professionals de l\u2019arboricultura units per una mateixa preocupaci\u00f3: la p\u00e8rdua i degradaci\u00f3 del patrimoni arbori de les Illes Balears.\",\"publisher\":{\"@id\":\"https:\/\/arbrebalear.es\/es\/#organization\"},\"potentialAction\":[{\"@type\":\"SearchAction\",\"target\":{\"@type\":\"EntryPoint\",\"urlTemplate\":\"https:\/\/arbrebalear.es\/es\/?s={search_term_string}\"},\"query-input\":{\"@type\":\"PropertyValueSpecification\",\"valueRequired\":true,\"valueName\":\"search_term_string\"}}],\"inLanguage\":\"es\"},{\"@type\":\"Organization\",\"@id\":\"https:\/\/arbrebalear.es\/es\/#organization\",\"name\":\"ABA\",\"url\":\"https:\/\/arbrebalear.es\/es\/\",\"logo\":{\"@type\":\"ImageObject\",\"inLanguage\":\"es\",\"@id\":\"https:\/\/arbrebalear.es\/es\/#\/schema\/logo\/image\/\",\"url\":\"https:\/\/arbrebalear.es\/wp-content\/uploads\/2025\/05\/cropped-aba-logo.webp\",\"contentUrl\":\"https:\/\/arbrebalear.es\/wp-content\/uploads\/2025\/05\/cropped-aba-logo.webp\",\"width\":215,\"height\":162,\"caption\":\"ABA\"},\"image\":{\"@id\":\"https:\/\/arbrebalear.es\/es\/#\/schema\/logo\/image\/\"}}]}<\/script>\n<!-- \/ Yoast SEO plugin. -->","yoast_head_json":{"title":"TALLER DEL CONEIXEMENT DE LES FUSTES, EL SEU CURAT I TRACTAMENT - Associaci\u00f3 Balear de l\u2019Arbre (ABA)","robots":{"index":"index","follow":"follow","max-snippet":"max-snippet:-1","max-image-preview":"max-image-preview:large","max-video-preview":"max-video-preview:-1"},"canonical":"https:\/\/arbrebalear.es\/es\/cursos\/taller-del-coneixement-de-les-fustes-el-seu-curat-i-tractament\/","og_locale":"es_ES","og_type":"article","og_title":"TALLER DEL CONEIXEMENT DE LES FUSTES, EL SEU CURAT I TRACTAMENT - Associaci\u00f3 Balear de l\u2019Arbre (ABA)","og_description":"Formador: Miquel Llabr\u00e9s Quetglas  Explicaci\u00f3 i introducci\u00f3 al mon de la fusta massissa per treballar-hi. El taller es far\u00e0 amb la xiloteca de Miquel Llabr\u00e9s.\u00a0   Tipus de fustes segons les seves caracter\u00edstiques: densitat, duresa, flexibilitat, color, aroma...\u00a0  Quan i com tallar la fusta, import\u00e0ncia de la lluna a l\u00b4hora de tallar-la.  Tallat de la fusta amb verd o tallat de la fusta quan ja est\u00e0 seca.  Diferents t\u00e8cniques per eixugar la fusta. Durada del proc\u00e9s de l'eixugat\u00a0  Tractaments sobre la fusta: olis, vernissos, tints...  Utilitats i usos de les fustes  &nbsp;  Data: dissabte, dia 21 de febrer de 2026  Durada: 5 hores aproximadament  Hora: 8:30-13:30 aprox.  Places: 12 persones per ordre de pagament","og_url":"https:\/\/arbrebalear.es\/es\/cursos\/taller-del-coneixement-de-les-fustes-el-seu-curat-i-tractament\/","og_site_name":"Associaci\u00f3 Balear de l\u2019Arbre (ABA)","article_modified_time":"2026-01-07T13:02:21+00:00","og_image":[{"width":1587,"height":2245,"url":"https:\/\/arbrebalear.es\/wp-content\/uploads\/2026\/01\/3.jpg","type":"image\/jpeg"}],"twitter_card":"summary_large_image","twitter_misc":{"Tiempo de lectura":"2 minutos"},"schema":{"@context":"https:\/\/schema.org","@graph":[{"@type":"WebPage","@id":"https:\/\/arbrebalear.es\/es\/cursos\/taller-del-coneixement-de-les-fustes-el-seu-curat-i-tractament\/","url":"https:\/\/arbrebalear.es\/es\/cursos\/taller-del-coneixement-de-les-fustes-el-seu-curat-i-tractament\/","name":"TALLER DEL CONEIXEMENT DE LES FUSTES, EL SEU CURAT I TRACTAMENT - Associaci\u00f3 Balear de l\u2019Arbre (ABA)","isPartOf":{"@id":"https:\/\/arbrebalear.es\/es\/#website"},"primaryImageOfPage":{"@id":"https:\/\/arbrebalear.es\/es\/cursos\/taller-del-coneixement-de-les-fustes-el-seu-curat-i-tractament\/#primaryimage"},"image":{"@id":"https:\/\/arbrebalear.es\/es\/cursos\/taller-del-coneixement-de-les-fustes-el-seu-curat-i-tractament\/#primaryimage"},"thumbnailUrl":"https:\/\/arbrebalear.es\/wp-content\/uploads\/2026\/01\/3.jpg","datePublished":"2026-01-05T09:29:18+00:00","dateModified":"2026-01-07T13:02:21+00:00","breadcrumb":{"@id":"https:\/\/arbrebalear.es\/es\/cursos\/taller-del-coneixement-de-les-fustes-el-seu-curat-i-tractament\/#breadcrumb"},"inLanguage":"es","potentialAction":[{"@type":"ReadAction","target":["https:\/\/arbrebalear.es\/es\/cursos\/taller-del-coneixement-de-les-fustes-el-seu-curat-i-tractament\/"]}]},{"@type":"ImageObject","inLanguage":"es","@id":"https:\/\/arbrebalear.es\/es\/cursos\/taller-del-coneixement-de-les-fustes-el-seu-curat-i-tractament\/#primaryimage","url":"https:\/\/arbrebalear.es\/wp-content\/uploads\/2026\/01\/3.jpg","contentUrl":"https:\/\/arbrebalear.es\/wp-content\/uploads\/2026\/01\/3.jpg","width":1587,"height":2245},{"@type":"BreadcrumbList","@id":"https:\/\/arbrebalear.es\/es\/cursos\/taller-del-coneixement-de-les-fustes-el-seu-curat-i-tractament\/#breadcrumb","itemListElement":[{"@type":"ListItem","position":1,"name":"Portada","item":"https:\/\/arbrebalear.es\/es\/"},{"@type":"ListItem","position":2,"name":"Tienda","item":"https:\/\/arbrebalear.es\/es\/tienda\/"},{"@type":"ListItem","position":3,"name":"TALLER DEL CONEIXEMENT DE LES FUSTES, EL SEU CURAT I TRACTAMENT"}]},{"@type":"WebSite","@id":"https:\/\/arbrebalear.es\/es\/#website","url":"https:\/\/arbrebalear.es\/es\/","name":"ABA","description":"L\u2019Associaci\u00f3 Balear de l\u2019Arbre (ABA) \u00e9s una entitat sense \u00e0nim de lucre creada l\u2019any 2009 per un grup de professionals de l\u2019arboricultura units per una mateixa preocupaci\u00f3: la p\u00e8rdua i degradaci\u00f3 del patrimoni arbori de les Illes Balears.","publisher":{"@id":"https:\/\/arbrebalear.es\/es\/#organization"},"potentialAction":[{"@type":"SearchAction","target":{"@type":"EntryPoint","urlTemplate":"https:\/\/arbrebalear.es\/es\/?s={search_term_string}"},"query-input":{"@type":"PropertyValueSpecification","valueRequired":true,"valueName":"search_term_string"}}],"inLanguage":"es"},{"@type":"Organization","@id":"https:\/\/arbrebalear.es\/es\/#organization","name":"ABA","url":"https:\/\/arbrebalear.es\/es\/","logo":{"@type":"ImageObject","inLanguage":"es","@id":"https:\/\/arbrebalear.es\/es\/#\/schema\/logo\/image\/","url":"https:\/\/arbrebalear.es\/wp-content\/uploads\/2025\/05\/cropped-aba-logo.webp","contentUrl":"https:\/\/arbrebalear.es\/wp-content\/uploads\/2025\/05\/cropped-aba-logo.webp","width":215,"height":162,"caption":"ABA"},"image":{"@id":"https:\/\/arbrebalear.es\/es\/#\/schema\/logo\/image\/"}}]}},"_links":{"self":[{"href":"https:\/\/arbrebalear.es\/es\/wp-json\/wp\/v2\/product\/3979","targetHints":{"allow":["GET"]}}],"collection":[{"href":"https:\/\/arbrebalear.es\/es\/wp-json\/wp\/v2\/product"}],"about":[{"href":"https:\/\/arbrebalear.es\/es\/wp-json\/wp\/v2\/types\/product"}],"wp:featuredmedia":[{"embeddable":true,"href":"https:\/\/arbrebalear.es\/es\/wp-json\/wp\/v2\/media\/3972"}],"wp:attachment":[{"href":"https:\/\/arbrebalear.es\/es\/wp-json\/wp\/v2\/media?parent=3979"}],"wp:term":[{"taxonomy":"product_brand","embeddable":true,"href":"https:\/\/arbrebalear.es\/es\/wp-json\/wp\/v2\/product_brand?post=3979"},{"taxonomy":"product_cat","embeddable":true,"href":"https:\/\/arbrebalear.es\/es\/wp-json\/wp\/v2\/product_cat?post=3979"},{"taxonomy":"product_tag","embeddable":true,"href":"https:\/\/arbrebalear.es\/es\/wp-json\/wp\/v2\/product_tag?post=3979"}],"curies":[{"name":"wp","href":"https:\/\/api.w.org\/{rel}","templated":true}]}}