{"id":68,"date":"2025-03-25T18:09:16","date_gmt":"2025-03-25T17:09:16","guid":{"rendered":"https:\/\/arbrebalear.es\/?post_type=product&#038;p=68"},"modified":"2025-03-25T18:09:50","modified_gmt":"2025-03-25T17:09:50","slug":"el-sol-i-la-seva-biologia","status":"publish","type":"product","link":"https:\/\/arbrebalear.es\/es\/cursos\/el-sol-i-la-seva-biologia\/","title":{"rendered":"EL S\u00d2L I LA SEVA BIOLOGIA"},"content":{"rendered":"<p>17 i 18 de febrer de les 8:00 a les 15:00<br \/>\nTotal d&#8217;hores: 14 hores<\/p>\n<p>A c\u00e0rrec de Francisco Su\u00e1rez Boada<br \/>\nLloc: a les instal\u00b7lacions de Mallorca office<\/p>\n<p>Preu socis: 95\u20ac<br \/>\nPreu no socis: 115\u20ac<\/p>\n<p>M\u00e0xim d&#8217;assistents: 20 alumnes<\/p>\n<p>Continguts del curs:<\/p>\n<ul>\n<li>Aspectes generals<\/li>\n<li>Les argiles i la relaci\u00f3 s\u00f2l i aigua<\/li>\n<li>An\u00e0lisi a l&#8217;abast del particular: interpretaci\u00f3 de dades<\/li>\n<li>Les micorrizes:tipus, beneficis, com s&#8217;apliquen i tipus d&#8217; in\u00f2cul.<\/li>\n<li>Fongs antagonistes<\/li>\n<li>Control biol\u00f2gic<\/li>\n<li>Abonats: usos i tipus<\/li>\n<\/ul>\n","protected":false},"excerpt":{"rendered":"<p>17 i 18 de febrer de les 8:00 a les 15:00 Total d&#8217;hores: 14 hores A c\u00e0rrec de Francisco Su\u00e1rez Boada Lloc: a les instal\u00b7lacions de Mallorca office Preu socis: 95\u20ac Preu no socis: 115\u20ac M\u00e0xim d&#8217;assistents: 20 alumnes Continguts del curs: Aspectes generals Les argiles i la relaci\u00f3 s\u00f2l i aigua An\u00e0lisi a l&#8217;abast [&hellip;]<\/p>\n","protected":false},"featured_media":98,"template":"","meta":[],"product_brand":[],"product_cat":[17],"product_tag":[],"class_list":{"0":"post-68","1":"product","2":"type-product","3":"status-publish","4":"has-post-thumbnail","6":"product_cat-cursos","8":"first","9":"outofstock","10":"featured","11":"sold-individually","12":"shipping-taxable","13":"product-type-variable"},"yoast_head":"<!-- This site is optimized with the Yoast SEO plugin v27.0 - https:\/\/yoast.com\/product\/yoast-seo-wordpress\/ -->\n<title>EL S\u00d2L I LA SEVA BIOLOGIA - Associaci\u00f3 Balear de l\u2019Arbre (ABA)<\/title>\n<meta name=\"robots\" content=\"index, follow, max-snippet:-1, max-image-preview:large, max-video-preview:-1\" \/>\n<link rel=\"canonical\" href=\"https:\/\/arbrebalear.es\/es\/cursos\/el-sol-i-la-seva-biologia\/\" \/>\n<meta property=\"og:locale\" content=\"es_ES\" \/>\n<meta property=\"og:type\" content=\"article\" \/>\n<meta property=\"og:title\" content=\"EL S\u00d2L I LA SEVA BIOLOGIA - Associaci\u00f3 Balear de l\u2019Arbre (ABA)\" \/>\n<meta property=\"og:description\" content=\"17 i 18 de febrer de les 8:00 a les 15:00 - Total d&#039;hores: 14 hores - A c\u00e0rrec de Francisco Su\u00e1rez Boada - Lloc: a les instal\u00b7lacions de Mallorca office - Preu socis: 95\u20ac - Preu no socis: 115\u20ac - M\u00e0xim d&#039;assistents: 20 alumnes\" \/>\n<meta property=\"og:url\" content=\"https:\/\/arbrebalear.es\/es\/cursos\/el-sol-i-la-seva-biologia\/\" \/>\n<meta property=\"og:site_name\" content=\"Associaci\u00f3 Balear de l\u2019Arbre (ABA)\" \/>\n<meta property=\"article:modified_time\" content=\"2025-03-25T17:09:50+00:00\" \/>\n<meta name=\"twitter:card\" content=\"summary_large_image\" \/>\n<meta name=\"twitter:title\" content=\"EL S\u00d2L I LA SEVA BIOLOGIA - Associaci\u00f3 Balear de l\u2019Arbre (ABA)\" \/>\n<meta name=\"twitter:description\" content=\"17 i 18 de febrer de les 8:00 a les 15:00 - Total d&#039;hores: 14 hores - A c\u00e0rrec de Francisco Su\u00e1rez Boada - Lloc: a les instal\u00b7lacions de Mallorca office - Preu socis: 95\u20ac - Preu no socis: 115\u20ac - M\u00e0xim d&#039;assistents: 20 alumnes\" \/>\n<meta name=\"twitter:label1\" content=\"Tiempo de lectura\" \/>\n\t<meta name=\"twitter:data1\" content=\"1 minuto\" \/>\n<script type=\"application\/ld+json\" class=\"yoast-schema-graph\">{\"@context\":\"https:\/\/schema.org\",\"@graph\":[{\"@type\":\"WebPage\",\"@id\":\"https:\/\/arbrebalear.es\/es\/cursos\/el-sol-i-la-seva-biologia\/\",\"url\":\"https:\/\/arbrebalear.es\/es\/cursos\/el-sol-i-la-seva-biologia\/\",\"name\":\"EL S\u00d2L I LA SEVA BIOLOGIA - Associaci\u00f3 Balear de l\u2019Arbre (ABA)\",\"isPartOf\":{\"@id\":\"https:\/\/arbrebalear.es\/es\/#website\"},\"primaryImageOfPage\":{\"@id\":\"https:\/\/arbrebalear.es\/es\/cursos\/el-sol-i-la-seva-biologia\/#primaryimage\"},\"image\":{\"@id\":\"https:\/\/arbrebalear.es\/es\/cursos\/el-sol-i-la-seva-biologia\/#primaryimage\"},\"thumbnailUrl\":\"https:\/\/arbrebalear.es\/wp-content\/uploads\/2025\/03\/Curs-El-sol-i-la-seva-biologia-scaled-1.jpg\",\"datePublished\":\"2025-03-25T17:09:16+00:00\",\"dateModified\":\"2025-03-25T17:09:50+00:00\",\"breadcrumb\":{\"@id\":\"https:\/\/arbrebalear.es\/es\/cursos\/el-sol-i-la-seva-biologia\/#breadcrumb\"},\"inLanguage\":\"es\",\"potentialAction\":[{\"@type\":\"ReadAction\",\"target\":[\"https:\/\/arbrebalear.es\/es\/cursos\/el-sol-i-la-seva-biologia\/\"]}]},{\"@type\":\"ImageObject\",\"inLanguage\":\"es\",\"@id\":\"https:\/\/arbrebalear.es\/es\/cursos\/el-sol-i-la-seva-biologia\/#primaryimage\",\"url\":\"https:\/\/arbrebalear.es\/wp-content\/uploads\/2025\/03\/Curs-El-sol-i-la-seva-biologia-scaled-1.jpg\",\"contentUrl\":\"https:\/\/arbrebalear.es\/wp-content\/uploads\/2025\/03\/Curs-El-sol-i-la-seva-biologia-scaled-1.jpg\",\"width\":2048,\"height\":2560},{\"@type\":\"BreadcrumbList\",\"@id\":\"https:\/\/arbrebalear.es\/es\/cursos\/el-sol-i-la-seva-biologia\/#breadcrumb\",\"itemListElement\":[{\"@type\":\"ListItem\",\"position\":1,\"name\":\"Portada\",\"item\":\"https:\/\/arbrebalear.es\/es\/\"},{\"@type\":\"ListItem\",\"position\":2,\"name\":\"Tienda\",\"item\":\"https:\/\/arbrebalear.es\/es\/tienda\/\"},{\"@type\":\"ListItem\",\"position\":3,\"name\":\"EL S\u00d2L I LA SEVA BIOLOGIA\"}]},{\"@type\":\"WebSite\",\"@id\":\"https:\/\/arbrebalear.es\/es\/#website\",\"url\":\"https:\/\/arbrebalear.es\/es\/\",\"name\":\"ABA\",\"description\":\"L\u2019Associaci\u00f3 Balear de l\u2019Arbre (ABA) \u00e9s una entitat sense \u00e0nim de lucre creada l\u2019any 2009 per un grup de professionals de l\u2019arboricultura units per una mateixa preocupaci\u00f3: la p\u00e8rdua i degradaci\u00f3 del patrimoni arbori de les Illes Balears.\",\"publisher\":{\"@id\":\"https:\/\/arbrebalear.es\/es\/#organization\"},\"potentialAction\":[{\"@type\":\"SearchAction\",\"target\":{\"@type\":\"EntryPoint\",\"urlTemplate\":\"https:\/\/arbrebalear.es\/es\/?s={search_term_string}\"},\"query-input\":{\"@type\":\"PropertyValueSpecification\",\"valueRequired\":true,\"valueName\":\"search_term_string\"}}],\"inLanguage\":\"es\"},{\"@type\":\"Organization\",\"@id\":\"https:\/\/arbrebalear.es\/es\/#organization\",\"name\":\"ABA\",\"url\":\"https:\/\/arbrebalear.es\/es\/\",\"logo\":{\"@type\":\"ImageObject\",\"inLanguage\":\"es\",\"@id\":\"https:\/\/arbrebalear.es\/es\/#\/schema\/logo\/image\/\",\"url\":\"https:\/\/arbrebalear.es\/wp-content\/uploads\/2025\/05\/cropped-aba-logo.webp\",\"contentUrl\":\"https:\/\/arbrebalear.es\/wp-content\/uploads\/2025\/05\/cropped-aba-logo.webp\",\"width\":215,\"height\":162,\"caption\":\"ABA\"},\"image\":{\"@id\":\"https:\/\/arbrebalear.es\/es\/#\/schema\/logo\/image\/\"}}]}<\/script>\n<!-- \/ Yoast SEO plugin. -->","yoast_head_json":{"title":"EL S\u00d2L I LA SEVA BIOLOGIA - Associaci\u00f3 Balear de l\u2019Arbre (ABA)","robots":{"index":"index","follow":"follow","max-snippet":"max-snippet:-1","max-image-preview":"max-image-preview:large","max-video-preview":"max-video-preview:-1"},"canonical":"https:\/\/arbrebalear.es\/es\/cursos\/el-sol-i-la-seva-biologia\/","og_locale":"es_ES","og_type":"article","og_title":"EL S\u00d2L I LA SEVA BIOLOGIA - Associaci\u00f3 Balear de l\u2019Arbre (ABA)","og_description":"17 i 18 de febrer de les 8:00 a les 15:00 - Total d'hores: 14 hores - A c\u00e0rrec de Francisco Su\u00e1rez Boada - Lloc: a les instal\u00b7lacions de Mallorca office - Preu socis: 95\u20ac - Preu no socis: 115\u20ac - M\u00e0xim d'assistents: 20 alumnes","og_url":"https:\/\/arbrebalear.es\/es\/cursos\/el-sol-i-la-seva-biologia\/","og_site_name":"Associaci\u00f3 Balear de l\u2019Arbre (ABA)","article_modified_time":"2025-03-25T17:09:50+00:00","twitter_card":"summary_large_image","twitter_title":"EL S\u00d2L I LA SEVA BIOLOGIA - Associaci\u00f3 Balear de l\u2019Arbre (ABA)","twitter_description":"17 i 18 de febrer de les 8:00 a les 15:00 - Total d'hores: 14 hores - A c\u00e0rrec de Francisco Su\u00e1rez Boada - Lloc: a les instal\u00b7lacions de Mallorca office - Preu socis: 95\u20ac - Preu no socis: 115\u20ac - M\u00e0xim d'assistents: 20 alumnes","twitter_misc":{"Tiempo de lectura":"1 minuto"},"schema":{"@context":"https:\/\/schema.org","@graph":[{"@type":"WebPage","@id":"https:\/\/arbrebalear.es\/es\/cursos\/el-sol-i-la-seva-biologia\/","url":"https:\/\/arbrebalear.es\/es\/cursos\/el-sol-i-la-seva-biologia\/","name":"EL S\u00d2L I LA SEVA BIOLOGIA - Associaci\u00f3 Balear de l\u2019Arbre (ABA)","isPartOf":{"@id":"https:\/\/arbrebalear.es\/es\/#website"},"primaryImageOfPage":{"@id":"https:\/\/arbrebalear.es\/es\/cursos\/el-sol-i-la-seva-biologia\/#primaryimage"},"image":{"@id":"https:\/\/arbrebalear.es\/es\/cursos\/el-sol-i-la-seva-biologia\/#primaryimage"},"thumbnailUrl":"https:\/\/arbrebalear.es\/wp-content\/uploads\/2025\/03\/Curs-El-sol-i-la-seva-biologia-scaled-1.jpg","datePublished":"2025-03-25T17:09:16+00:00","dateModified":"2025-03-25T17:09:50+00:00","breadcrumb":{"@id":"https:\/\/arbrebalear.es\/es\/cursos\/el-sol-i-la-seva-biologia\/#breadcrumb"},"inLanguage":"es","potentialAction":[{"@type":"ReadAction","target":["https:\/\/arbrebalear.es\/es\/cursos\/el-sol-i-la-seva-biologia\/"]}]},{"@type":"ImageObject","inLanguage":"es","@id":"https:\/\/arbrebalear.es\/es\/cursos\/el-sol-i-la-seva-biologia\/#primaryimage","url":"https:\/\/arbrebalear.es\/wp-content\/uploads\/2025\/03\/Curs-El-sol-i-la-seva-biologia-scaled-1.jpg","contentUrl":"https:\/\/arbrebalear.es\/wp-content\/uploads\/2025\/03\/Curs-El-sol-i-la-seva-biologia-scaled-1.jpg","width":2048,"height":2560},{"@type":"BreadcrumbList","@id":"https:\/\/arbrebalear.es\/es\/cursos\/el-sol-i-la-seva-biologia\/#breadcrumb","itemListElement":[{"@type":"ListItem","position":1,"name":"Portada","item":"https:\/\/arbrebalear.es\/es\/"},{"@type":"ListItem","position":2,"name":"Tienda","item":"https:\/\/arbrebalear.es\/es\/tienda\/"},{"@type":"ListItem","position":3,"name":"EL S\u00d2L I LA SEVA BIOLOGIA"}]},{"@type":"WebSite","@id":"https:\/\/arbrebalear.es\/es\/#website","url":"https:\/\/arbrebalear.es\/es\/","name":"ABA","description":"L\u2019Associaci\u00f3 Balear de l\u2019Arbre (ABA) \u00e9s una entitat sense \u00e0nim de lucre creada l\u2019any 2009 per un grup de professionals de l\u2019arboricultura units per una mateixa preocupaci\u00f3: la p\u00e8rdua i degradaci\u00f3 del patrimoni arbori de les Illes Balears.","publisher":{"@id":"https:\/\/arbrebalear.es\/es\/#organization"},"potentialAction":[{"@type":"SearchAction","target":{"@type":"EntryPoint","urlTemplate":"https:\/\/arbrebalear.es\/es\/?s={search_term_string}"},"query-input":{"@type":"PropertyValueSpecification","valueRequired":true,"valueName":"search_term_string"}}],"inLanguage":"es"},{"@type":"Organization","@id":"https:\/\/arbrebalear.es\/es\/#organization","name":"ABA","url":"https:\/\/arbrebalear.es\/es\/","logo":{"@type":"ImageObject","inLanguage":"es","@id":"https:\/\/arbrebalear.es\/es\/#\/schema\/logo\/image\/","url":"https:\/\/arbrebalear.es\/wp-content\/uploads\/2025\/05\/cropped-aba-logo.webp","contentUrl":"https:\/\/arbrebalear.es\/wp-content\/uploads\/2025\/05\/cropped-aba-logo.webp","width":215,"height":162,"caption":"ABA"},"image":{"@id":"https:\/\/arbrebalear.es\/es\/#\/schema\/logo\/image\/"}}]}},"_links":{"self":[{"href":"https:\/\/arbrebalear.es\/es\/wp-json\/wp\/v2\/product\/68","targetHints":{"allow":["GET"]}}],"collection":[{"href":"https:\/\/arbrebalear.es\/es\/wp-json\/wp\/v2\/product"}],"about":[{"href":"https:\/\/arbrebalear.es\/es\/wp-json\/wp\/v2\/types\/product"}],"wp:featuredmedia":[{"embeddable":true,"href":"https:\/\/arbrebalear.es\/es\/wp-json\/wp\/v2\/media\/98"}],"wp:attachment":[{"href":"https:\/\/arbrebalear.es\/es\/wp-json\/wp\/v2\/media?parent=68"}],"wp:term":[{"taxonomy":"product_brand","embeddable":true,"href":"https:\/\/arbrebalear.es\/es\/wp-json\/wp\/v2\/product_brand?post=68"},{"taxonomy":"product_cat","embeddable":true,"href":"https:\/\/arbrebalear.es\/es\/wp-json\/wp\/v2\/product_cat?post=68"},{"taxonomy":"product_tag","embeddable":true,"href":"https:\/\/arbrebalear.es\/es\/wp-json\/wp\/v2\/product_tag?post=68"}],"curies":[{"name":"wp","href":"https:\/\/api.w.org\/{rel}","templated":true}]}}