{"id":71,"date":"2025-03-25T18:09:19","date_gmt":"2025-03-25T17:09:19","guid":{"rendered":"https:\/\/arbrebalear.es\/?post_type=product&#038;p=71"},"modified":"2025-03-25T18:09:50","modified_gmt":"2025-03-25T17:09:50","slug":"curs-de-gestio-del-risc-de-larbrat-urba","status":"publish","type":"product","link":"https:\/\/arbrebalear.es\/es\/cursos\/curs-de-gestio-del-risc-de-larbrat-urba\/","title":{"rendered":"CURS DE GESTI\u00d3 DEL RISC DE L&#8217;ARBRAT URB\u00c0"},"content":{"rendered":"<p>Teoria: 14 i 15 de mar\u00e7 de les 9:00\u00a0 a 14:00 i de les 15:30 a les 17.30.<\/p>\n<p>Pr\u00e0ctica: dia 16 de mar\u00e7 de les 8:00 a les 14:00.<\/p>\n<p>Total d&#8217;hores: 20 hores<\/p>\n<p>A c\u00e0rrec de\u00a0 Josep Selga<\/p>\n<p>Lloc: a les instal\u00b7lacions de Mallorca office<\/p>\n<p>Preu socis: 210\u20ac<\/p>\n<p>Preu no socis: 240\u20ac<\/p>\n<p>M\u00e0xim d&#8217;assistents: 20 alumnes<\/p>\n<p>Continguts\u00a0 del curs:<\/p>\n<p>1. INTRODUCCI\u00d3:<\/p>\n<ul>\n<li>Gesti\u00f3<\/li>\n<li>Valor-Cost-Risc<\/li>\n<li>Definicions conceptes<\/li>\n<\/ul>\n<p>2. GESTI\u00d3 DEL RISC:<\/p>\n<ul>\n<li>Accidents previsibles i no previsibles<\/li>\n<li>Responsabilitat<\/li>\n<li>Factors que intervenen en el nivell de risc<\/li>\n<li>Avaluaci\u00f3 del nivell de risc<\/li>\n<li>Actuacions per disminuir el nivell de risc Principis de l&#8217;avaluaci\u00f3<\/li>\n<li>Components de l&#8217;avaluaci\u00f3<\/li>\n<\/ul>\n<p>3. PLA DE GESTI\u00d3 DEL RISC:<\/p>\n<ul>\n<li>Primer nivell: Inspecci\u00f3<\/li>\n<li>Segon nivell: Avaluaci\u00f3<\/li>\n<li>Mitjans, protocols i material<\/li>\n<li>Entorn i historial<\/li>\n<li>Identificaci\u00f3 estat<\/li>\n<li>Biomec\u00e0nica<\/li>\n<li>Dendroest\u00e0tica<\/li>\n<li>Valoraci\u00f3 del risc<\/li>\n<li>Actuacions prioritats<\/li>\n<li>Previsi\u00f3<\/li>\n<\/ul>\n<p>4. S\u00cdMPTOMES I DEFECTES:<\/p>\n<ul>\n<li>Risc de fractura<\/li>\n<li>Risc de caiguda<\/li>\n<li>S\u00edmptomes i defectes m\u00e9s freq\u00fcents<\/li>\n<\/ul>\n","protected":false},"excerpt":{"rendered":"<p>Teoria: 14 i 15 de mar\u00e7 de les 9:00\u00a0 a 14:00 i de les 15:30 a les 17.30. Pr\u00e0ctica: dia 16 de mar\u00e7 de les 8:00 a les 14:00. Total d&#8217;hores: 20 hores A c\u00e0rrec de\u00a0 Josep Selga Lloc: a les instal\u00b7lacions de Mallorca office Preu socis: 210\u20ac Preu no socis: 240\u20ac M\u00e0xim d&#8217;assistents: 20 [&hellip;]<\/p>\n","protected":false},"featured_media":99,"template":"","meta":[],"product_brand":[],"product_cat":[17],"product_tag":[],"class_list":{"0":"post-71","1":"product","2":"type-product","3":"status-publish","4":"has-post-thumbnail","6":"product_cat-cursos","8":"first","9":"outofstock","10":"featured","11":"sold-individually","12":"shipping-taxable","13":"product-type-variable"},"yoast_head":"<!-- This site is optimized with the Yoast SEO plugin v27.0 - https:\/\/yoast.com\/product\/yoast-seo-wordpress\/ -->\n<title>CURS DE GESTI\u00d3 DEL RISC DE L&#039;ARBRAT URB\u00c0 - Associaci\u00f3 Balear de l\u2019Arbre (ABA)<\/title>\n<meta name=\"robots\" content=\"index, follow, max-snippet:-1, max-image-preview:large, max-video-preview:-1\" \/>\n<link rel=\"canonical\" href=\"https:\/\/arbrebalear.es\/es\/cursos\/curs-de-gestio-del-risc-de-larbrat-urba\/\" \/>\n<meta property=\"og:locale\" content=\"es_ES\" \/>\n<meta property=\"og:type\" content=\"article\" \/>\n<meta property=\"og:title\" content=\"CURS DE GESTI\u00d3 DEL RISC DE L&#039;ARBRAT URB\u00c0 - Associaci\u00f3 Balear de l\u2019Arbre (ABA)\" \/>\n<meta property=\"og:description\" content=\"Teoria: 14 i 15 de mar\u00e7 de les 9:00\u00a0 a 14:00 i de les 15:30 a les 17.30. Pr\u00e0ctica: dia 16 de mar\u00e7 de les 8:00 a les 14:00. Total d&#8217;hores: 20 hores A c\u00e0rrec de\u00a0 Josep Selga Lloc: a les instal\u00b7lacions de Mallorca office Preu socis: 210\u20ac Preu no socis: 240\u20ac M\u00e0xim d&#8217;assistents: 20 [&hellip;]\" \/>\n<meta property=\"og:url\" content=\"https:\/\/arbrebalear.es\/es\/cursos\/curs-de-gestio-del-risc-de-larbrat-urba\/\" \/>\n<meta property=\"og:site_name\" content=\"Associaci\u00f3 Balear de l\u2019Arbre (ABA)\" \/>\n<meta property=\"article:modified_time\" content=\"2025-03-25T17:09:50+00:00\" \/>\n<meta property=\"og:image\" content=\"https:\/\/arbrebalear.es\/wp-content\/uploads\/2025\/03\/Curs-Gestio-del-Risc-de-lArbrat-Urba.jpg\" \/>\n\t<meta property=\"og:image:width\" content=\"1024\" \/>\n\t<meta property=\"og:image:height\" content=\"1280\" \/>\n\t<meta property=\"og:image:type\" content=\"image\/jpeg\" \/>\n<meta name=\"twitter:card\" content=\"summary_large_image\" \/>\n<meta name=\"twitter:label1\" content=\"Tiempo de lectura\" \/>\n\t<meta name=\"twitter:data1\" content=\"1 minuto\" \/>\n<script type=\"application\/ld+json\" class=\"yoast-schema-graph\">{\"@context\":\"https:\/\/schema.org\",\"@graph\":[{\"@type\":\"WebPage\",\"@id\":\"https:\/\/arbrebalear.es\/es\/cursos\/curs-de-gestio-del-risc-de-larbrat-urba\/\",\"url\":\"https:\/\/arbrebalear.es\/es\/cursos\/curs-de-gestio-del-risc-de-larbrat-urba\/\",\"name\":\"CURS DE GESTI\u00d3 DEL RISC DE L'ARBRAT URB\u00c0 - Associaci\u00f3 Balear de l\u2019Arbre (ABA)\",\"isPartOf\":{\"@id\":\"https:\/\/arbrebalear.es\/es\/#website\"},\"primaryImageOfPage\":{\"@id\":\"https:\/\/arbrebalear.es\/es\/cursos\/curs-de-gestio-del-risc-de-larbrat-urba\/#primaryimage\"},\"image\":{\"@id\":\"https:\/\/arbrebalear.es\/es\/cursos\/curs-de-gestio-del-risc-de-larbrat-urba\/#primaryimage\"},\"thumbnailUrl\":\"https:\/\/arbrebalear.es\/wp-content\/uploads\/2025\/03\/Curs-Gestio-del-Risc-de-lArbrat-Urba.jpg\",\"datePublished\":\"2025-03-25T17:09:19+00:00\",\"dateModified\":\"2025-03-25T17:09:50+00:00\",\"breadcrumb\":{\"@id\":\"https:\/\/arbrebalear.es\/es\/cursos\/curs-de-gestio-del-risc-de-larbrat-urba\/#breadcrumb\"},\"inLanguage\":\"es\",\"potentialAction\":[{\"@type\":\"ReadAction\",\"target\":[\"https:\/\/arbrebalear.es\/es\/cursos\/curs-de-gestio-del-risc-de-larbrat-urba\/\"]}]},{\"@type\":\"ImageObject\",\"inLanguage\":\"es\",\"@id\":\"https:\/\/arbrebalear.es\/es\/cursos\/curs-de-gestio-del-risc-de-larbrat-urba\/#primaryimage\",\"url\":\"https:\/\/arbrebalear.es\/wp-content\/uploads\/2025\/03\/Curs-Gestio-del-Risc-de-lArbrat-Urba.jpg\",\"contentUrl\":\"https:\/\/arbrebalear.es\/wp-content\/uploads\/2025\/03\/Curs-Gestio-del-Risc-de-lArbrat-Urba.jpg\",\"width\":1024,\"height\":1280},{\"@type\":\"BreadcrumbList\",\"@id\":\"https:\/\/arbrebalear.es\/es\/cursos\/curs-de-gestio-del-risc-de-larbrat-urba\/#breadcrumb\",\"itemListElement\":[{\"@type\":\"ListItem\",\"position\":1,\"name\":\"Portada\",\"item\":\"https:\/\/arbrebalear.es\/es\/\"},{\"@type\":\"ListItem\",\"position\":2,\"name\":\"Tienda\",\"item\":\"https:\/\/arbrebalear.es\/es\/tienda\/\"},{\"@type\":\"ListItem\",\"position\":3,\"name\":\"CURS DE GESTI\u00d3 DEL RISC DE L&#8217;ARBRAT URB\u00c0\"}]},{\"@type\":\"WebSite\",\"@id\":\"https:\/\/arbrebalear.es\/es\/#website\",\"url\":\"https:\/\/arbrebalear.es\/es\/\",\"name\":\"ABA\",\"description\":\"L\u2019Associaci\u00f3 Balear de l\u2019Arbre (ABA) \u00e9s una entitat sense \u00e0nim de lucre creada l\u2019any 2009 per un grup de professionals de l\u2019arboricultura units per una mateixa preocupaci\u00f3: la p\u00e8rdua i degradaci\u00f3 del patrimoni arbori de les Illes Balears.\",\"publisher\":{\"@id\":\"https:\/\/arbrebalear.es\/es\/#organization\"},\"potentialAction\":[{\"@type\":\"SearchAction\",\"target\":{\"@type\":\"EntryPoint\",\"urlTemplate\":\"https:\/\/arbrebalear.es\/es\/?s={search_term_string}\"},\"query-input\":{\"@type\":\"PropertyValueSpecification\",\"valueRequired\":true,\"valueName\":\"search_term_string\"}}],\"inLanguage\":\"es\"},{\"@type\":\"Organization\",\"@id\":\"https:\/\/arbrebalear.es\/es\/#organization\",\"name\":\"ABA\",\"url\":\"https:\/\/arbrebalear.es\/es\/\",\"logo\":{\"@type\":\"ImageObject\",\"inLanguage\":\"es\",\"@id\":\"https:\/\/arbrebalear.es\/es\/#\/schema\/logo\/image\/\",\"url\":\"https:\/\/arbrebalear.es\/wp-content\/uploads\/2025\/05\/cropped-aba-logo.webp\",\"contentUrl\":\"https:\/\/arbrebalear.es\/wp-content\/uploads\/2025\/05\/cropped-aba-logo.webp\",\"width\":215,\"height\":162,\"caption\":\"ABA\"},\"image\":{\"@id\":\"https:\/\/arbrebalear.es\/es\/#\/schema\/logo\/image\/\"}}]}<\/script>\n<!-- \/ Yoast SEO plugin. -->","yoast_head_json":{"title":"CURS DE GESTI\u00d3 DEL RISC DE L'ARBRAT URB\u00c0 - Associaci\u00f3 Balear de l\u2019Arbre (ABA)","robots":{"index":"index","follow":"follow","max-snippet":"max-snippet:-1","max-image-preview":"max-image-preview:large","max-video-preview":"max-video-preview:-1"},"canonical":"https:\/\/arbrebalear.es\/es\/cursos\/curs-de-gestio-del-risc-de-larbrat-urba\/","og_locale":"es_ES","og_type":"article","og_title":"CURS DE GESTI\u00d3 DEL RISC DE L'ARBRAT URB\u00c0 - Associaci\u00f3 Balear de l\u2019Arbre (ABA)","og_description":"Teoria: 14 i 15 de mar\u00e7 de les 9:00\u00a0 a 14:00 i de les 15:30 a les 17.30. Pr\u00e0ctica: dia 16 de mar\u00e7 de les 8:00 a les 14:00. Total d&#8217;hores: 20 hores A c\u00e0rrec de\u00a0 Josep Selga Lloc: a les instal\u00b7lacions de Mallorca office Preu socis: 210\u20ac Preu no socis: 240\u20ac M\u00e0xim d&#8217;assistents: 20 [&hellip;]","og_url":"https:\/\/arbrebalear.es\/es\/cursos\/curs-de-gestio-del-risc-de-larbrat-urba\/","og_site_name":"Associaci\u00f3 Balear de l\u2019Arbre (ABA)","article_modified_time":"2025-03-25T17:09:50+00:00","og_image":[{"width":1024,"height":1280,"url":"https:\/\/arbrebalear.es\/wp-content\/uploads\/2025\/03\/Curs-Gestio-del-Risc-de-lArbrat-Urba.jpg","type":"image\/jpeg"}],"twitter_card":"summary_large_image","twitter_misc":{"Tiempo de lectura":"1 minuto"},"schema":{"@context":"https:\/\/schema.org","@graph":[{"@type":"WebPage","@id":"https:\/\/arbrebalear.es\/es\/cursos\/curs-de-gestio-del-risc-de-larbrat-urba\/","url":"https:\/\/arbrebalear.es\/es\/cursos\/curs-de-gestio-del-risc-de-larbrat-urba\/","name":"CURS DE GESTI\u00d3 DEL RISC DE L'ARBRAT URB\u00c0 - Associaci\u00f3 Balear de l\u2019Arbre (ABA)","isPartOf":{"@id":"https:\/\/arbrebalear.es\/es\/#website"},"primaryImageOfPage":{"@id":"https:\/\/arbrebalear.es\/es\/cursos\/curs-de-gestio-del-risc-de-larbrat-urba\/#primaryimage"},"image":{"@id":"https:\/\/arbrebalear.es\/es\/cursos\/curs-de-gestio-del-risc-de-larbrat-urba\/#primaryimage"},"thumbnailUrl":"https:\/\/arbrebalear.es\/wp-content\/uploads\/2025\/03\/Curs-Gestio-del-Risc-de-lArbrat-Urba.jpg","datePublished":"2025-03-25T17:09:19+00:00","dateModified":"2025-03-25T17:09:50+00:00","breadcrumb":{"@id":"https:\/\/arbrebalear.es\/es\/cursos\/curs-de-gestio-del-risc-de-larbrat-urba\/#breadcrumb"},"inLanguage":"es","potentialAction":[{"@type":"ReadAction","target":["https:\/\/arbrebalear.es\/es\/cursos\/curs-de-gestio-del-risc-de-larbrat-urba\/"]}]},{"@type":"ImageObject","inLanguage":"es","@id":"https:\/\/arbrebalear.es\/es\/cursos\/curs-de-gestio-del-risc-de-larbrat-urba\/#primaryimage","url":"https:\/\/arbrebalear.es\/wp-content\/uploads\/2025\/03\/Curs-Gestio-del-Risc-de-lArbrat-Urba.jpg","contentUrl":"https:\/\/arbrebalear.es\/wp-content\/uploads\/2025\/03\/Curs-Gestio-del-Risc-de-lArbrat-Urba.jpg","width":1024,"height":1280},{"@type":"BreadcrumbList","@id":"https:\/\/arbrebalear.es\/es\/cursos\/curs-de-gestio-del-risc-de-larbrat-urba\/#breadcrumb","itemListElement":[{"@type":"ListItem","position":1,"name":"Portada","item":"https:\/\/arbrebalear.es\/es\/"},{"@type":"ListItem","position":2,"name":"Tienda","item":"https:\/\/arbrebalear.es\/es\/tienda\/"},{"@type":"ListItem","position":3,"name":"CURS DE GESTI\u00d3 DEL RISC DE L&#8217;ARBRAT URB\u00c0"}]},{"@type":"WebSite","@id":"https:\/\/arbrebalear.es\/es\/#website","url":"https:\/\/arbrebalear.es\/es\/","name":"ABA","description":"L\u2019Associaci\u00f3 Balear de l\u2019Arbre (ABA) \u00e9s una entitat sense \u00e0nim de lucre creada l\u2019any 2009 per un grup de professionals de l\u2019arboricultura units per una mateixa preocupaci\u00f3: la p\u00e8rdua i degradaci\u00f3 del patrimoni arbori de les Illes Balears.","publisher":{"@id":"https:\/\/arbrebalear.es\/es\/#organization"},"potentialAction":[{"@type":"SearchAction","target":{"@type":"EntryPoint","urlTemplate":"https:\/\/arbrebalear.es\/es\/?s={search_term_string}"},"query-input":{"@type":"PropertyValueSpecification","valueRequired":true,"valueName":"search_term_string"}}],"inLanguage":"es"},{"@type":"Organization","@id":"https:\/\/arbrebalear.es\/es\/#organization","name":"ABA","url":"https:\/\/arbrebalear.es\/es\/","logo":{"@type":"ImageObject","inLanguage":"es","@id":"https:\/\/arbrebalear.es\/es\/#\/schema\/logo\/image\/","url":"https:\/\/arbrebalear.es\/wp-content\/uploads\/2025\/05\/cropped-aba-logo.webp","contentUrl":"https:\/\/arbrebalear.es\/wp-content\/uploads\/2025\/05\/cropped-aba-logo.webp","width":215,"height":162,"caption":"ABA"},"image":{"@id":"https:\/\/arbrebalear.es\/es\/#\/schema\/logo\/image\/"}}]}},"_links":{"self":[{"href":"https:\/\/arbrebalear.es\/es\/wp-json\/wp\/v2\/product\/71","targetHints":{"allow":["GET"]}}],"collection":[{"href":"https:\/\/arbrebalear.es\/es\/wp-json\/wp\/v2\/product"}],"about":[{"href":"https:\/\/arbrebalear.es\/es\/wp-json\/wp\/v2\/types\/product"}],"wp:featuredmedia":[{"embeddable":true,"href":"https:\/\/arbrebalear.es\/es\/wp-json\/wp\/v2\/media\/99"}],"wp:attachment":[{"href":"https:\/\/arbrebalear.es\/es\/wp-json\/wp\/v2\/media?parent=71"}],"wp:term":[{"taxonomy":"product_brand","embeddable":true,"href":"https:\/\/arbrebalear.es\/es\/wp-json\/wp\/v2\/product_brand?post=71"},{"taxonomy":"product_cat","embeddable":true,"href":"https:\/\/arbrebalear.es\/es\/wp-json\/wp\/v2\/product_cat?post=71"},{"taxonomy":"product_tag","embeddable":true,"href":"https:\/\/arbrebalear.es\/es\/wp-json\/wp\/v2\/product_tag?post=71"}],"curies":[{"name":"wp","href":"https:\/\/api.w.org\/{rel}","templated":true}]}}