{"id":77,"date":"2025-03-25T18:09:21","date_gmt":"2025-03-25T17:09:21","guid":{"rendered":"https:\/\/arbrebalear.es\/?post_type=product&#038;p=77"},"modified":"2025-03-25T18:09:51","modified_gmt":"2025-03-25T17:09:51","slug":"curs-de-primers-auxilis","status":"publish","type":"product","link":"https:\/\/arbrebalear.es\/es\/cursos\/curs-de-primers-auxilis\/","title":{"rendered":"CURS DE PRIMERS AUXILIS"},"content":{"rendered":"<p style=\"font-variant-ligatures: normal; font-variant-caps: normal; font-style: normal; font-weight: 400;\">12 de maig de les 16.30 a les 19.30 i 13 de maig de les 8:00\u00a0 a les 15.00.<\/p>\n<p style=\"font-variant-ligatures: normal; font-variant-caps: normal; font-style: normal; font-weight: 400;\">\u00a0Total d&#8217;hores: 10 hores<\/p>\n<p style=\"font-variant-ligatures: normal; font-variant-caps: normal; font-style: normal; font-weight: 400;\">\u00a0A c\u00e0rrec de Aina Garrido i David L\u00f3pez (diplomats en infermeria)<\/p>\n<p style=\"font-variant-ligatures: normal; font-variant-caps: normal; font-style: normal; font-weight: 400;\">\u00a0Lloc: Mallorca Office<\/p>\n<p style=\"font-variant-ligatures: normal; font-variant-caps: normal; font-style: normal; font-weight: 400;\">\u00a0Preu socis: 95\u20ac<\/p>\n<p style=\"font-variant-ligatures: normal; font-variant-caps: normal; font-style: normal; font-weight: 400;\">\u00a0Preu no socis: 115\u20ac<\/p>\n<p style=\"font-variant-ligatures: normal; font-variant-caps: normal; font-style: normal; font-weight: 400;\">\u00a0M\u00e0xim d&#8217;assistents: 20 alumnes<\/p>\n<p>&nbsp;<\/p>\n<p style=\"font-variant-ligatures: normal; font-variant-caps: normal; font-style: normal; font-weight: 400;\">Continguts\u00a0 del curs:<\/p>\n<ul style=\"font-variant-ligatures: normal; font-variant-caps: normal; font-family: Roboto, sans-serif; font-size: 16px; font-style: normal; font-weight: 400;\">\n<li style=\"font-size: 16px;\">Reaccions Al\u00b7l\u00e8rgiques<\/li>\n<li style=\"font-size: 16px;\">Intoxicacions<\/li>\n<li style=\"font-size: 16px;\">Dificultat Respirat\u00f2ria<\/li>\n<li style=\"font-size: 16px;\">Convulsions<\/li>\n<li style=\"font-size: 16px;\">Ferides, cremades i traumatismes<\/li>\n<li style=\"font-size: 16px;\">Hemorr\u00e0gies<\/li>\n<li style=\"font-size: 16px;\">Ennuegament<\/li>\n<li style=\"font-size: 16px;\">S\u00edndrome del Arn\u00e9s<\/li>\n<li style=\"font-size: 16px;\">SVB + DEA.<\/li>\n<\/ul>\n","protected":false},"excerpt":{"rendered":"<p>12 de maig de les 16.30 a les 19.30 i 13 de maig de les 8:00\u00a0 a les 15.00. \u00a0Total d&#8217;hores: 10 hores \u00a0A c\u00e0rrec de Aina Garrido i David L\u00f3pez (diplomats en infermeria) \u00a0Lloc: Mallorca Office \u00a0Preu socis: 95\u20ac \u00a0Preu no socis: 115\u20ac \u00a0M\u00e0xim d&#8217;assistents: 20 alumnes &nbsp; Continguts\u00a0 del curs: Reaccions Al\u00b7l\u00e8rgiques Intoxicacions [&hellip;]<\/p>\n","protected":false},"featured_media":101,"template":"","meta":[],"product_brand":[],"product_cat":[17],"product_tag":[],"class_list":{"0":"post-77","1":"product","2":"type-product","3":"status-publish","4":"has-post-thumbnail","6":"product_cat-cursos","8":"first","9":"outofstock","10":"featured","11":"sold-individually","12":"shipping-taxable","13":"product-type-variable"},"yoast_head":"<!-- This site is optimized with the Yoast SEO plugin v27.0 - https:\/\/yoast.com\/product\/yoast-seo-wordpress\/ -->\n<title>CURS DE PRIMERS AUXILIS - Associaci\u00f3 Balear de l\u2019Arbre (ABA)<\/title>\n<meta name=\"robots\" content=\"index, follow, max-snippet:-1, max-image-preview:large, max-video-preview:-1\" \/>\n<link rel=\"canonical\" href=\"https:\/\/arbrebalear.es\/es\/cursos\/curs-de-primers-auxilis\/\" \/>\n<meta property=\"og:locale\" content=\"es_ES\" \/>\n<meta property=\"og:type\" content=\"article\" \/>\n<meta property=\"og:title\" content=\"CURS DE PRIMERS AUXILIS - Associaci\u00f3 Balear de l\u2019Arbre (ABA)\" \/>\n<meta property=\"og:description\" content=\"12 de maig de les 16.30 a les 19.30 i 13 de maig de les 8:00\u00a0 a les 15.00. \u00a0Total d&#8217;hores: 10 hores \u00a0A c\u00e0rrec de Aina Garrido i David L\u00f3pez (diplomats en infermeria) \u00a0Lloc: Mallorca Office \u00a0Preu socis: 95\u20ac \u00a0Preu no socis: 115\u20ac \u00a0M\u00e0xim d&#8217;assistents: 20 alumnes &nbsp; Continguts\u00a0 del curs: Reaccions Al\u00b7l\u00e8rgiques Intoxicacions [&hellip;]\" \/>\n<meta property=\"og:url\" content=\"https:\/\/arbrebalear.es\/es\/cursos\/curs-de-primers-auxilis\/\" \/>\n<meta property=\"og:site_name\" content=\"Associaci\u00f3 Balear de l\u2019Arbre (ABA)\" \/>\n<meta property=\"article:modified_time\" content=\"2025-03-25T17:09:51+00:00\" \/>\n<meta property=\"og:image\" content=\"https:\/\/arbrebalear.es\/wp-content\/uploads\/2025\/03\/Curs-primers-auxilis.jpg\" \/>\n\t<meta property=\"og:image:width\" content=\"1080\" \/>\n\t<meta property=\"og:image:height\" content=\"1350\" \/>\n\t<meta property=\"og:image:type\" content=\"image\/jpeg\" \/>\n<meta name=\"twitter:card\" content=\"summary_large_image\" \/>\n<meta name=\"twitter:label1\" content=\"Tiempo de lectura\" \/>\n\t<meta name=\"twitter:data1\" content=\"1 minuto\" \/>\n<script type=\"application\/ld+json\" class=\"yoast-schema-graph\">{\"@context\":\"https:\/\/schema.org\",\"@graph\":[{\"@type\":\"WebPage\",\"@id\":\"https:\/\/arbrebalear.es\/es\/cursos\/curs-de-primers-auxilis\/\",\"url\":\"https:\/\/arbrebalear.es\/es\/cursos\/curs-de-primers-auxilis\/\",\"name\":\"CURS DE PRIMERS AUXILIS - Associaci\u00f3 Balear de l\u2019Arbre (ABA)\",\"isPartOf\":{\"@id\":\"https:\/\/arbrebalear.es\/es\/#website\"},\"primaryImageOfPage\":{\"@id\":\"https:\/\/arbrebalear.es\/es\/cursos\/curs-de-primers-auxilis\/#primaryimage\"},\"image\":{\"@id\":\"https:\/\/arbrebalear.es\/es\/cursos\/curs-de-primers-auxilis\/#primaryimage\"},\"thumbnailUrl\":\"https:\/\/arbrebalear.es\/wp-content\/uploads\/2025\/03\/Curs-primers-auxilis.jpg\",\"datePublished\":\"2025-03-25T17:09:21+00:00\",\"dateModified\":\"2025-03-25T17:09:51+00:00\",\"breadcrumb\":{\"@id\":\"https:\/\/arbrebalear.es\/es\/cursos\/curs-de-primers-auxilis\/#breadcrumb\"},\"inLanguage\":\"es\",\"potentialAction\":[{\"@type\":\"ReadAction\",\"target\":[\"https:\/\/arbrebalear.es\/es\/cursos\/curs-de-primers-auxilis\/\"]}]},{\"@type\":\"ImageObject\",\"inLanguage\":\"es\",\"@id\":\"https:\/\/arbrebalear.es\/es\/cursos\/curs-de-primers-auxilis\/#primaryimage\",\"url\":\"https:\/\/arbrebalear.es\/wp-content\/uploads\/2025\/03\/Curs-primers-auxilis.jpg\",\"contentUrl\":\"https:\/\/arbrebalear.es\/wp-content\/uploads\/2025\/03\/Curs-primers-auxilis.jpg\",\"width\":1080,\"height\":1350},{\"@type\":\"BreadcrumbList\",\"@id\":\"https:\/\/arbrebalear.es\/es\/cursos\/curs-de-primers-auxilis\/#breadcrumb\",\"itemListElement\":[{\"@type\":\"ListItem\",\"position\":1,\"name\":\"Portada\",\"item\":\"https:\/\/arbrebalear.es\/es\/\"},{\"@type\":\"ListItem\",\"position\":2,\"name\":\"Tienda\",\"item\":\"https:\/\/arbrebalear.es\/es\/tienda\/\"},{\"@type\":\"ListItem\",\"position\":3,\"name\":\"CURS DE PRIMERS AUXILIS\"}]},{\"@type\":\"WebSite\",\"@id\":\"https:\/\/arbrebalear.es\/es\/#website\",\"url\":\"https:\/\/arbrebalear.es\/es\/\",\"name\":\"ABA\",\"description\":\"L\u2019Associaci\u00f3 Balear de l\u2019Arbre (ABA) \u00e9s una entitat sense \u00e0nim de lucre creada l\u2019any 2009 per un grup de professionals de l\u2019arboricultura units per una mateixa preocupaci\u00f3: la p\u00e8rdua i degradaci\u00f3 del patrimoni arbori de les Illes Balears.\",\"publisher\":{\"@id\":\"https:\/\/arbrebalear.es\/es\/#organization\"},\"potentialAction\":[{\"@type\":\"SearchAction\",\"target\":{\"@type\":\"EntryPoint\",\"urlTemplate\":\"https:\/\/arbrebalear.es\/es\/?s={search_term_string}\"},\"query-input\":{\"@type\":\"PropertyValueSpecification\",\"valueRequired\":true,\"valueName\":\"search_term_string\"}}],\"inLanguage\":\"es\"},{\"@type\":\"Organization\",\"@id\":\"https:\/\/arbrebalear.es\/es\/#organization\",\"name\":\"ABA\",\"url\":\"https:\/\/arbrebalear.es\/es\/\",\"logo\":{\"@type\":\"ImageObject\",\"inLanguage\":\"es\",\"@id\":\"https:\/\/arbrebalear.es\/es\/#\/schema\/logo\/image\/\",\"url\":\"https:\/\/arbrebalear.es\/wp-content\/uploads\/2025\/05\/cropped-aba-logo.webp\",\"contentUrl\":\"https:\/\/arbrebalear.es\/wp-content\/uploads\/2025\/05\/cropped-aba-logo.webp\",\"width\":215,\"height\":162,\"caption\":\"ABA\"},\"image\":{\"@id\":\"https:\/\/arbrebalear.es\/es\/#\/schema\/logo\/image\/\"}}]}<\/script>\n<!-- \/ Yoast SEO plugin. -->","yoast_head_json":{"title":"CURS DE PRIMERS AUXILIS - Associaci\u00f3 Balear de l\u2019Arbre (ABA)","robots":{"index":"index","follow":"follow","max-snippet":"max-snippet:-1","max-image-preview":"max-image-preview:large","max-video-preview":"max-video-preview:-1"},"canonical":"https:\/\/arbrebalear.es\/es\/cursos\/curs-de-primers-auxilis\/","og_locale":"es_ES","og_type":"article","og_title":"CURS DE PRIMERS AUXILIS - Associaci\u00f3 Balear de l\u2019Arbre (ABA)","og_description":"12 de maig de les 16.30 a les 19.30 i 13 de maig de les 8:00\u00a0 a les 15.00. \u00a0Total d&#8217;hores: 10 hores \u00a0A c\u00e0rrec de Aina Garrido i David L\u00f3pez (diplomats en infermeria) \u00a0Lloc: Mallorca Office \u00a0Preu socis: 95\u20ac \u00a0Preu no socis: 115\u20ac \u00a0M\u00e0xim d&#8217;assistents: 20 alumnes &nbsp; Continguts\u00a0 del curs: Reaccions Al\u00b7l\u00e8rgiques Intoxicacions [&hellip;]","og_url":"https:\/\/arbrebalear.es\/es\/cursos\/curs-de-primers-auxilis\/","og_site_name":"Associaci\u00f3 Balear de l\u2019Arbre (ABA)","article_modified_time":"2025-03-25T17:09:51+00:00","og_image":[{"width":1080,"height":1350,"url":"https:\/\/arbrebalear.es\/wp-content\/uploads\/2025\/03\/Curs-primers-auxilis.jpg","type":"image\/jpeg"}],"twitter_card":"summary_large_image","twitter_misc":{"Tiempo de lectura":"1 minuto"},"schema":{"@context":"https:\/\/schema.org","@graph":[{"@type":"WebPage","@id":"https:\/\/arbrebalear.es\/es\/cursos\/curs-de-primers-auxilis\/","url":"https:\/\/arbrebalear.es\/es\/cursos\/curs-de-primers-auxilis\/","name":"CURS DE PRIMERS AUXILIS - Associaci\u00f3 Balear de l\u2019Arbre (ABA)","isPartOf":{"@id":"https:\/\/arbrebalear.es\/es\/#website"},"primaryImageOfPage":{"@id":"https:\/\/arbrebalear.es\/es\/cursos\/curs-de-primers-auxilis\/#primaryimage"},"image":{"@id":"https:\/\/arbrebalear.es\/es\/cursos\/curs-de-primers-auxilis\/#primaryimage"},"thumbnailUrl":"https:\/\/arbrebalear.es\/wp-content\/uploads\/2025\/03\/Curs-primers-auxilis.jpg","datePublished":"2025-03-25T17:09:21+00:00","dateModified":"2025-03-25T17:09:51+00:00","breadcrumb":{"@id":"https:\/\/arbrebalear.es\/es\/cursos\/curs-de-primers-auxilis\/#breadcrumb"},"inLanguage":"es","potentialAction":[{"@type":"ReadAction","target":["https:\/\/arbrebalear.es\/es\/cursos\/curs-de-primers-auxilis\/"]}]},{"@type":"ImageObject","inLanguage":"es","@id":"https:\/\/arbrebalear.es\/es\/cursos\/curs-de-primers-auxilis\/#primaryimage","url":"https:\/\/arbrebalear.es\/wp-content\/uploads\/2025\/03\/Curs-primers-auxilis.jpg","contentUrl":"https:\/\/arbrebalear.es\/wp-content\/uploads\/2025\/03\/Curs-primers-auxilis.jpg","width":1080,"height":1350},{"@type":"BreadcrumbList","@id":"https:\/\/arbrebalear.es\/es\/cursos\/curs-de-primers-auxilis\/#breadcrumb","itemListElement":[{"@type":"ListItem","position":1,"name":"Portada","item":"https:\/\/arbrebalear.es\/es\/"},{"@type":"ListItem","position":2,"name":"Tienda","item":"https:\/\/arbrebalear.es\/es\/tienda\/"},{"@type":"ListItem","position":3,"name":"CURS DE PRIMERS AUXILIS"}]},{"@type":"WebSite","@id":"https:\/\/arbrebalear.es\/es\/#website","url":"https:\/\/arbrebalear.es\/es\/","name":"ABA","description":"L\u2019Associaci\u00f3 Balear de l\u2019Arbre (ABA) \u00e9s una entitat sense \u00e0nim de lucre creada l\u2019any 2009 per un grup de professionals de l\u2019arboricultura units per una mateixa preocupaci\u00f3: la p\u00e8rdua i degradaci\u00f3 del patrimoni arbori de les Illes Balears.","publisher":{"@id":"https:\/\/arbrebalear.es\/es\/#organization"},"potentialAction":[{"@type":"SearchAction","target":{"@type":"EntryPoint","urlTemplate":"https:\/\/arbrebalear.es\/es\/?s={search_term_string}"},"query-input":{"@type":"PropertyValueSpecification","valueRequired":true,"valueName":"search_term_string"}}],"inLanguage":"es"},{"@type":"Organization","@id":"https:\/\/arbrebalear.es\/es\/#organization","name":"ABA","url":"https:\/\/arbrebalear.es\/es\/","logo":{"@type":"ImageObject","inLanguage":"es","@id":"https:\/\/arbrebalear.es\/es\/#\/schema\/logo\/image\/","url":"https:\/\/arbrebalear.es\/wp-content\/uploads\/2025\/05\/cropped-aba-logo.webp","contentUrl":"https:\/\/arbrebalear.es\/wp-content\/uploads\/2025\/05\/cropped-aba-logo.webp","width":215,"height":162,"caption":"ABA"},"image":{"@id":"https:\/\/arbrebalear.es\/es\/#\/schema\/logo\/image\/"}}]}},"_links":{"self":[{"href":"https:\/\/arbrebalear.es\/es\/wp-json\/wp\/v2\/product\/77","targetHints":{"allow":["GET"]}}],"collection":[{"href":"https:\/\/arbrebalear.es\/es\/wp-json\/wp\/v2\/product"}],"about":[{"href":"https:\/\/arbrebalear.es\/es\/wp-json\/wp\/v2\/types\/product"}],"wp:featuredmedia":[{"embeddable":true,"href":"https:\/\/arbrebalear.es\/es\/wp-json\/wp\/v2\/media\/101"}],"wp:attachment":[{"href":"https:\/\/arbrebalear.es\/es\/wp-json\/wp\/v2\/media?parent=77"}],"wp:term":[{"taxonomy":"product_brand","embeddable":true,"href":"https:\/\/arbrebalear.es\/es\/wp-json\/wp\/v2\/product_brand?post=77"},{"taxonomy":"product_cat","embeddable":true,"href":"https:\/\/arbrebalear.es\/es\/wp-json\/wp\/v2\/product_cat?post=77"},{"taxonomy":"product_tag","embeddable":true,"href":"https:\/\/arbrebalear.es\/es\/wp-json\/wp\/v2\/product_tag?post=77"}],"curies":[{"name":"wp","href":"https:\/\/api.w.org\/{rel}","templated":true}]}}