{"id":80,"date":"2025-03-25T18:09:22","date_gmt":"2025-03-25T17:09:22","guid":{"rendered":"https:\/\/arbrebalear.es\/?post_type=product&#038;p=80"},"modified":"2025-03-25T18:09:51","modified_gmt":"2025-03-25T17:09:51","slug":"curso-para-mejorar-tu-capacidad-de-hablar-en-publico","status":"publish","type":"product","link":"https:\/\/arbrebalear.es\/es\/cursos\/curso-para-mejorar-tu-capacidad-de-hablar-en-publico\/","title":{"rendered":"CURSO PARA MEJORAR TU CAPACIDAD DE HABLAR EN P\u00daBLICO"},"content":{"rendered":"<p><strong>D\u00edas:<\/strong> 17 y 18 de noviembre de 2023<\/p>\n<p><strong>Lugar: <\/strong>Mallorca Office, C\/ del Fluvi\u00e1, 1, Son Fuster<\/p>\n<p><strong>Hora:<\/strong> d\u00eda 17 de 16:00 a 19:30h y d\u00eda 18 de 8:00 a 14:30h<\/p>\n<p style=\"font-variant-ligatures: normal; font-variant-caps: normal; font-style: normal; font-weight: 400;\"><strong>\u00a0Total de horas:<\/strong> 10 horas<\/p>\n<p style=\"font-variant-ligatures: normal; font-variant-caps: normal; font-style: normal; font-weight: 400;\">A cargo de Sara G\u00fcemes (experta en comunicaci\u00f3n)<\/p>\n<p style=\"font-variant-ligatures: normal; font-variant-caps: normal; font-style: normal; font-weight: 400;\"><strong>Precio socios:<\/strong> 85\u20ac<\/p>\n<p style=\"font-variant-ligatures: normal; font-variant-caps: normal; font-style: normal; font-weight: 400;\"><strong>Precio no socios:<\/strong> 100\u20ac<\/p>\n<p style=\"font-variant-ligatures: normal; font-variant-caps: normal; font-style: normal; font-weight: 400;\"><strong>M\u00e1ximo de asistentes:<\/strong> 10 alumnes<\/p>\n<p><em>* Se enviar\u00e1 un formulario con dos semanas de antelaci\u00f3n para conocer el punto de partida de todos los participantes.<\/em><\/p>\n<p style=\"font-variant-ligatures: normal; font-variant-caps: normal; font-style: normal; font-weight: 400;\"><strong>Contenidos del curso:<\/strong><\/p>\n<ol>\n<li>INTRODUCCI\u00d3N<\/li>\n<\/ol>\n<ul>\n<li>Cu\u00e1nto sabes<\/li>\n<li>C\u00f3mo lo haces<\/li>\n<\/ul>\n<ol start=\"2\">\n<li>QU\u00c9 DECIR<\/li>\n<\/ol>\n<ul>\n<li>Priorizar tus mensajes<\/li>\n<li>Estruct\u00faralos<\/li>\n<li>Tipolog\u00eda de discursos<\/li>\n<li>Pr\u00e1cticas<\/li>\n<\/ul>\n<ol start=\"3\">\n<li>CON QU\u00c9 PALABRAS<\/li>\n<\/ol>\n<ul>\n<li>Qu\u00e9 quiero decir y qu\u00e9 transmito<\/li>\n<li>Palabras a evitar<\/li>\n<li>Preguntas<\/li>\n<li>Discurso persuasivo<\/li>\n<li>Pr\u00e1cticas<\/li>\n<\/ul>\n<ol start=\"4\">\n<li>QU\u00c9 DICE MI CUERPO<\/li>\n<\/ol>\n<ul>\n<li>La comunicaci\u00f3n no verbal<\/li>\n<li>Pr\u00e1cticas<\/li>\n<\/ul>\n<ol start=\"5\">\n<li>\u00bfY EL RESTO DE CANALES DE INFORMACI\u00d3N?<\/li>\n<\/ol>\n<ul>\n<li>Tono<\/li>\n<li>Silencio<\/li>\n<li>Volumen<\/li>\n<li>Ritmo<\/li>\n<li>Pausas<\/li>\n<li>Pr\u00e1cticas<\/li>\n<\/ul>\n<ol start=\"6\">\n<li>QUI\u00c9N EST\u00c1 DELANTE<\/li>\n<\/ol>\n<ul>\n<li>Conocer al p\u00fablico es fundamental<\/li>\n<li>Aburrimiento<\/li>\n<li>Pr\u00e1cticas con diferentes p\u00fablicos<\/li>\n<\/ul>\n<ol start=\"7\">\n<li>LOS DEM\u00c1S TEMAS<\/li>\n<\/ol>\n<ul>\n<li>El espacio<\/li>\n<li>Elementos de apoyo<\/li>\n<li>preguntas y respuestas<\/li>\n<\/ul>\n","protected":false},"excerpt":{"rendered":"<p>D\u00edas: 17 y 18 de noviembre de 2023 Lugar: Mallorca Office, C\/ del Fluvi\u00e1, 1, Son Fuster Hora: d\u00eda 17 de 16:00 a 19:30h y d\u00eda 18 de 8:00 a 14:30h \u00a0Total de horas: 10 horas A cargo de Sara G\u00fcemes (experta en comunicaci\u00f3n) Precio socios: 85\u20ac Precio no socios: 100\u20ac M\u00e1ximo de asistentes: 10 [&hellip;]<\/p>\n","protected":false},"featured_media":102,"template":"","meta":[],"product_brand":[],"product_cat":[17],"product_tag":[],"class_list":{"0":"post-80","1":"product","2":"type-product","3":"status-publish","4":"has-post-thumbnail","6":"product_cat-cursos","8":"first","9":"outofstock","10":"sold-individually","11":"shipping-taxable","12":"product-type-variable"},"yoast_head":"<!-- This site is optimized with the Yoast SEO plugin v27.0 - https:\/\/yoast.com\/product\/yoast-seo-wordpress\/ -->\n<title>CURSO PARA MEJORAR TU CAPACIDAD DE HABLAR EN P\u00daBLICO - Associaci\u00f3 Balear de l\u2019Arbre (ABA)<\/title>\n<meta name=\"robots\" content=\"index, follow, max-snippet:-1, max-image-preview:large, max-video-preview:-1\" \/>\n<link rel=\"canonical\" href=\"https:\/\/arbrebalear.es\/es\/cursos\/curso-para-mejorar-tu-capacidad-de-hablar-en-publico\/\" \/>\n<meta property=\"og:locale\" content=\"es_ES\" \/>\n<meta property=\"og:type\" content=\"article\" \/>\n<meta property=\"og:title\" content=\"CURSO PARA MEJORAR TU CAPACIDAD DE HABLAR EN P\u00daBLICO - Associaci\u00f3 Balear de l\u2019Arbre (ABA)\" \/>\n<meta property=\"og:description\" content=\"D\u00edas: 17 y 18 de noviembre de 2023 Lugar: Mallorca Office, C\/ del Fluvi\u00e1, 1, Son Fuster Hora: d\u00eda 17 de 16:00 a 19:30h y d\u00eda 18 de 8:00 a 14:30h \u00a0Total de horas: 10 horas A cargo de Sara G\u00fcemes (experta en comunicaci\u00f3n) Precio socios: 85\u20ac Precio no socios: 100\u20ac M\u00e1ximo de asistentes: 10 [&hellip;]\" \/>\n<meta property=\"og:url\" content=\"https:\/\/arbrebalear.es\/es\/cursos\/curso-para-mejorar-tu-capacidad-de-hablar-en-publico\/\" \/>\n<meta property=\"og:site_name\" content=\"Associaci\u00f3 Balear de l\u2019Arbre (ABA)\" \/>\n<meta property=\"article:modified_time\" content=\"2025-03-25T17:09:51+00:00\" \/>\n<meta property=\"og:image\" content=\"https:\/\/arbrebalear.es\/wp-content\/uploads\/2025\/03\/Mejora-capacidad-habla_03.jpg\" \/>\n\t<meta property=\"og:image:width\" content=\"1080\" \/>\n\t<meta property=\"og:image:height\" content=\"1350\" \/>\n\t<meta property=\"og:image:type\" content=\"image\/jpeg\" \/>\n<meta name=\"twitter:card\" content=\"summary_large_image\" \/>\n<meta name=\"twitter:label1\" content=\"Tiempo de lectura\" \/>\n\t<meta name=\"twitter:data1\" content=\"1 minuto\" \/>\n<script type=\"application\/ld+json\" class=\"yoast-schema-graph\">{\"@context\":\"https:\/\/schema.org\",\"@graph\":[{\"@type\":\"WebPage\",\"@id\":\"https:\/\/arbrebalear.es\/es\/cursos\/curso-para-mejorar-tu-capacidad-de-hablar-en-publico\/\",\"url\":\"https:\/\/arbrebalear.es\/es\/cursos\/curso-para-mejorar-tu-capacidad-de-hablar-en-publico\/\",\"name\":\"CURSO PARA MEJORAR TU CAPACIDAD DE HABLAR EN P\u00daBLICO - Associaci\u00f3 Balear de l\u2019Arbre (ABA)\",\"isPartOf\":{\"@id\":\"https:\/\/arbrebalear.es\/es\/#website\"},\"primaryImageOfPage\":{\"@id\":\"https:\/\/arbrebalear.es\/es\/cursos\/curso-para-mejorar-tu-capacidad-de-hablar-en-publico\/#primaryimage\"},\"image\":{\"@id\":\"https:\/\/arbrebalear.es\/es\/cursos\/curso-para-mejorar-tu-capacidad-de-hablar-en-publico\/#primaryimage\"},\"thumbnailUrl\":\"https:\/\/arbrebalear.es\/wp-content\/uploads\/2025\/03\/Mejora-capacidad-habla_03.jpg\",\"datePublished\":\"2025-03-25T17:09:22+00:00\",\"dateModified\":\"2025-03-25T17:09:51+00:00\",\"breadcrumb\":{\"@id\":\"https:\/\/arbrebalear.es\/es\/cursos\/curso-para-mejorar-tu-capacidad-de-hablar-en-publico\/#breadcrumb\"},\"inLanguage\":\"es\",\"potentialAction\":[{\"@type\":\"ReadAction\",\"target\":[\"https:\/\/arbrebalear.es\/es\/cursos\/curso-para-mejorar-tu-capacidad-de-hablar-en-publico\/\"]}]},{\"@type\":\"ImageObject\",\"inLanguage\":\"es\",\"@id\":\"https:\/\/arbrebalear.es\/es\/cursos\/curso-para-mejorar-tu-capacidad-de-hablar-en-publico\/#primaryimage\",\"url\":\"https:\/\/arbrebalear.es\/wp-content\/uploads\/2025\/03\/Mejora-capacidad-habla_03.jpg\",\"contentUrl\":\"https:\/\/arbrebalear.es\/wp-content\/uploads\/2025\/03\/Mejora-capacidad-habla_03.jpg\",\"width\":1080,\"height\":1350},{\"@type\":\"BreadcrumbList\",\"@id\":\"https:\/\/arbrebalear.es\/es\/cursos\/curso-para-mejorar-tu-capacidad-de-hablar-en-publico\/#breadcrumb\",\"itemListElement\":[{\"@type\":\"ListItem\",\"position\":1,\"name\":\"Portada\",\"item\":\"https:\/\/arbrebalear.es\/es\/\"},{\"@type\":\"ListItem\",\"position\":2,\"name\":\"Tienda\",\"item\":\"https:\/\/arbrebalear.es\/es\/tienda\/\"},{\"@type\":\"ListItem\",\"position\":3,\"name\":\"CURSO PARA MEJORAR TU CAPACIDAD DE HABLAR EN P\u00daBLICO\"}]},{\"@type\":\"WebSite\",\"@id\":\"https:\/\/arbrebalear.es\/es\/#website\",\"url\":\"https:\/\/arbrebalear.es\/es\/\",\"name\":\"ABA\",\"description\":\"L\u2019Associaci\u00f3 Balear de l\u2019Arbre (ABA) \u00e9s una entitat sense \u00e0nim de lucre creada l\u2019any 2009 per un grup de professionals de l\u2019arboricultura units per una mateixa preocupaci\u00f3: la p\u00e8rdua i degradaci\u00f3 del patrimoni arbori de les Illes Balears.\",\"publisher\":{\"@id\":\"https:\/\/arbrebalear.es\/es\/#organization\"},\"potentialAction\":[{\"@type\":\"SearchAction\",\"target\":{\"@type\":\"EntryPoint\",\"urlTemplate\":\"https:\/\/arbrebalear.es\/es\/?s={search_term_string}\"},\"query-input\":{\"@type\":\"PropertyValueSpecification\",\"valueRequired\":true,\"valueName\":\"search_term_string\"}}],\"inLanguage\":\"es\"},{\"@type\":\"Organization\",\"@id\":\"https:\/\/arbrebalear.es\/es\/#organization\",\"name\":\"ABA\",\"url\":\"https:\/\/arbrebalear.es\/es\/\",\"logo\":{\"@type\":\"ImageObject\",\"inLanguage\":\"es\",\"@id\":\"https:\/\/arbrebalear.es\/es\/#\/schema\/logo\/image\/\",\"url\":\"https:\/\/arbrebalear.es\/wp-content\/uploads\/2025\/05\/cropped-aba-logo.webp\",\"contentUrl\":\"https:\/\/arbrebalear.es\/wp-content\/uploads\/2025\/05\/cropped-aba-logo.webp\",\"width\":215,\"height\":162,\"caption\":\"ABA\"},\"image\":{\"@id\":\"https:\/\/arbrebalear.es\/es\/#\/schema\/logo\/image\/\"}}]}<\/script>\n<!-- \/ Yoast SEO plugin. -->","yoast_head_json":{"title":"CURSO PARA MEJORAR TU CAPACIDAD DE HABLAR EN P\u00daBLICO - Associaci\u00f3 Balear de l\u2019Arbre (ABA)","robots":{"index":"index","follow":"follow","max-snippet":"max-snippet:-1","max-image-preview":"max-image-preview:large","max-video-preview":"max-video-preview:-1"},"canonical":"https:\/\/arbrebalear.es\/es\/cursos\/curso-para-mejorar-tu-capacidad-de-hablar-en-publico\/","og_locale":"es_ES","og_type":"article","og_title":"CURSO PARA MEJORAR TU CAPACIDAD DE HABLAR EN P\u00daBLICO - Associaci\u00f3 Balear de l\u2019Arbre (ABA)","og_description":"D\u00edas: 17 y 18 de noviembre de 2023 Lugar: Mallorca Office, C\/ del Fluvi\u00e1, 1, Son Fuster Hora: d\u00eda 17 de 16:00 a 19:30h y d\u00eda 18 de 8:00 a 14:30h \u00a0Total de horas: 10 horas A cargo de Sara G\u00fcemes (experta en comunicaci\u00f3n) Precio socios: 85\u20ac Precio no socios: 100\u20ac M\u00e1ximo de asistentes: 10 [&hellip;]","og_url":"https:\/\/arbrebalear.es\/es\/cursos\/curso-para-mejorar-tu-capacidad-de-hablar-en-publico\/","og_site_name":"Associaci\u00f3 Balear de l\u2019Arbre (ABA)","article_modified_time":"2025-03-25T17:09:51+00:00","og_image":[{"width":1080,"height":1350,"url":"https:\/\/arbrebalear.es\/wp-content\/uploads\/2025\/03\/Mejora-capacidad-habla_03.jpg","type":"image\/jpeg"}],"twitter_card":"summary_large_image","twitter_misc":{"Tiempo de lectura":"1 minuto"},"schema":{"@context":"https:\/\/schema.org","@graph":[{"@type":"WebPage","@id":"https:\/\/arbrebalear.es\/es\/cursos\/curso-para-mejorar-tu-capacidad-de-hablar-en-publico\/","url":"https:\/\/arbrebalear.es\/es\/cursos\/curso-para-mejorar-tu-capacidad-de-hablar-en-publico\/","name":"CURSO PARA MEJORAR TU CAPACIDAD DE HABLAR EN P\u00daBLICO - Associaci\u00f3 Balear de l\u2019Arbre (ABA)","isPartOf":{"@id":"https:\/\/arbrebalear.es\/es\/#website"},"primaryImageOfPage":{"@id":"https:\/\/arbrebalear.es\/es\/cursos\/curso-para-mejorar-tu-capacidad-de-hablar-en-publico\/#primaryimage"},"image":{"@id":"https:\/\/arbrebalear.es\/es\/cursos\/curso-para-mejorar-tu-capacidad-de-hablar-en-publico\/#primaryimage"},"thumbnailUrl":"https:\/\/arbrebalear.es\/wp-content\/uploads\/2025\/03\/Mejora-capacidad-habla_03.jpg","datePublished":"2025-03-25T17:09:22+00:00","dateModified":"2025-03-25T17:09:51+00:00","breadcrumb":{"@id":"https:\/\/arbrebalear.es\/es\/cursos\/curso-para-mejorar-tu-capacidad-de-hablar-en-publico\/#breadcrumb"},"inLanguage":"es","potentialAction":[{"@type":"ReadAction","target":["https:\/\/arbrebalear.es\/es\/cursos\/curso-para-mejorar-tu-capacidad-de-hablar-en-publico\/"]}]},{"@type":"ImageObject","inLanguage":"es","@id":"https:\/\/arbrebalear.es\/es\/cursos\/curso-para-mejorar-tu-capacidad-de-hablar-en-publico\/#primaryimage","url":"https:\/\/arbrebalear.es\/wp-content\/uploads\/2025\/03\/Mejora-capacidad-habla_03.jpg","contentUrl":"https:\/\/arbrebalear.es\/wp-content\/uploads\/2025\/03\/Mejora-capacidad-habla_03.jpg","width":1080,"height":1350},{"@type":"BreadcrumbList","@id":"https:\/\/arbrebalear.es\/es\/cursos\/curso-para-mejorar-tu-capacidad-de-hablar-en-publico\/#breadcrumb","itemListElement":[{"@type":"ListItem","position":1,"name":"Portada","item":"https:\/\/arbrebalear.es\/es\/"},{"@type":"ListItem","position":2,"name":"Tienda","item":"https:\/\/arbrebalear.es\/es\/tienda\/"},{"@type":"ListItem","position":3,"name":"CURSO PARA MEJORAR TU CAPACIDAD DE HABLAR EN P\u00daBLICO"}]},{"@type":"WebSite","@id":"https:\/\/arbrebalear.es\/es\/#website","url":"https:\/\/arbrebalear.es\/es\/","name":"ABA","description":"L\u2019Associaci\u00f3 Balear de l\u2019Arbre (ABA) \u00e9s una entitat sense \u00e0nim de lucre creada l\u2019any 2009 per un grup de professionals de l\u2019arboricultura units per una mateixa preocupaci\u00f3: la p\u00e8rdua i degradaci\u00f3 del patrimoni arbori de les Illes Balears.","publisher":{"@id":"https:\/\/arbrebalear.es\/es\/#organization"},"potentialAction":[{"@type":"SearchAction","target":{"@type":"EntryPoint","urlTemplate":"https:\/\/arbrebalear.es\/es\/?s={search_term_string}"},"query-input":{"@type":"PropertyValueSpecification","valueRequired":true,"valueName":"search_term_string"}}],"inLanguage":"es"},{"@type":"Organization","@id":"https:\/\/arbrebalear.es\/es\/#organization","name":"ABA","url":"https:\/\/arbrebalear.es\/es\/","logo":{"@type":"ImageObject","inLanguage":"es","@id":"https:\/\/arbrebalear.es\/es\/#\/schema\/logo\/image\/","url":"https:\/\/arbrebalear.es\/wp-content\/uploads\/2025\/05\/cropped-aba-logo.webp","contentUrl":"https:\/\/arbrebalear.es\/wp-content\/uploads\/2025\/05\/cropped-aba-logo.webp","width":215,"height":162,"caption":"ABA"},"image":{"@id":"https:\/\/arbrebalear.es\/es\/#\/schema\/logo\/image\/"}}]}},"_links":{"self":[{"href":"https:\/\/arbrebalear.es\/es\/wp-json\/wp\/v2\/product\/80","targetHints":{"allow":["GET"]}}],"collection":[{"href":"https:\/\/arbrebalear.es\/es\/wp-json\/wp\/v2\/product"}],"about":[{"href":"https:\/\/arbrebalear.es\/es\/wp-json\/wp\/v2\/types\/product"}],"wp:featuredmedia":[{"embeddable":true,"href":"https:\/\/arbrebalear.es\/es\/wp-json\/wp\/v2\/media\/102"}],"wp:attachment":[{"href":"https:\/\/arbrebalear.es\/es\/wp-json\/wp\/v2\/media?parent=80"}],"wp:term":[{"taxonomy":"product_brand","embeddable":true,"href":"https:\/\/arbrebalear.es\/es\/wp-json\/wp\/v2\/product_brand?post=80"},{"taxonomy":"product_cat","embeddable":true,"href":"https:\/\/arbrebalear.es\/es\/wp-json\/wp\/v2\/product_cat?post=80"},{"taxonomy":"product_tag","embeddable":true,"href":"https:\/\/arbrebalear.es\/es\/wp-json\/wp\/v2\/product_tag?post=80"}],"curies":[{"name":"wp","href":"https:\/\/api.w.org\/{rel}","templated":true}]}}