{"id":83,"date":"2025-03-25T18:09:23","date_gmt":"2025-03-25T17:09:23","guid":{"rendered":"https:\/\/arbrebalear.es\/?post_type=product&#038;p=83"},"modified":"2025-03-25T18:09:44","modified_gmt":"2025-03-25T17:09:44","slug":"visita-son-mut-nou-amb-nosaltres","status":"publish","type":"product","link":"https:\/\/arbrebalear.es\/es\/cursos\/visita-son-mut-nou-amb-nosaltres\/","title":{"rendered":"Visita Son Mut Nou amb nosaltres"},"content":{"rendered":"<p>\u00bfTe vienes con nosotros a visitar Son Mut Nou? La finca de experimentaci\u00f3n con higueras m\u00e1s grande del mundo?<br \/>\nEn Llucmajor, la visita ser\u00e1 el d\u00eda 9\/9\/23, tendremos visita guiada y degustaci\u00f3n de los higos m\u00e1s ricos que jam\u00e1s probar\u00e1s! Au! Vine amb noltros!<\/p>\n<p>Vens amb nosaltres a visitar Son Mut Nou? La finca m\u00e9s gran del m\u00f3n amb varietats de figueres internacionals i aut\u00f2ctones.<br \/>\nUbicada a Llucmajor, la visita ser\u00e0 el 9\/9\/23, amb visita guiada i degustaci\u00f3 de figues.<br \/>\nUna experi\u00e8ncia\u00a0\u00fanica!<br \/>\nVine!<\/p>\n<p>Preu: 10\u20ac<\/p>\n<p>Per arribar a la finca: <a href=\"https:\/\/goo.gl\/maps\/koseGFnXr16QGHCr5\">https:\/\/goo.gl\/maps\/koseGFnXr16QGHCr5<\/a><\/p>\n","protected":false},"excerpt":{"rendered":"<p>\u00bfTe vienes con nosotros a visitar Son Mut Nou? La finca de experimentaci\u00f3n con higueras m\u00e1s grande del mundo? En Llucmajor, la visita ser\u00e1 el d\u00eda 9\/9\/23, tendremos visita guiada y degustaci\u00f3n de los higos m\u00e1s ricos que jam\u00e1s probar\u00e1s! Au! Vine amb noltros! Vens amb nosaltres a visitar Son Mut Nou? La finca m\u00e9s [&hellip;]<\/p>\n","protected":false},"featured_media":103,"template":"","meta":[],"product_brand":[],"product_cat":[17],"product_tag":[],"class_list":{"0":"post-83","1":"product","2":"type-product","3":"status-publish","4":"has-post-thumbnail","6":"product_cat-cursos","8":"first","9":"outofstock","10":"virtual","11":"sold-individually","12":"product-type-simple"},"yoast_head":"<!-- This site is optimized with the Yoast SEO plugin v27.0 - https:\/\/yoast.com\/product\/yoast-seo-wordpress\/ -->\n<title>Visita Son Mut Nou amb nosaltres - Associaci\u00f3 Balear de l\u2019Arbre (ABA)<\/title>\n<meta name=\"robots\" content=\"index, follow, max-snippet:-1, max-image-preview:large, max-video-preview:-1\" \/>\n<link rel=\"canonical\" href=\"https:\/\/arbrebalear.es\/es\/cursos\/visita-son-mut-nou-amb-nosaltres\/\" \/>\n<meta property=\"og:locale\" content=\"es_ES\" \/>\n<meta property=\"og:type\" content=\"article\" \/>\n<meta property=\"og:title\" content=\"Visita Son Mut Nou amb nosaltres - Associaci\u00f3 Balear de l\u2019Arbre (ABA)\" \/>\n<meta property=\"og:description\" content=\"\u00bfTe vienes con nosotros a visitar Son Mut Nou? La finca de experimentaci\u00f3n con higueras m\u00e1s grande del mundo? En Llucmajor, la visita ser\u00e1 el d\u00eda 9\/9\/23, tendremos visita guiada y degustaci\u00f3n de los higos m\u00e1s ricos que jam\u00e1s probar\u00e1s! Au! Vine amb noltros! Vens amb nosaltres a visitar Son Mut Nou? La finca m\u00e9s [&hellip;]\" \/>\n<meta property=\"og:url\" content=\"https:\/\/arbrebalear.es\/es\/cursos\/visita-son-mut-nou-amb-nosaltres\/\" \/>\n<meta property=\"og:site_name\" content=\"Associaci\u00f3 Balear de l\u2019Arbre (ABA)\" \/>\n<meta property=\"article:modified_time\" content=\"2025-03-25T17:09:44+00:00\" \/>\n<meta property=\"og:image\" content=\"https:\/\/arbrebalear.es\/wp-content\/uploads\/2025\/03\/visita_son_mut_nou_2023.jpeg\" \/>\n\t<meta property=\"og:image:width\" content=\"1135\" \/>\n\t<meta property=\"og:image:height\" content=\"1600\" \/>\n\t<meta property=\"og:image:type\" content=\"image\/jpeg\" \/>\n<meta name=\"twitter:card\" content=\"summary_large_image\" \/>\n<meta name=\"twitter:label1\" content=\"Tiempo de lectura\" \/>\n\t<meta name=\"twitter:data1\" content=\"1 minuto\" \/>\n<script type=\"application\/ld+json\" class=\"yoast-schema-graph\">{\"@context\":\"https:\/\/schema.org\",\"@graph\":[{\"@type\":\"WebPage\",\"@id\":\"https:\/\/arbrebalear.es\/es\/cursos\/visita-son-mut-nou-amb-nosaltres\/\",\"url\":\"https:\/\/arbrebalear.es\/es\/cursos\/visita-son-mut-nou-amb-nosaltres\/\",\"name\":\"Visita Son Mut Nou amb nosaltres - Associaci\u00f3 Balear de l\u2019Arbre (ABA)\",\"isPartOf\":{\"@id\":\"https:\/\/arbrebalear.es\/es\/#website\"},\"primaryImageOfPage\":{\"@id\":\"https:\/\/arbrebalear.es\/es\/cursos\/visita-son-mut-nou-amb-nosaltres\/#primaryimage\"},\"image\":{\"@id\":\"https:\/\/arbrebalear.es\/es\/cursos\/visita-son-mut-nou-amb-nosaltres\/#primaryimage\"},\"thumbnailUrl\":\"https:\/\/arbrebalear.es\/wp-content\/uploads\/2025\/03\/visita_son_mut_nou_2023.jpeg\",\"datePublished\":\"2025-03-25T17:09:23+00:00\",\"dateModified\":\"2025-03-25T17:09:44+00:00\",\"breadcrumb\":{\"@id\":\"https:\/\/arbrebalear.es\/es\/cursos\/visita-son-mut-nou-amb-nosaltres\/#breadcrumb\"},\"inLanguage\":\"es\",\"potentialAction\":[{\"@type\":\"ReadAction\",\"target\":[\"https:\/\/arbrebalear.es\/es\/cursos\/visita-son-mut-nou-amb-nosaltres\/\"]}]},{\"@type\":\"ImageObject\",\"inLanguage\":\"es\",\"@id\":\"https:\/\/arbrebalear.es\/es\/cursos\/visita-son-mut-nou-amb-nosaltres\/#primaryimage\",\"url\":\"https:\/\/arbrebalear.es\/wp-content\/uploads\/2025\/03\/visita_son_mut_nou_2023.jpeg\",\"contentUrl\":\"https:\/\/arbrebalear.es\/wp-content\/uploads\/2025\/03\/visita_son_mut_nou_2023.jpeg\",\"width\":1135,\"height\":1600},{\"@type\":\"BreadcrumbList\",\"@id\":\"https:\/\/arbrebalear.es\/es\/cursos\/visita-son-mut-nou-amb-nosaltres\/#breadcrumb\",\"itemListElement\":[{\"@type\":\"ListItem\",\"position\":1,\"name\":\"Portada\",\"item\":\"https:\/\/arbrebalear.es\/es\/\"},{\"@type\":\"ListItem\",\"position\":2,\"name\":\"Tienda\",\"item\":\"https:\/\/arbrebalear.es\/es\/tienda\/\"},{\"@type\":\"ListItem\",\"position\":3,\"name\":\"Visita Son Mut Nou amb nosaltres\"}]},{\"@type\":\"WebSite\",\"@id\":\"https:\/\/arbrebalear.es\/es\/#website\",\"url\":\"https:\/\/arbrebalear.es\/es\/\",\"name\":\"ABA\",\"description\":\"L\u2019Associaci\u00f3 Balear de l\u2019Arbre (ABA) \u00e9s una entitat sense \u00e0nim de lucre creada l\u2019any 2009 per un grup de professionals de l\u2019arboricultura units per una mateixa preocupaci\u00f3: la p\u00e8rdua i degradaci\u00f3 del patrimoni arbori de les Illes Balears.\",\"publisher\":{\"@id\":\"https:\/\/arbrebalear.es\/es\/#organization\"},\"potentialAction\":[{\"@type\":\"SearchAction\",\"target\":{\"@type\":\"EntryPoint\",\"urlTemplate\":\"https:\/\/arbrebalear.es\/es\/?s={search_term_string}\"},\"query-input\":{\"@type\":\"PropertyValueSpecification\",\"valueRequired\":true,\"valueName\":\"search_term_string\"}}],\"inLanguage\":\"es\"},{\"@type\":\"Organization\",\"@id\":\"https:\/\/arbrebalear.es\/es\/#organization\",\"name\":\"ABA\",\"url\":\"https:\/\/arbrebalear.es\/es\/\",\"logo\":{\"@type\":\"ImageObject\",\"inLanguage\":\"es\",\"@id\":\"https:\/\/arbrebalear.es\/es\/#\/schema\/logo\/image\/\",\"url\":\"https:\/\/arbrebalear.es\/wp-content\/uploads\/2025\/05\/cropped-aba-logo.webp\",\"contentUrl\":\"https:\/\/arbrebalear.es\/wp-content\/uploads\/2025\/05\/cropped-aba-logo.webp\",\"width\":215,\"height\":162,\"caption\":\"ABA\"},\"image\":{\"@id\":\"https:\/\/arbrebalear.es\/es\/#\/schema\/logo\/image\/\"}}]}<\/script>\n<!-- \/ Yoast SEO plugin. -->","yoast_head_json":{"title":"Visita Son Mut Nou amb nosaltres - Associaci\u00f3 Balear de l\u2019Arbre (ABA)","robots":{"index":"index","follow":"follow","max-snippet":"max-snippet:-1","max-image-preview":"max-image-preview:large","max-video-preview":"max-video-preview:-1"},"canonical":"https:\/\/arbrebalear.es\/es\/cursos\/visita-son-mut-nou-amb-nosaltres\/","og_locale":"es_ES","og_type":"article","og_title":"Visita Son Mut Nou amb nosaltres - Associaci\u00f3 Balear de l\u2019Arbre (ABA)","og_description":"\u00bfTe vienes con nosotros a visitar Son Mut Nou? La finca de experimentaci\u00f3n con higueras m\u00e1s grande del mundo? En Llucmajor, la visita ser\u00e1 el d\u00eda 9\/9\/23, tendremos visita guiada y degustaci\u00f3n de los higos m\u00e1s ricos que jam\u00e1s probar\u00e1s! Au! Vine amb noltros! Vens amb nosaltres a visitar Son Mut Nou? La finca m\u00e9s [&hellip;]","og_url":"https:\/\/arbrebalear.es\/es\/cursos\/visita-son-mut-nou-amb-nosaltres\/","og_site_name":"Associaci\u00f3 Balear de l\u2019Arbre (ABA)","article_modified_time":"2025-03-25T17:09:44+00:00","og_image":[{"width":1135,"height":1600,"url":"https:\/\/arbrebalear.es\/wp-content\/uploads\/2025\/03\/visita_son_mut_nou_2023.jpeg","type":"image\/jpeg"}],"twitter_card":"summary_large_image","twitter_misc":{"Tiempo de lectura":"1 minuto"},"schema":{"@context":"https:\/\/schema.org","@graph":[{"@type":"WebPage","@id":"https:\/\/arbrebalear.es\/es\/cursos\/visita-son-mut-nou-amb-nosaltres\/","url":"https:\/\/arbrebalear.es\/es\/cursos\/visita-son-mut-nou-amb-nosaltres\/","name":"Visita Son Mut Nou amb nosaltres - Associaci\u00f3 Balear de l\u2019Arbre (ABA)","isPartOf":{"@id":"https:\/\/arbrebalear.es\/es\/#website"},"primaryImageOfPage":{"@id":"https:\/\/arbrebalear.es\/es\/cursos\/visita-son-mut-nou-amb-nosaltres\/#primaryimage"},"image":{"@id":"https:\/\/arbrebalear.es\/es\/cursos\/visita-son-mut-nou-amb-nosaltres\/#primaryimage"},"thumbnailUrl":"https:\/\/arbrebalear.es\/wp-content\/uploads\/2025\/03\/visita_son_mut_nou_2023.jpeg","datePublished":"2025-03-25T17:09:23+00:00","dateModified":"2025-03-25T17:09:44+00:00","breadcrumb":{"@id":"https:\/\/arbrebalear.es\/es\/cursos\/visita-son-mut-nou-amb-nosaltres\/#breadcrumb"},"inLanguage":"es","potentialAction":[{"@type":"ReadAction","target":["https:\/\/arbrebalear.es\/es\/cursos\/visita-son-mut-nou-amb-nosaltres\/"]}]},{"@type":"ImageObject","inLanguage":"es","@id":"https:\/\/arbrebalear.es\/es\/cursos\/visita-son-mut-nou-amb-nosaltres\/#primaryimage","url":"https:\/\/arbrebalear.es\/wp-content\/uploads\/2025\/03\/visita_son_mut_nou_2023.jpeg","contentUrl":"https:\/\/arbrebalear.es\/wp-content\/uploads\/2025\/03\/visita_son_mut_nou_2023.jpeg","width":1135,"height":1600},{"@type":"BreadcrumbList","@id":"https:\/\/arbrebalear.es\/es\/cursos\/visita-son-mut-nou-amb-nosaltres\/#breadcrumb","itemListElement":[{"@type":"ListItem","position":1,"name":"Portada","item":"https:\/\/arbrebalear.es\/es\/"},{"@type":"ListItem","position":2,"name":"Tienda","item":"https:\/\/arbrebalear.es\/es\/tienda\/"},{"@type":"ListItem","position":3,"name":"Visita Son Mut Nou amb nosaltres"}]},{"@type":"WebSite","@id":"https:\/\/arbrebalear.es\/es\/#website","url":"https:\/\/arbrebalear.es\/es\/","name":"ABA","description":"L\u2019Associaci\u00f3 Balear de l\u2019Arbre (ABA) \u00e9s una entitat sense \u00e0nim de lucre creada l\u2019any 2009 per un grup de professionals de l\u2019arboricultura units per una mateixa preocupaci\u00f3: la p\u00e8rdua i degradaci\u00f3 del patrimoni arbori de les Illes Balears.","publisher":{"@id":"https:\/\/arbrebalear.es\/es\/#organization"},"potentialAction":[{"@type":"SearchAction","target":{"@type":"EntryPoint","urlTemplate":"https:\/\/arbrebalear.es\/es\/?s={search_term_string}"},"query-input":{"@type":"PropertyValueSpecification","valueRequired":true,"valueName":"search_term_string"}}],"inLanguage":"es"},{"@type":"Organization","@id":"https:\/\/arbrebalear.es\/es\/#organization","name":"ABA","url":"https:\/\/arbrebalear.es\/es\/","logo":{"@type":"ImageObject","inLanguage":"es","@id":"https:\/\/arbrebalear.es\/es\/#\/schema\/logo\/image\/","url":"https:\/\/arbrebalear.es\/wp-content\/uploads\/2025\/05\/cropped-aba-logo.webp","contentUrl":"https:\/\/arbrebalear.es\/wp-content\/uploads\/2025\/05\/cropped-aba-logo.webp","width":215,"height":162,"caption":"ABA"},"image":{"@id":"https:\/\/arbrebalear.es\/es\/#\/schema\/logo\/image\/"}}]}},"_links":{"self":[{"href":"https:\/\/arbrebalear.es\/es\/wp-json\/wp\/v2\/product\/83","targetHints":{"allow":["GET"]}}],"collection":[{"href":"https:\/\/arbrebalear.es\/es\/wp-json\/wp\/v2\/product"}],"about":[{"href":"https:\/\/arbrebalear.es\/es\/wp-json\/wp\/v2\/types\/product"}],"wp:featuredmedia":[{"embeddable":true,"href":"https:\/\/arbrebalear.es\/es\/wp-json\/wp\/v2\/media\/103"}],"wp:attachment":[{"href":"https:\/\/arbrebalear.es\/es\/wp-json\/wp\/v2\/media?parent=83"}],"wp:term":[{"taxonomy":"product_brand","embeddable":true,"href":"https:\/\/arbrebalear.es\/es\/wp-json\/wp\/v2\/product_brand?post=83"},{"taxonomy":"product_cat","embeddable":true,"href":"https:\/\/arbrebalear.es\/es\/wp-json\/wp\/v2\/product_cat?post=83"},{"taxonomy":"product_tag","embeddable":true,"href":"https:\/\/arbrebalear.es\/es\/wp-json\/wp\/v2\/product_tag?post=83"}],"curies":[{"name":"wp","href":"https:\/\/api.w.org\/{rel}","templated":true}]}}